{"id":44208,"date":"2022-09-27T11:30:43","date_gmt":"2022-09-27T11:30:43","guid":{"rendered":"https:\/\/www.carantaniatattoo.com\/?page_id=44208"},"modified":"2022-11-10T08:25:16","modified_gmt":"2022-11-10T08:25:16","slug":"novice","status":"publish","type":"page","link":"https:\/\/www.carantaniatattoo.com\/de\/nachricht\/","title":{"rendered":"NACHRICHT"},"content":{"rendered":"<div data-elementor-type=\"wp-page\" data-elementor-id=\"44208\" class=\"elementor elementor-44208\" data-elementor-post-type=\"page\">\n\t\t\t\t\t\t<section class=\"elementor-section elementor-top-section elementor-element elementor-element-1a09fdb elementor-section-boxed elementor-section-height-default elementor-section-height-default\" data-id=\"1a09fdb\" data-element_type=\"section\" data-settings=\"{&quot;jet_parallax_layout_list&quot;:[]}\">\n\t\t\t\t\t\t<div class=\"elementor-container elementor-column-gap-default\">\n\t\t\t\t\t<div class=\"elementor-column elementor-col-100 elementor-top-column elementor-element elementor-element-a070b5c\" data-id=\"a070b5c\" data-element_type=\"column\">\n\t\t\t<div class=\"elementor-widget-wrap elementor-element-populated\">\n\t\t\t\t\t\t<div class=\"elementor-element elementor-element-e3b46b7 elementor-widget elementor-widget-text-editor\" data-id=\"e3b46b7\" data-element_type=\"widget\" data-widget_type=\"text-editor.default\">\n\t\t\t\t<div class=\"elementor-widget-container\">\n\t\t\t\t\t\t\t\t\t<h1><strong>REACH-VERORDNUNG<\/strong><\/h1>\n<p>Aus <strong>4. Januar 2022<\/strong>&nbsp;Die Verordnung ist in Kraft<strong> REACH \u2013 Verwendung von T\u00e4towierfarben\/-mischungen.<\/strong> Das neue Gesetz schr\u00e4nkt unter anderem die Verwendung bestimmter Pigmente und Konservierungsstoffe in T\u00e4towierfarbe ein. Einer der verbotenen Stoffe ist Isopropanol. Tinten, die diesen Bestandteil enthalten, d\u00fcrfen ab dem 4. Januar 2022 nicht mehr verwendet werden.&nbsp;<\/p>\n<p>Die Pigmente \u201eBlau 15:3\u201c und \u201eGr\u00fcn 7\u201c haben eine \u00dcbergangszeit, n\u00e4mlich bis <strong>Januar 2023<\/strong>.&nbsp;<\/p>\n<p><\/p>\n<p><strong>F\u00dcR IHR WISSEN<\/strong><\/p>\n<p>Die genannten Pigmente (Blau 15:3 und Gr\u00fcn 7) werden auch in neuen Tattoo-Compounds (neue Herstellerkollektionen) verwendet und sind ab Januar 2023 ebenfalls verboten.&nbsp;<strong><span style=\"font-family: 'Open Sans', sans-serif; font-size: 15px; font-style: normal; font-variant-ligatures: normal; font-variant-caps: normal; letter-spacing: 0.6px; color: var( --e-global-color-text ); background-color: rgba(242, 242, 242, 0); text-transform: var( --e-global-typography-703b45f-text-transform ); word-spacing: var( --e-global-typography-703b45f-word-spacing );\">Neue Tinten werden noch entwickelt und werden bestehende ersetzen&nbsp;<\/span><\/strong><span style=\"font-family: 'Open Sans', sans-serif; font-size: 15px; font-style: normal; font-variant-ligatures: normal; font-variant-caps: normal; letter-spacing: 0.6px; color: var( --e-global-color-text ); background-color: rgba(242, 242, 242, 0); text-transform: var( --e-global-typography-703b45f-text-transform ); word-spacing: var( --e-global-typography-703b45f-word-spacing );\">(auch solche in neuen Serien, ab Januar 2022).&nbsp;<\/span><\/p>\t\t\t\t\t\t\t\t<\/div>\n\t\t\t\t<\/div>\n\t\t\t\t\t<\/div>\n\t\t<\/div>\n\t\t\t\t\t<\/div>\n\t\t<\/section>\n\t\t\t\t<\/div>","protected":false},"excerpt":{"rendered":"<p>REACH UREDBA Od 4. januarja 2022&nbsp;je v veljavi uredba REACH &#8211; uporaba tattoo barv\/zmesi. Novi zakon, med drugim, omejuje uporabo nekaterih pigmentov in konzervansov v \u010drnilu za tetoviranje. Ena od prepovedanih snovi je izopropanol. \u010crnila, ki vsebujejo to komponento, ne smete ve\u010d uporabljati od 4. januarja 2022 dalje.&nbsp; Pigmenta &#8220;Modra 15:3&#8221; in &#8220;Zelena 7&#8221; imata [&hellip;]<\/p>","protected":false},"author":12,"featured_media":0,"parent":0,"menu_order":0,"comment_status":"closed","ping_status":"closed","template":"","meta":{"_seopress_robots_primary_cat":"","_seopress_titles_title":"NOVICE | Carantania Tattoo","_seopress_titles_desc":"","_seopress_robots_index":"","footnotes":""},"class_list":["post-44208","page","type-page","status-publish","hentry","entry"],"_links":{"self":[{"href":"https:\/\/www.carantaniatattoo.com\/de\/wp-json\/wp\/v2\/pages\/44208","targetHints":{"allow":["GET"]}}],"collection":[{"href":"https:\/\/www.carantaniatattoo.com\/de\/wp-json\/wp\/v2\/pages"}],"about":[{"href":"https:\/\/www.carantaniatattoo.com\/de\/wp-json\/wp\/v2\/types\/page"}],"author":[{"embeddable":true,"href":"https:\/\/www.carantaniatattoo.com\/de\/wp-json\/wp\/v2\/users\/12"}],"replies":[{"embeddable":true,"href":"https:\/\/www.carantaniatattoo.com\/de\/wp-json\/wp\/v2\/comments?post=44208"}],"version-history":[{"count":0,"href":"https:\/\/www.carantaniatattoo.com\/de\/wp-json\/wp\/v2\/pages\/44208\/revisions"}],"wp:attachment":[{"href":"https:\/\/www.carantaniatattoo.com\/de\/wp-json\/wp\/v2\/media?parent=44208"}],"curies":[{"name":"wp","href":"https:\/\/api.w.org\/{rel}","templated":true}]}}