{"id":25556,"date":"2014-05-28T10:02:30","date_gmt":"2014-05-28T10:02:30","guid":{"rendered":"https:\/\/www.ivh6.si\/Ponudbe\/tattoo\/izdelek\/critical-napajalnik-z-wireless-stopalko\/"},"modified":"2025-07-08T10:06:58","modified_gmt":"2025-07-08T10:06:58","slug":"critical-napajalnik-z-wireless-stopalko","status":"publish","type":"product","link":"https:\/\/www.carantaniatattoo.com\/de\/trgovina\/napajalniki-stopalke-in-kabli\/napajalniki-za-tattoo-strojcke\/kritische-stromversorgung-mit-kabellosem-pedal\/","title":{"rendered":"Kritische Stromversorgung mit kabellosem Fu\u00dfpedal"},"content":{"rendered":"<h3>CRITICAL-Netzteil mit kabellosem Pedal<\/h3>\n<p>CRITICAL-Netzteil mit Funkpedal - Funkpaket + Digitalstation<\/p>\n<p>Kritischer CX-2:<br \/>\n\u2013 digitale Steuerung zwischen 0-18 Volt<br \/>\n\u2013 2,3 Ampere mit \u00dcberlastschutz<br \/>\n\u2013 einstellbar um 0,1, 0,2 und 0,5 Volt<br \/>\n\u2013 Liner-\/Shader-Umschaltung mit Speicher f\u00fcr 2 oder 4 Maschinen<br \/>\n\u2013 Zeigt Volt, Ampere, Geschwindigkeit an<br \/>\n\u2013 Speichert Ihre Anpassungen<br \/>\n\u2013 Standardanschl\u00fcsse f\u00fcr Clipcords und Pedale<br \/>\n\u2013 Netzkabel und Montagest\u00e4nder im Lieferumfang enthalten<\/p>\n<p>Kritisches \u201eFunkpedal\u201c:<br \/>\n\u2013 Kurze Reaktionszeit<br \/>\n\u2013 Einfacher Batteriewechsel; Selbst bei mehreren Stunden t\u00e4glicher Nutzung h\u00e4lt der Akku ein ganzes Jahr<br \/>\n\u2013 Einfache Installation<br \/>\n\u2013 Kann auch mit normalen Clipcords verwendet werden<\/p>\n<p>Hergestellt in den USA. Garantie 1 Jahr.<br \/>\nAUF BESTELLUNG<\/p>","protected":false},"excerpt":{"rendered":"<h3>CRITICAL-Netzteil mit kabellosem Pedal<\/h3>\n<p><strong>BESTELLBAR!<\/strong><\/p>\n<p>Critical CX-2<br \/>\nBrez\u017ei\u010dni paket + digitalna postaja<br \/>\nStandardni priklju\u010dki za clipcorde in stopalke<br \/>\nPrilo\u017een napajalni kabel in stojalo za pritrditev<br \/>\nIzdelano v ZDA<\/p>","protected":false},"featured_media":35649,"template":"","meta":{"_seopress_robots_primary_cat":"none","_seopress_titles_title":"CRITICAL NAPAJALNIK z brez\u017ei\u010dno stopalko","_seopress_titles_desc":"CRITICAL napajalnik z wireless stopalko - Brez\u017ei\u010dni paket + digitalna postaja. Prikazuje volte, ampere in hitrost. Shranjuje va\u0161e prilagoditve.","_seopress_robots_index":""},"product_brand":[],"product_cat":[217,208],"product_tag":[],"class_list":{"0":"post-25556","1":"product","2":"type-product","3":"status-publish","4":"has-post-thumbnail","6":"product_cat-napajalniki-za-tattoo-strojcke","7":"product_cat-napajalniki-stopalke-in-kabli","8":"entry","9":"has-media","11":"first","12":"instock","13":"sale","14":"taxable","15":"shipping-taxable","16":"purchasable","17":"product-type-simple"},"_links":{"self":[{"href":"https:\/\/www.carantaniatattoo.com\/de\/wp-json\/wp\/v2\/product\/25556","targetHints":{"allow":["GET"]}}],"collection":[{"href":"https:\/\/www.carantaniatattoo.com\/de\/wp-json\/wp\/v2\/product"}],"about":[{"href":"https:\/\/www.carantaniatattoo.com\/de\/wp-json\/wp\/v2\/types\/product"}],"version-history":[{"count":0,"href":"https:\/\/www.carantaniatattoo.com\/de\/wp-json\/wp\/v2\/product\/25556\/revisions"}],"wp:featuredmedia":[{"embeddable":true,"href":"https:\/\/www.carantaniatattoo.com\/de\/wp-json\/wp\/v2\/media\/35649"}],"wp:attachment":[{"href":"https:\/\/www.carantaniatattoo.com\/de\/wp-json\/wp\/v2\/media?parent=25556"}],"wp:term":[{"taxonomy":"product_brand","embeddable":true,"href":"https:\/\/www.carantaniatattoo.com\/de\/wp-json\/wp\/v2\/product_brand?post=25556"},{"taxonomy":"product_cat","embeddable":true,"href":"https:\/\/www.carantaniatattoo.com\/de\/wp-json\/wp\/v2\/product_cat?post=25556"},{"taxonomy":"product_tag","embeddable":true,"href":"https:\/\/www.carantaniatattoo.com\/de\/wp-json\/wp\/v2\/product_tag?post=25556"}],"curies":[{"name":"wp","href":"https:\/\/api.w.org\/{rel}","templated":true}]}}