{"id":25594,"date":"2016-10-19T17:06:38","date_gmt":"2016-10-19T17:06:38","guid":{"rendered":"https:\/\/www.ivh6.si\/Ponudbe\/tattoo\/izdelek\/special-shading-salution-12-oz\/"},"modified":"2024-11-27T11:16:50","modified_gmt":"2024-11-27T11:16:50","slug":"special-shading-salution-12-oz","status":"publish","type":"product","link":"https:\/\/www.carantaniatattoo.com\/de\/trgovina\/tattoo-barve\/intenze-ink\/intenze-ink-ostali-program\/spezielle-schattierungslosung-12-oz\/","title":{"rendered":"Intenze Spezialschattierungsl\u00f6sung 12 oz"},"content":{"rendered":"<p>Carantania Tattoo ist der erste slowenische Online-Shop, in dem Sie alles zum T\u00e4towieren finden. T\u00e4towierausr\u00fcstung der Spitzenmarke Cheyenne, T\u00e4towierfarben, T\u00e4towiernadeln, T\u00e4towiermaschinen, T\u00e4towiergriffe, s\u00e4mtliches T\u00e4towierzubeh\u00f6r, Netzteile und Kabel, Pedale, Reinigungssysteme, GHOST-T\u00e4towiermodule, Panthera Ink-T\u00e4towierfarben, weltber\u00fchmte T\u00e4towierfarben, Eternal-T\u00e4towierungsfarben und Intenze Ink Tattoofarben.<br \/>\nGerne beantworten wir alle Ihre Fragen per E-Mail, Facebook-Seite oder telefonisch unter 041 81 81 80.<\/p>\n<p>&nbsp;<\/p>","protected":false},"excerpt":{"rendered":"<p>Intenze Spezialschattierungsl\u00f6sung 12 oz<\/p>","protected":false},"featured_media":25217,"template":"","meta":{"_seopress_robots_primary_cat":"none","_seopress_titles_title":"","_seopress_titles_desc":"","_seopress_robots_index":""},"product_brand":[],"product_cat":[215,232,198],"product_tag":[],"class_list":{"0":"post-25594","1":"product","2":"type-product","3":"status-publish","4":"has-post-thumbnail","6":"product_cat-intenze-ink","7":"product_cat-intenze-ink-ostali-program","8":"product_cat-tattoo-barve","9":"entry","10":"has-media","12":"first","13":"outofstock","14":"sale","15":"taxable","16":"shipping-taxable","17":"purchasable","18":"product-type-simple"},"_links":{"self":[{"href":"https:\/\/www.carantaniatattoo.com\/de\/wp-json\/wp\/v2\/product\/25594","targetHints":{"allow":["GET"]}}],"collection":[{"href":"https:\/\/www.carantaniatattoo.com\/de\/wp-json\/wp\/v2\/product"}],"about":[{"href":"https:\/\/www.carantaniatattoo.com\/de\/wp-json\/wp\/v2\/types\/product"}],"version-history":[{"count":0,"href":"https:\/\/www.carantaniatattoo.com\/de\/wp-json\/wp\/v2\/product\/25594\/revisions"}],"wp:featuredmedia":[{"embeddable":true,"href":"https:\/\/www.carantaniatattoo.com\/de\/wp-json\/wp\/v2\/media\/25217"}],"wp:attachment":[{"href":"https:\/\/www.carantaniatattoo.com\/de\/wp-json\/wp\/v2\/media?parent=25594"}],"wp:term":[{"taxonomy":"product_brand","embeddable":true,"href":"https:\/\/www.carantaniatattoo.com\/de\/wp-json\/wp\/v2\/product_brand?post=25594"},{"taxonomy":"product_cat","embeddable":true,"href":"https:\/\/www.carantaniatattoo.com\/de\/wp-json\/wp\/v2\/product_cat?post=25594"},{"taxonomy":"product_tag","embeddable":true,"href":"https:\/\/www.carantaniatattoo.com\/de\/wp-json\/wp\/v2\/product_tag?post=25594"}],"curies":[{"name":"wp","href":"https:\/\/api.w.org\/{rel}","templated":true}]}}