{"id":25595,"date":"2016-10-19T17:06:38","date_gmt":"2016-10-19T17:06:38","guid":{"rendered":"https:\/\/www.ivh6.si\/Ponudbe\/tattoo\/izdelek\/color-mixing-salution-4oz\/"},"modified":"2025-09-08T07:48:16","modified_gmt":"2025-09-08T07:48:16","slug":"color-mixing-salution-4oz","status":"publish","type":"product","link":"https:\/\/www.carantaniatattoo.com\/de\/trgovina\/tattoo-barve-eu\/intenze-gen-z\/farbmischlosung-4-unzen-2\/","title":{"rendered":"Intenze Farbmischl\u00f6sung 4oz"},"content":{"rendered":"<p>Die Farbmischl\u00f6sung von Intenze wird zum Mischen und Verd\u00fcnnen von Farben verwendet.<\/p>\n<p>4 Unzen = 120 ml<\/p>\n<p>Carantania Tattoo ist der erste slowenische Online-Shop, in dem Sie alles zum T\u00e4towieren finden. T\u00e4towierausr\u00fcstung der Spitzenmarke Cheyenne, T\u00e4towierfarben, T\u00e4towiernadeln, T\u00e4towiermaschinen, T\u00e4towiergriffe, s\u00e4mtliches T\u00e4towierzubeh\u00f6r, Netzteile und Kabel, Pedale, Reinigungssysteme, GHOST-T\u00e4towiermodule, Panthera Ink-T\u00e4towierfarben, weltber\u00fchmte T\u00e4towierfarben, Eternal-T\u00e4towierungsfarben und Intenze Ink Tattoofarben.<br \/>\nGerne beantworten wir alle Ihre Fragen per E-Mail, Facebook-Seite oder telefonisch unter 041 81 81 80.<\/p>\n<p>&nbsp;<\/p>","protected":false},"excerpt":{"rendered":"<p>Intenze Farbmischl\u00f6sung 4oz<\/p>\n<p>Die Farbmischl\u00f6sung von Intenze wird zum Mischen und Verd\u00fcnnen von Farben verwendet.<\/p>","protected":false},"featured_media":47087,"template":"","meta":{"_seopress_robots_primary_cat":"none","_seopress_titles_title":"","_seopress_titles_desc":"","_seopress_robots_index":""},"product_brand":[],"product_cat":[504,215,232,198],"product_tag":[],"class_list":{"0":"post-25595","1":"product","2":"type-product","3":"status-publish","4":"has-post-thumbnail","6":"product_cat-intenze-gen-z","7":"product_cat-intenze-ink","8":"product_cat-intenze-ink-ostali-program","9":"product_cat-tattoo-barve","10":"entry","11":"has-media","13":"first","14":"outofstock","15":"sale","16":"taxable","17":"shipping-taxable","18":"purchasable","19":"product-type-simple"},"_links":{"self":[{"href":"https:\/\/www.carantaniatattoo.com\/de\/wp-json\/wp\/v2\/product\/25595","targetHints":{"allow":["GET"]}}],"collection":[{"href":"https:\/\/www.carantaniatattoo.com\/de\/wp-json\/wp\/v2\/product"}],"about":[{"href":"https:\/\/www.carantaniatattoo.com\/de\/wp-json\/wp\/v2\/types\/product"}],"version-history":[{"count":0,"href":"https:\/\/www.carantaniatattoo.com\/de\/wp-json\/wp\/v2\/product\/25595\/revisions"}],"wp:featuredmedia":[{"embeddable":true,"href":"https:\/\/www.carantaniatattoo.com\/de\/wp-json\/wp\/v2\/media\/47087"}],"wp:attachment":[{"href":"https:\/\/www.carantaniatattoo.com\/de\/wp-json\/wp\/v2\/media?parent=25595"}],"wp:term":[{"taxonomy":"product_brand","embeddable":true,"href":"https:\/\/www.carantaniatattoo.com\/de\/wp-json\/wp\/v2\/product_brand?post=25595"},{"taxonomy":"product_cat","embeddable":true,"href":"https:\/\/www.carantaniatattoo.com\/de\/wp-json\/wp\/v2\/product_cat?post=25595"},{"taxonomy":"product_tag","embeddable":true,"href":"https:\/\/www.carantaniatattoo.com\/de\/wp-json\/wp\/v2\/product_tag?post=25595"}],"curies":[{"name":"wp","href":"https:\/\/api.w.org\/{rel}","templated":true}]}}