{"id":25608,"date":"2014-05-27T11:17:39","date_gmt":"2014-05-27T11:17:39","guid":{"rendered":"https:\/\/www.ivh6.si\/Ponudbe\/tattoo\/izdelek\/modra-zascitna-prevleka-za-mizo-ali-stol\/"},"modified":"2023-03-16T10:50:54","modified_gmt":"2023-03-16T10:50:54","slug":"modra-zascitna-prevleka-za-mizo-ali-stol","status":"publish","type":"product","link":"https:\/\/www.carantaniatattoo.com\/de\/trgovina\/pripomocki-za-delo\/zascitne-vrecke-in-gripi\/blaue-schutzhulle-fur-einen-tisch-oder-stuhl\/","title":{"rendered":"BLAUER SCHUTZH\u00dcLLE f\u00fcr Tisch oder Stuhl"},"content":{"rendered":"<h4>Blaue Schutzh\u00fclle f\u00fcr einen Tisch oder Stuhl<\/h4>\n<p>Blaue Schutzh\u00fclle f\u00fcr den Tattoo-Tisch oder Stuhl.<br \/>\nHergestellt aus PVC-Material. Der Bezug ist f\u00fcr den einmaligen Gebrauch bestimmt.<br \/>\nFarbe: blau<br \/>\nIn der Packung sind 10 St\u00fcck enthalten.<\/p>\n<p>&nbsp;<\/p>\n<p>&nbsp;<\/p>","protected":false},"excerpt":{"rendered":"<h4>Blaue Schutzh\u00fclle f\u00fcr einen Tisch oder Stuhl<\/h4>\n<p>Za\u0161\u010dita za tattoo mizo oziroma stol.<br \/>\nHergestellt aus PVC-Material. Der Bezug ist f\u00fcr den einmaligen Gebrauch bestimmt.<br \/>\nFarbe: blau<br \/>\nIn der Packung sind 10 St\u00fcck enthalten.<\/p>","protected":false},"featured_media":35662,"template":"","meta":{"_seopress_robots_primary_cat":"none","_seopress_titles_title":"","_seopress_titles_desc":"","_seopress_robots_index":""},"product_brand":[],"product_cat":[209,221],"product_tag":[],"class_list":{"0":"post-25608","1":"product","2":"type-product","3":"status-publish","4":"has-post-thumbnail","6":"product_cat-pripomocki-za-delo","7":"product_cat-zascitne-vrecke-in-gripi","8":"entry","9":"has-media","11":"first","12":"instock","13":"sale","14":"taxable","15":"shipping-taxable","16":"purchasable","17":"product-type-simple"},"_links":{"self":[{"href":"https:\/\/www.carantaniatattoo.com\/de\/wp-json\/wp\/v2\/product\/25608","targetHints":{"allow":["GET"]}}],"collection":[{"href":"https:\/\/www.carantaniatattoo.com\/de\/wp-json\/wp\/v2\/product"}],"about":[{"href":"https:\/\/www.carantaniatattoo.com\/de\/wp-json\/wp\/v2\/types\/product"}],"version-history":[{"count":0,"href":"https:\/\/www.carantaniatattoo.com\/de\/wp-json\/wp\/v2\/product\/25608\/revisions"}],"wp:featuredmedia":[{"embeddable":true,"href":"https:\/\/www.carantaniatattoo.com\/de\/wp-json\/wp\/v2\/media\/35662"}],"wp:attachment":[{"href":"https:\/\/www.carantaniatattoo.com\/de\/wp-json\/wp\/v2\/media?parent=25608"}],"wp:term":[{"taxonomy":"product_brand","embeddable":true,"href":"https:\/\/www.carantaniatattoo.com\/de\/wp-json\/wp\/v2\/product_brand?post=25608"},{"taxonomy":"product_cat","embeddable":true,"href":"https:\/\/www.carantaniatattoo.com\/de\/wp-json\/wp\/v2\/product_cat?post=25608"},{"taxonomy":"product_tag","embeddable":true,"href":"https:\/\/www.carantaniatattoo.com\/de\/wp-json\/wp\/v2\/product_tag?post=25608"}],"curies":[{"name":"wp","href":"https:\/\/api.w.org\/{rel}","templated":true}]}}