{"id":25982,"date":"2017-02-24T12:23:16","date_gmt":"2017-02-24T12:23:16","guid":{"rendered":"https:\/\/www.ivh6.si\/Ponudbe\/tattoo\/izdelek\/cheyenne-hawk-grip\/"},"modified":"2025-08-26T08:50:44","modified_gmt":"2025-08-26T08:50:44","slug":"cheyenne-hawk-grip","status":"publish","type":"product","link":"https:\/\/www.carantaniatattoo.com\/de\/trgovina\/strojcki-za-tetoviranje\/cheyenne\/cheyenne-hawk-grippe\/","title":{"rendered":"CHEYENNE-HAWK-GRIPPE"},"content":{"rendered":"<p><strong>Cheyenne HAWK GRIP<\/strong> Geeignet f\u00fcr die T\u00e4towiermaschine Cheyenne Hawk Thunder, Cheyenne Hawk Spirit. Der Cheyenne HAWK GRIP ist in drei Gr\u00f6\u00dfen erh\u00e4ltlich;<\/p>\n<ul>\n<li style=\"list-style-type: none;\">\n<ul>\n<li>S: 22,0 mm\/0,87 Zoll<\/li>\n<li>M: 25,4 mm\/1,00 Zoll<\/li>\n<\/ul>\n<\/li>\n<\/ul>\n<p>Die Garantie betr\u00e4gt 24 Monate, bei Verwendung von Originalger\u00e4ten der Marke Cheyenne und Cheyenne-Tattoo-Patronen.<br \/>\nHergestellt in Deutschland<\/p>\n<p>&nbsp;<\/p>\n<p>&nbsp;<\/p>","protected":false},"excerpt":{"rendered":"<h4>Cheyenne HAWK GRIP<\/h4>\n<p>Das Paket enth\u00e4lt:<\/p>\n<ul>\n<li>S: 22,0 mm\/0,87 Zoll<\/li>\n<li>M: 25,4 mm\/1,00 Zoll<\/li>\n<\/ul>\n<p>Die Garantie betr\u00e4gt 24 Monate, bei Verwendung von Originalger\u00e4ten der Marke Cheyenne und Cheyenne-Tattoo-Patronen.<br \/>\nHergestellt in Deutschland.<\/p>","protected":false},"featured_media":35505,"template":"","meta":{"_seopress_robots_primary_cat":"none","_seopress_titles_title":"","_seopress_titles_desc":"","_seopress_robots_index":""},"product_brand":[],"product_cat":[194,264,202],"product_tag":[],"class_list":{"0":"post-25982","1":"product","2":"type-product","3":"status-publish","4":"has-post-thumbnail","6":"product_cat-akcija","7":"product_cat-cheyenne","8":"product_cat-strojcki-za-tetoviranje","9":"entry","10":"has-media","12":"first","13":"instock","14":"sale","15":"taxable","16":"shipping-taxable","17":"purchasable","18":"product-type-variable"},"_links":{"self":[{"href":"https:\/\/www.carantaniatattoo.com\/de\/wp-json\/wp\/v2\/product\/25982","targetHints":{"allow":["GET"]}}],"collection":[{"href":"https:\/\/www.carantaniatattoo.com\/de\/wp-json\/wp\/v2\/product"}],"about":[{"href":"https:\/\/www.carantaniatattoo.com\/de\/wp-json\/wp\/v2\/types\/product"}],"version-history":[{"count":0,"href":"https:\/\/www.carantaniatattoo.com\/de\/wp-json\/wp\/v2\/product\/25982\/revisions"}],"wp:featuredmedia":[{"embeddable":true,"href":"https:\/\/www.carantaniatattoo.com\/de\/wp-json\/wp\/v2\/media\/35505"}],"wp:attachment":[{"href":"https:\/\/www.carantaniatattoo.com\/de\/wp-json\/wp\/v2\/media?parent=25982"}],"wp:term":[{"taxonomy":"product_brand","embeddable":true,"href":"https:\/\/www.carantaniatattoo.com\/de\/wp-json\/wp\/v2\/product_brand?post=25982"},{"taxonomy":"product_cat","embeddable":true,"href":"https:\/\/www.carantaniatattoo.com\/de\/wp-json\/wp\/v2\/product_cat?post=25982"},{"taxonomy":"product_tag","embeddable":true,"href":"https:\/\/www.carantaniatattoo.com\/de\/wp-json\/wp\/v2\/product_tag?post=25982"}],"curies":[{"name":"wp","href":"https:\/\/api.w.org\/{rel}","templated":true}]}}