{"id":28425,"date":"2017-07-31T13:12:17","date_gmt":"2017-07-31T13:12:17","guid":{"rendered":"https:\/\/www.ivh6.si\/Ponudbe\/tattoo\/izdelek\/critical-atom-x-power-supply\/"},"modified":"2025-07-08T08:16:28","modified_gmt":"2025-07-08T08:16:28","slug":"critical-atom-x-power-supply","status":"publish","type":"product","link":"https:\/\/www.carantaniatattoo.com\/de\/trgovina\/napajalniki-stopalke-in-kabli\/napajalniki-za-tattoo-strojcke\/kritisches-atom-x-stromversorgung\/","title":{"rendered":"KRITISCHES ATOM X"},"content":{"rendered":"<h3><strong>KRITISCHES Atom X<\/strong><\/h3>\n<p>Technische Daten CRITICAL Atom X:<\/p>\n<p>Der neue ATOM X vereint allerlei n\u00fctzliche Funktionen in einem. Die LED-Leuchten \u00e4ndern je nach Spannung ihre Farbe, w\u00e4hrend die Spannung (im Vergleich zum Vorg\u00e4ngermodell ATOM) auf einem hellen Display angezeigt wird. Seine Basis ist magnetisch, sodass Sie ihn an verschiedenen magnetischen Gegenst\u00e4nden platzieren k\u00f6nnen. Es ist f\u00fcr alle Spulen- und Rotations-Tattoomaschinen geeignet, ein Schnellstart ist m\u00f6glich, der mit dem Knopf am Adapter oder \u00fcber das Pedal bedient werden kann. Volle Kontrolle mit digitalem Mikroprozessor<\/p>\n<p>6 Ampere Spitzenausgangsstrom, 3 Ampere RMS Dauerstrom<br \/>\nFu\u00dfschalter-Schaltertaste (kein Fu\u00dfschalter erforderlich, wenn der kontinuierliche Modus gestartet wird)<br \/>\nPr\u00e4zise geregelte Spannung 0-17 VDC<br \/>\nEingebauter Kurzschlussschutz<br \/>\n1 Eingangsaufl\u00f6sung<br \/>\n2 Spannungseinstellungen<br \/>\nUniversaleingang 110-240 VAC 50\/60 Hz<br \/>\nAkzeptiert Standardabmessungen von Kabeln und Pedalen<br \/>\n2 Jahre Garantie<\/p>\n<h5>Hergestellt in ZD<em>Ah!<\/em><\/h5>","protected":false},"excerpt":{"rendered":"<h3><strong>KRITISCHES Atom X<\/strong><\/h3>\n<p>Novi ATOM X zdru\u017euje vse vrste uporabnih funkcij v enem. LED lu\u010di spremenijo barvo glede na napetost, medtem ko je napetost prikazana (v primerjavi s prej\u0161njim modelom ATOM) na svetlem zaslonu. Njegovo dno je magnetno zato ga lahko prislonite na razne magnetne predmete. Primeren je za vse coil in rotacijske tattoo stroj\u010dke, omogo\u010den je hitri zagon, ki ga lahko upravljate s tipko na adapterju ali preko stopalke. Popolni nadzor z digitalnim mikroprocesorjem<br \/>\n2 Jahre Garantie<br \/>\nIzdelani v ZDA!<\/p>","protected":false},"featured_media":35420,"template":"","meta":{"_seopress_robots_primary_cat":"none","_seopress_titles_title":"","_seopress_titles_desc":"","_seopress_robots_index":""},"product_brand":[],"product_cat":[217,208],"product_tag":[],"class_list":{"0":"post-28425","1":"product","2":"type-product","3":"status-publish","4":"has-post-thumbnail","6":"product_cat-napajalniki-za-tattoo-strojcke","7":"product_cat-napajalniki-stopalke-in-kabli","8":"entry","9":"has-media","11":"first","12":"instock","13":"sale","14":"taxable","15":"shipping-taxable","16":"purchasable","17":"product-type-simple"},"_links":{"self":[{"href":"https:\/\/www.carantaniatattoo.com\/de\/wp-json\/wp\/v2\/product\/28425","targetHints":{"allow":["GET"]}}],"collection":[{"href":"https:\/\/www.carantaniatattoo.com\/de\/wp-json\/wp\/v2\/product"}],"about":[{"href":"https:\/\/www.carantaniatattoo.com\/de\/wp-json\/wp\/v2\/types\/product"}],"version-history":[{"count":0,"href":"https:\/\/www.carantaniatattoo.com\/de\/wp-json\/wp\/v2\/product\/28425\/revisions"}],"wp:featuredmedia":[{"embeddable":true,"href":"https:\/\/www.carantaniatattoo.com\/de\/wp-json\/wp\/v2\/media\/35420"}],"wp:attachment":[{"href":"https:\/\/www.carantaniatattoo.com\/de\/wp-json\/wp\/v2\/media?parent=28425"}],"wp:term":[{"taxonomy":"product_brand","embeddable":true,"href":"https:\/\/www.carantaniatattoo.com\/de\/wp-json\/wp\/v2\/product_brand?post=28425"},{"taxonomy":"product_cat","embeddable":true,"href":"https:\/\/www.carantaniatattoo.com\/de\/wp-json\/wp\/v2\/product_cat?post=28425"},{"taxonomy":"product_tag","embeddable":true,"href":"https:\/\/www.carantaniatattoo.com\/de\/wp-json\/wp\/v2\/product_tag?post=28425"}],"curies":[{"name":"wp","href":"https:\/\/api.w.org\/{rel}","templated":true}]}}