{"id":28462,"date":"2017-08-01T08:39:14","date_gmt":"2017-08-01T08:39:14","guid":{"rendered":"https:\/\/www.ivh6.si\/Ponudbe\/tattoo\/izdelek\/easytattoo-protective-tattoo-film-2\/"},"modified":"2025-09-25T12:05:11","modified_gmt":"2025-09-25T12:05:11","slug":"easytattoo-protective-tattoo-film-2","status":"publish","type":"product","link":"https:\/\/www.carantaniatattoo.com\/de\/trgovina\/nega-koze-po-tetoviranju\/folije-in-oblizi\/easytattoo-tattoo-schutzfolie-2\/","title":{"rendered":"EASYTATTOO\u00ae Tattoo-Schutzfolie"},"content":{"rendered":"<h4>Easytattoo\u00ae Tattoo-Schutzfolie<\/h4>\n<p>Easytattoo \u00ae Protective Tattoo Film ist wie eine zweite Haut, ein Polyurethan-Schutzfilm, der hypoallergen und wasserfest ist und nach dem T\u00e4towieren verwendet werden kann. Es kann an allen K\u00f6rperstellen angewendet werden, ist transparent und sehr elastisch und l\u00e4sst sich schnell und einfach anwenden.<\/p>\n<p>Easytattoo Protect sorgt f\u00fcr t\u00e4glichen Komfort in den ersten Tagen nach dem T\u00e4towieren, reduziert Reibung und Infektionsrisiken. Es l\u00e4sst die Haut atmen und sch\u00fctzt in einer feuchten Umgebung. Durch die Verwendung von Easytattoo \u00ae Protective Tattoo Film sind Sie in den ersten 24 Stunden nach dem T\u00e4towieren sorgenfrei.<br \/>\nGarantierte Qualit\u00e4t: Hergestellt im Labor nach EN ISO 13485.<\/p>\n<p>Erh\u00e4ltlich als STERILE Rolle mit den Ma\u00dfen 15 cm x 10 m oder als STERILE Bl\u00e4tter mit den Ma\u00dfen 15 cm x 10 cm \u2013 10 Blatt in einer Packung.<\/p>\n<p>Produziert von MBA, Frankreich<\/p>","protected":false},"excerpt":{"rendered":"<h4>Easytattoo\u00ae Tattoo-Schutzfolie<\/h4>\n<p>Poliuretanska za\u0161\u010ditna folija, ki je hipoalergenska, nepremo\u010dljiva in se uporablja po tetoviranju.<br \/>\nErh\u00e4ltlich als STERILE Rolle mit den Ma\u00dfen 15 cm x 10 m oder als STERILE Bl\u00e4tter mit den Ma\u00dfen 15 cm x 10 cm \u2013 10 Blatt in einer Packung.<\/p>\n<p>Izdelano v Franciji<\/p>","protected":false},"featured_media":32085,"template":"","meta":{"_seopress_robots_primary_cat":"none","_seopress_titles_title":"","_seopress_titles_desc":"","_seopress_robots_index":""},"product_brand":[],"product_cat":[244,245,206,233],"product_tag":[],"class_list":{"0":"post-28462","1":"product","2":"type-product","3":"status-publish","4":"has-post-thumbnail","6":"product_cat-folije-in-oblizi","7":"product_cat-folije-za-zascito-tetovirane-koze","8":"product_cat-higiena","9":"product_cat-nega-koze-po-tetoviranju","10":"entry","11":"has-media","13":"first","14":"instock","15":"sale","16":"taxable","17":"shipping-taxable","18":"purchasable","19":"product-type-variable"},"_links":{"self":[{"href":"https:\/\/www.carantaniatattoo.com\/de\/wp-json\/wp\/v2\/product\/28462","targetHints":{"allow":["GET"]}}],"collection":[{"href":"https:\/\/www.carantaniatattoo.com\/de\/wp-json\/wp\/v2\/product"}],"about":[{"href":"https:\/\/www.carantaniatattoo.com\/de\/wp-json\/wp\/v2\/types\/product"}],"version-history":[{"count":0,"href":"https:\/\/www.carantaniatattoo.com\/de\/wp-json\/wp\/v2\/product\/28462\/revisions"}],"wp:featuredmedia":[{"embeddable":true,"href":"https:\/\/www.carantaniatattoo.com\/de\/wp-json\/wp\/v2\/media\/32085"}],"wp:attachment":[{"href":"https:\/\/www.carantaniatattoo.com\/de\/wp-json\/wp\/v2\/media?parent=28462"}],"wp:term":[{"taxonomy":"product_brand","embeddable":true,"href":"https:\/\/www.carantaniatattoo.com\/de\/wp-json\/wp\/v2\/product_brand?post=28462"},{"taxonomy":"product_cat","embeddable":true,"href":"https:\/\/www.carantaniatattoo.com\/de\/wp-json\/wp\/v2\/product_cat?post=28462"},{"taxonomy":"product_tag","embeddable":true,"href":"https:\/\/www.carantaniatattoo.com\/de\/wp-json\/wp\/v2\/product_tag?post=28462"}],"curies":[{"name":"wp","href":"https:\/\/api.w.org\/{rel}","templated":true}]}}