{"id":28961,"date":"2017-08-09T08:16:28","date_gmt":"2017-08-09T08:16:28","guid":{"rendered":"https:\/\/www.ivh6.si\/Ponudbe\/tattoo\/izdelek\/suprasorb-folija-2\/"},"modified":"2025-10-07T09:18:55","modified_gmt":"2025-10-07T09:18:55","slug":"suprasorb-folija-2","status":"publish","type":"product","link":"https:\/\/www.carantaniatattoo.com\/de\/trgovina\/nega-koze-po-tetoviranju\/folije-in-oblizi\/suprasorb-folie-2\/","title":{"rendered":"SUPRASORB-Folie"},"content":{"rendered":"<p>Die SUPRASORB-Folie bietet transparenten Schutz f\u00fcr Ihr Tattoo. Polyurethanfolie ist luftig und flexibel, beschleunigt die Wundheilung durch Gas- und W\u00e4rmeaustausch. Suprasorb F weist Fl\u00fcssigkeiten ab und sch\u00fctzt Wunden vor \u00e4u\u00dferen Einfl\u00fcssen und Bakterien. Die Transparenz erm\u00f6glicht eine einfachere Untersuchung der Wunde. Suprasorb F ist flexibel, elastisch und rei\u00dffest und sehr einfach in der Anwendung. Suprasorb F ist best\u00e4ndig gegen alkohol-, jod- und octenidinhaltige Desinfektionsmittel. Die Folie kann problemlos gewaschen werden, da sie wasserfest ist.<\/p>\n<p>Wenn Sie mit dem Tattoo fertig sind, reinigen Sie das Tattoo. Wir empfehlen, es mit Tattoo Finish zu sch\u00fctzen, das die Heilung beschleunigt und R\u00f6tungen lindert. Warten Sie, bis das Tattoo Finish getrocknet ist, und kleben Sie die Folie \u00fcber das Tattoo. Lassen Sie die Folie 4 Tage lang auf der Haut, entfernen Sie sie nach dem vierten Tag und beginnen Sie mit der gewohnten Pflege, dem Reinigen des Tattoos und dem Eincremen. Ihr Tattoo heilt bereits unter der Folie ab und durch einen weiteren Reinigungs- und Ein\u00f6lungsprozess heilt es schlie\u00dflich ab.<\/p>\n<p>Hergestellt von: Lohnamm &amp; Rauscher International GmbH, Deutschland<\/p>\n<p>&nbsp;<\/p>","protected":false},"excerpt":{"rendered":"<p>Razli\u010dice: 10cm * 1m in 15cm * 10m<\/p>\n<p>SUPRASORB folija omogo\u010da pregledno za\u0161\u010dito za va\u0161 tattoo. Poliuretanski film je zra\u010den in pro\u017een, pospe\u0161uje celjenje ran s pomo\u010djo izmenjave plina in toplote.<br \/>\nProizvaja: Lohmann &amp; Rauscher International GmbH, Nem\u010dija<\/p>","protected":false},"featured_media":32093,"template":"","meta":{"_seopress_robots_primary_cat":"none","_seopress_titles_title":"","_seopress_titles_desc":"","_seopress_robots_index":""},"product_brand":[],"product_cat":[244,245,206,233],"product_tag":[],"class_list":{"0":"post-28961","1":"product","2":"type-product","3":"status-publish","4":"has-post-thumbnail","6":"product_cat-folije-in-oblizi","7":"product_cat-folije-za-zascito-tetovirane-koze","8":"product_cat-higiena","9":"product_cat-nega-koze-po-tetoviranju","10":"entry","11":"has-media","13":"first","14":"outofstock","15":"taxable","16":"shipping-taxable","17":"product-type-variable"},"_links":{"self":[{"href":"https:\/\/www.carantaniatattoo.com\/de\/wp-json\/wp\/v2\/product\/28961","targetHints":{"allow":["GET"]}}],"collection":[{"href":"https:\/\/www.carantaniatattoo.com\/de\/wp-json\/wp\/v2\/product"}],"about":[{"href":"https:\/\/www.carantaniatattoo.com\/de\/wp-json\/wp\/v2\/types\/product"}],"version-history":[{"count":0,"href":"https:\/\/www.carantaniatattoo.com\/de\/wp-json\/wp\/v2\/product\/28961\/revisions"}],"wp:featuredmedia":[{"embeddable":true,"href":"https:\/\/www.carantaniatattoo.com\/de\/wp-json\/wp\/v2\/media\/32093"}],"wp:attachment":[{"href":"https:\/\/www.carantaniatattoo.com\/de\/wp-json\/wp\/v2\/media?parent=28961"}],"wp:term":[{"taxonomy":"product_brand","embeddable":true,"href":"https:\/\/www.carantaniatattoo.com\/de\/wp-json\/wp\/v2\/product_brand?post=28961"},{"taxonomy":"product_cat","embeddable":true,"href":"https:\/\/www.carantaniatattoo.com\/de\/wp-json\/wp\/v2\/product_cat?post=28961"},{"taxonomy":"product_tag","embeddable":true,"href":"https:\/\/www.carantaniatattoo.com\/de\/wp-json\/wp\/v2\/product_tag?post=28961"}],"curies":[{"name":"wp","href":"https:\/\/api.w.org\/{rel}","templated":true}]}}