{"id":29761,"date":"2017-11-21T09:23:44","date_gmt":"2017-11-21T09:23:44","guid":{"rendered":"https:\/\/www.ivh6.si\/Ponudbe\/tattoo\/izdelek\/black-pearl-nitrilne-rokavice-za-tetoviranje\/"},"modified":"2025-12-15T07:12:11","modified_gmt":"2025-12-15T07:12:11","slug":"black-pearl-nitrilne-rokavice","status":"publish","type":"product","link":"https:\/\/www.carantaniatattoo.com\/de\/trgovina\/pripomocki-za-delo\/rokavice\/schwarze-perlmutt-nitrilhandschuhe-zum-tatowieren-2\/","title":{"rendered":"BLACK PEARL NITRIL rokavice"},"content":{"rendered":"<h4>BLACK PEARL NITRIL nitrilne rokavice<\/h4>\n<p>BLACK PEARL NITRIL sind schwarze Nitrilhandschuhe von ausgezeichneter Qualit\u00e4t zum T\u00e4towieren ohne Latex und Puder und mit zylindrischen Kanten. F\u00fcr einen besseren Halt verf\u00fcgen die Handschuhe \u00fcber eine mikrogeraute Oberfl\u00e4che an den Fingerspitzen.<br \/>\nHandschuhe mit Chemikalienschutz sind unsteril und gem\u00e4\u00df der Norm EN 455, EN 374 hergestellt.<\/p>\n<p>Verpackung: 100 Handschuhe<\/p>\n<p>&nbsp;<\/p>\n<p>&nbsp;<\/p>","protected":false},"excerpt":{"rendered":"<p>BLACK PEARL NITRIL nitrilne rokavice<\/p>\n<p>BLACK PEARL SNITRIL so \u010drne nitrilne rokavice odli\u010dne kakovosti za tetoviranje brez lateksa in pudra ter z valjastimi robovi. Rokavice imajo na konicah prstov mikro-hrapavo povr\u0161ino za bolj\u0161i oprijem.<\/p>\n<p>Verpackung: 100 Handschuhe<\/p>","protected":false},"featured_media":35277,"template":"","meta":{"_seopress_robots_primary_cat":"none","_seopress_titles_title":"BLACK PEARL NITRIL nitrilne rokavice","_seopress_titles_desc":"BLACK PEARL NITRIL so \u010drne nitrilne rokavice odli\u010dne kakovosti za tetoviranje brez lateksa in pudra ter z valjastimi robovi.","_seopress_robots_index":""},"product_brand":[],"product_cat":[194,209,266],"product_tag":[],"class_list":{"0":"post-29761","1":"product","2":"type-product","3":"status-publish","4":"has-post-thumbnail","6":"product_cat-akcija","7":"product_cat-pripomocki-za-delo","8":"product_cat-rokavice","9":"entry","10":"has-media","12":"first","13":"instock","14":"sale","15":"taxable","16":"shipping-taxable","17":"purchasable","18":"product-type-variable"},"_links":{"self":[{"href":"https:\/\/www.carantaniatattoo.com\/de\/wp-json\/wp\/v2\/product\/29761","targetHints":{"allow":["GET"]}}],"collection":[{"href":"https:\/\/www.carantaniatattoo.com\/de\/wp-json\/wp\/v2\/product"}],"about":[{"href":"https:\/\/www.carantaniatattoo.com\/de\/wp-json\/wp\/v2\/types\/product"}],"version-history":[{"count":0,"href":"https:\/\/www.carantaniatattoo.com\/de\/wp-json\/wp\/v2\/product\/29761\/revisions"}],"wp:featuredmedia":[{"embeddable":true,"href":"https:\/\/www.carantaniatattoo.com\/de\/wp-json\/wp\/v2\/media\/35277"}],"wp:attachment":[{"href":"https:\/\/www.carantaniatattoo.com\/de\/wp-json\/wp\/v2\/media?parent=29761"}],"wp:term":[{"taxonomy":"product_brand","embeddable":true,"href":"https:\/\/www.carantaniatattoo.com\/de\/wp-json\/wp\/v2\/product_brand?post=29761"},{"taxonomy":"product_cat","embeddable":true,"href":"https:\/\/www.carantaniatattoo.com\/de\/wp-json\/wp\/v2\/product_cat?post=29761"},{"taxonomy":"product_tag","embeddable":true,"href":"https:\/\/www.carantaniatattoo.com\/de\/wp-json\/wp\/v2\/product_tag?post=29761"}],"curies":[{"name":"wp","href":"https:\/\/api.w.org\/{rel}","templated":true}]}}