{"id":30383,"date":"2018-05-31T11:59:12","date_gmt":"2018-05-31T11:59:12","guid":{"rendered":"https:\/\/www.ivh6.si\/Ponudbe\/tattoo\/izdelek\/wonderlust-tattoo-bio-clenaser\/"},"modified":"2025-07-07T12:46:48","modified_gmt":"2025-07-07T12:46:48","slug":"wonderlust-tattoo-bio-clenaser","status":"publish","type":"product","link":"https:\/\/www.carantaniatattoo.com\/de\/trgovina\/nega-koze-po-tetoviranju\/mazila\/wonderlust-tattoo-bio-reiniger\/","title":{"rendered":"WONDERLUST TATTOO Bio Cleanser \u2013 K\u00f6rperreinigungs\u00f6l"},"content":{"rendered":"<p>WONDERLUST TATTOO Bio Cleanser \u2013 K\u00f6rperreinigungs\u00f6l<\/p>\n<p>Ein antibakterieller Reiniger, der dabei hilft, das wahre Pigment des Tattoos zu bewahren. Es versorgt die Haut sehr gut mit Feuchtigkeit und h\u00e4lt sie geschmeidig und weich. Es enth\u00e4lt eine hohe Konzentration an nat\u00fcrlichen \u00d6len und Fetten, was Reizungen und Austrocknung der Haut verhindert.<\/p>\n<p>Geeignet zur Ganzk\u00f6rperpflege (Reinigung), sehr gut geeignet f\u00fcr empfindliche Haut. Basierend auf Hanf\u00f6l (Basis); Angereichert mit \u201eInk Care\u201c-\u00d6l, das das Pigment des Tattoos bewahrt. Es enth\u00e4lt au\u00dferdem 8 nat\u00fcrliche \u00d6le.<\/p>\n<p>Kein Produkt von WONDERLUST TATTOO Cosmetics wird an Tieren getestet. Kosmetika sind 100% zertifiziert. Es enth\u00e4lt keine Parabene und Salz, ohne Allergene und Geruchs- und Farbverst\u00e4rker (ohne Parf\u00fcmzus\u00e4tze).<br \/>\nHergestellt in Italien.<\/p>\n<p>Die Verpackung enth\u00e4lt 250 ml.<\/p>\n<p>&nbsp;<\/p>","protected":false},"excerpt":{"rendered":"<p>WONDERLUST TATTOO Bio Cleanser \u2013 K\u00f6rperreinigungs\u00f6l<br \/>\nEin antibakterieller Reiniger, der dabei hilft, das wahre Pigment des Tattoos zu bewahren. Es versorgt die Haut sehr gut mit Feuchtigkeit und h\u00e4lt sie geschmeidig und weich. Es enth\u00e4lt eine hohe Konzentration an nat\u00fcrlichen \u00d6len und Fetten, was Reizungen und Austrocknung der Haut verhindert.<\/p>","protected":false},"featured_media":35230,"template":"","meta":{"_seopress_robots_primary_cat":"none","_seopress_titles_title":"","_seopress_titles_desc":"","_seopress_robots_index":""},"product_brand":[],"product_cat":[206,234,233,235],"product_tag":[],"class_list":{"0":"post-30383","1":"product","2":"type-product","3":"status-publish","4":"has-post-thumbnail","6":"product_cat-higiena","7":"product_cat-mazila","8":"product_cat-nega-koze-po-tetoviranju","9":"product_cat-za-nego-tattooja","10":"entry","11":"has-media","13":"first","14":"instock","15":"sale","16":"taxable","17":"shipping-taxable","18":"purchasable","19":"product-type-simple"},"_links":{"self":[{"href":"https:\/\/www.carantaniatattoo.com\/de\/wp-json\/wp\/v2\/product\/30383","targetHints":{"allow":["GET"]}}],"collection":[{"href":"https:\/\/www.carantaniatattoo.com\/de\/wp-json\/wp\/v2\/product"}],"about":[{"href":"https:\/\/www.carantaniatattoo.com\/de\/wp-json\/wp\/v2\/types\/product"}],"version-history":[{"count":0,"href":"https:\/\/www.carantaniatattoo.com\/de\/wp-json\/wp\/v2\/product\/30383\/revisions"}],"wp:featuredmedia":[{"embeddable":true,"href":"https:\/\/www.carantaniatattoo.com\/de\/wp-json\/wp\/v2\/media\/35230"}],"wp:attachment":[{"href":"https:\/\/www.carantaniatattoo.com\/de\/wp-json\/wp\/v2\/media?parent=30383"}],"wp:term":[{"taxonomy":"product_brand","embeddable":true,"href":"https:\/\/www.carantaniatattoo.com\/de\/wp-json\/wp\/v2\/product_brand?post=30383"},{"taxonomy":"product_cat","embeddable":true,"href":"https:\/\/www.carantaniatattoo.com\/de\/wp-json\/wp\/v2\/product_cat?post=30383"},{"taxonomy":"product_tag","embeddable":true,"href":"https:\/\/www.carantaniatattoo.com\/de\/wp-json\/wp\/v2\/product_tag?post=30383"}],"curies":[{"name":"wp","href":"https:\/\/api.w.org\/{rel}","templated":true}]}}