{"id":30411,"date":"2018-06-22T11:31:21","date_gmt":"2018-06-22T11:31:21","guid":{"rendered":"https:\/\/www.ivh6.si\/Ponudbe\/tattoo\/izdelek\/zascita-za-cevlje-pvc\/"},"modified":"2023-03-16T10:49:52","modified_gmt":"2023-03-16T10:49:52","slug":"zascita-za-cevlje-pvc","status":"publish","type":"product","link":"https:\/\/www.carantaniatattoo.com\/de\/trgovina\/pripomocki-za-delo\/zascitne-vrecke-in-gripi\/schutz-fur-pvc-rohre-2\/","title":{"rendered":"SCHUHSCHUTZ PVC 100 Stk"},"content":{"rendered":"<h4>PVC-Schuh\u00fcberzug<\/h4>\n<p>F\u00fcr noch mehr Sauberkeit beim T\u00e4towieren ist ein PVC-Schuhschutz gedacht. In der Packung finden Sie 100 St\u00fcck ca. 40 cm lange PVC-Beutel, die Sie ganz einfach \u00fcber Ihre Schuhe st\u00fclpen k\u00f6nnen. F\u00fcr den einmaligen Gebrauch bestimmt.<\/p>\n<p>&nbsp;<\/p>","protected":false},"excerpt":{"rendered":"<p>PVC-Schuh\u00fcberzug<\/p>\n<p>F\u00fcr noch mehr Sauberkeit beim T\u00e4towieren ist ein PVC-Schuhschutz gedacht. In der Packung finden Sie 100 St\u00fcck ca. 40 cm lange PVC-Beutel, die Sie ganz einfach \u00fcber Ihre Schuhe st\u00fclpen k\u00f6nnen. F\u00fcr den einmaligen Gebrauch bestimmt.<\/p>","protected":false},"featured_media":30413,"template":"","meta":{"_seopress_robots_primary_cat":"none","_seopress_titles_title":"","_seopress_titles_desc":"","_seopress_robots_index":""},"product_brand":[],"product_cat":[222,209,221],"product_tag":[],"class_list":{"0":"post-30411","1":"product","2":"type-product","3":"status-publish","4":"has-post-thumbnail","6":"product_cat-britvice-maske-palcke-predpasniki","7":"product_cat-pripomocki-za-delo","8":"product_cat-zascitne-vrecke-in-gripi","9":"entry","10":"has-media","12":"first","13":"instock","14":"sale","15":"taxable","16":"shipping-taxable","17":"purchasable","18":"product-type-simple"},"_links":{"self":[{"href":"https:\/\/www.carantaniatattoo.com\/de\/wp-json\/wp\/v2\/product\/30411","targetHints":{"allow":["GET"]}}],"collection":[{"href":"https:\/\/www.carantaniatattoo.com\/de\/wp-json\/wp\/v2\/product"}],"about":[{"href":"https:\/\/www.carantaniatattoo.com\/de\/wp-json\/wp\/v2\/types\/product"}],"version-history":[{"count":0,"href":"https:\/\/www.carantaniatattoo.com\/de\/wp-json\/wp\/v2\/product\/30411\/revisions"}],"wp:featuredmedia":[{"embeddable":true,"href":"https:\/\/www.carantaniatattoo.com\/de\/wp-json\/wp\/v2\/media\/30413"}],"wp:attachment":[{"href":"https:\/\/www.carantaniatattoo.com\/de\/wp-json\/wp\/v2\/media?parent=30411"}],"wp:term":[{"taxonomy":"product_brand","embeddable":true,"href":"https:\/\/www.carantaniatattoo.com\/de\/wp-json\/wp\/v2\/product_brand?post=30411"},{"taxonomy":"product_cat","embeddable":true,"href":"https:\/\/www.carantaniatattoo.com\/de\/wp-json\/wp\/v2\/product_cat?post=30411"},{"taxonomy":"product_tag","embeddable":true,"href":"https:\/\/www.carantaniatattoo.com\/de\/wp-json\/wp\/v2\/product_tag?post=30411"}],"curies":[{"name":"wp","href":"https:\/\/api.w.org\/{rel}","templated":true}]}}