{"id":30442,"date":"2018-08-02T07:51:14","date_gmt":"2018-08-02T07:51:14","guid":{"rendered":"https:\/\/www.ivh6.si\/Ponudbe\/tattoo\/izdelek\/cheyenne-sol-nova\/"},"modified":"2025-07-07T12:32:36","modified_gmt":"2025-07-07T12:32:36","slug":"cheyenne-sol-nova","status":"publish","type":"product","link":"https:\/\/www.carantaniatattoo.com\/de\/trgovina\/strojcki-za-tetoviranje\/cheyenne\/cheyenne-salz-neu-2\/","title":{"rendered":"CHEYENNE-SALZ Neu"},"content":{"rendered":"<h4>Cheyenne SOL Nova<\/h4>\n<p>Sol Nova 3,3 mm ist ideal f\u00fcr pr\u00e4zise Linien und extrem weiche Schatten. Er arbeitet zwischen 25 und 150 Hz und erm\u00f6glicht mit einer niedrigen Frequenz von 25 Hz einen perfekten Farbrealismus. Wenn Sie Sol Nova erh\u00f6hen, werden Ihre Linien voller und intensiver. Die Form des Bleistifts ist robust und ergonomisch. Im Vergleich zur Pen-Maschine bietet Sol Nova mehr Leistung und einen reibungsloseren Betrieb. Der Schutz ist sehr einfach, es k\u00f6nnen sogar Einweg-Ergo-Round-Aufs\u00e4tze verwendet werden.  Funktioniert mit Cheyenne Safety-Patronen und Cheyenne Craft-Patronen. Es wird in Deutschland hergestellt.<\/p>\n<ul>\n<li>Langlebige und robuste T\u00e4towiermaschine<\/li>\n<li>Das Gewicht der T\u00e4towiermaschine wird nach vorne verlagert<\/li>\n<li>Niedrige Frequenz von 25 Hz f\u00fcr DOT und Farbrealismus<\/li>\n<li>Leistungsstarke T\u00e4towiermaschine, sehr sanft zur Haut<\/li>\n<li>3,5 mm Strich, geeignet f\u00fcr Linien und Schatten<\/li>\n<li>Reibungsloser, sanfter und leiser Betrieb<\/li>\n<li>Leicht zu reinigen, eloxiert<\/li>\n<\/ul>\n<p>Technische Daten:<\/p>\n<ul>\n<li>Spannung: 5 bis 12,6 V DC<\/li>\n<li>Stromverbrauch: 3W<\/li>\n<li>Anfangsleistung: max. 2,5 A f\u00fcr max. 200 ms<\/li>\n<li>Stechfrequenz: 25 bis 150 Hz<\/li>\n<li>Schale: 3,5 mm<\/li>\n<li>Nadelausgang: 0 bis 4,0 mm<\/li>\n<li>Kabel: 3,5 mm Klinke<\/li>\n<li>Antrieb: b\u00fcrstenloser Gleichstrommotor<\/li>\n<li>Betriebsart: Dauerbetrieb<\/li>\n<li>Durchmesser: 33 mm<\/li>\n<li>L\u00e4nge: 102 mm<\/li>\n<li>Gewicht: ca. 150 g<\/li>\n<\/ul>\n<p>Die Garantie f\u00fcr den Cheyenne SOL Nova betr\u00e4gt 12 Monate, bei Verwendung von Originalger\u00e4ten der Marke Cheyenne und Cheyenne Tattoo-Patronen. Hergestellt in Deutschland.<\/p>","protected":false},"excerpt":{"rendered":"<p>Sol Nova je Cheyennov najnovej\u0161i tetoverski stroj\u010dek.<\/p>\n<p>Sol Nova je izjemno mo\u010dan in hkrati ne\u017een. Barva se hitreje prena\u0161a na ko\u017eo kar je idealno za \u010drno-sive tetova\u017ee. Zahvale gredo tihemu in mehkemu na\u010din delovanja, ne povzro\u010da grobega videza ko\u017ee, kar omogo\u010da hitrej\u0161i proces celjenja.<\/p>","protected":false},"featured_media":35215,"template":"","meta":{"_seopress_robots_primary_cat":"none","_seopress_titles_title":"","_seopress_titles_desc":"","_seopress_robots_index":""},"product_brand":[],"product_cat":[194,264,202],"product_tag":[],"class_list":{"0":"post-30442","1":"product","2":"type-product","3":"status-publish","4":"has-post-thumbnail","6":"product_cat-akcija","7":"product_cat-cheyenne","8":"product_cat-strojcki-za-tetoviranje","9":"entry","10":"has-media","12":"first","13":"instock","14":"sale","15":"taxable","16":"shipping-taxable","17":"purchasable","18":"product-type-simple"},"_links":{"self":[{"href":"https:\/\/www.carantaniatattoo.com\/de\/wp-json\/wp\/v2\/product\/30442","targetHints":{"allow":["GET"]}}],"collection":[{"href":"https:\/\/www.carantaniatattoo.com\/de\/wp-json\/wp\/v2\/product"}],"about":[{"href":"https:\/\/www.carantaniatattoo.com\/de\/wp-json\/wp\/v2\/types\/product"}],"version-history":[{"count":0,"href":"https:\/\/www.carantaniatattoo.com\/de\/wp-json\/wp\/v2\/product\/30442\/revisions"}],"wp:featuredmedia":[{"embeddable":true,"href":"https:\/\/www.carantaniatattoo.com\/de\/wp-json\/wp\/v2\/media\/35215"}],"wp:attachment":[{"href":"https:\/\/www.carantaniatattoo.com\/de\/wp-json\/wp\/v2\/media?parent=30442"}],"wp:term":[{"taxonomy":"product_brand","embeddable":true,"href":"https:\/\/www.carantaniatattoo.com\/de\/wp-json\/wp\/v2\/product_brand?post=30442"},{"taxonomy":"product_cat","embeddable":true,"href":"https:\/\/www.carantaniatattoo.com\/de\/wp-json\/wp\/v2\/product_cat?post=30442"},{"taxonomy":"product_tag","embeddable":true,"href":"https:\/\/www.carantaniatattoo.com\/de\/wp-json\/wp\/v2\/product_tag?post=30442"}],"curies":[{"name":"wp","href":"https:\/\/api.w.org\/{rel}","templated":true}]}}