{"id":30463,"date":"2018-08-03T08:15:57","date_gmt":"2018-08-03T08:15:57","guid":{"rendered":"https:\/\/www.ivh6.si\/Ponudbe\/tattoo\/izdelek\/scorpion\/"},"modified":"2022-07-07T06:35:09","modified_gmt":"2022-07-07T06:35:09","slug":"scorpion","status":"publish","type":"product","link":"https:\/\/www.carantaniatattoo.com\/de\/trgovina\/strojcki-za-tetoviranje\/ink-machines\/skorpion\/","title":{"rendered":"SKORPION"},"content":{"rendered":"<h3 class=\"page-header\">SKORPION<\/h3>\n<p>Mit aktiver Vibrationsd\u00e4mpfung, sanftem b\u00fcrstenlosem Magnetnadelantrieb und verbesserter Kreuzkontaminationskontrolle. Das einzigartige kinetische Design erm\u00f6glicht eine schnelle Wirkung und sch\u00e4digt die Haut nicht.<br \/>\nScorpion funktioniert mit Neo-Kartuschen, die speziell f\u00fcr beste Hygiene und reibungslosen Betrieb entwickelt wurden, sowie mit allen anderen Kartuschennadeln.<br \/>\nHergestellt in Schweden.<\/p>\n<p>AUF BESTELLUNG.<\/p>\n<p>Technische Daten:<br \/>\n\u2013 Spannung: 0 \u2013 12 V (max. 12 V DC)<br \/>\n\u2013 Anschlusskabel: Cinch oder normal (max. \u00d81,6 mm)<br \/>\n\u2013 Bereich: Sek.: 0 \u2013 8.000 U\/Min. 0 \u2013 130\/Sek<br \/>\n\u2013 Perlen: 4 mm<br \/>\n\u2013 Nadeleinstellung: 4 mm<br \/>\n\u2013 Durchmesser der Maschine: \u00d822 mm<br \/>\n\u2013 Nadelst\u00e4rke: 27 Magnum<br \/>\n\u2013 Gewicht: 100 Gramm mit Einweggriff<br \/>\n\u2013 Wireless-f\u00e4hig: Ja<br \/>\n\u2013 Abmessungen \u00d8xL: \u00d822 x 113 mm mm<\/p>\n<p>Garantie 1 Jahr.<\/p>\n<p>&nbsp;<\/p>\n<p>&nbsp;<\/p>","protected":false},"excerpt":{"rendered":"<p>AUF BESTELLUNG.<\/p>\n<p>Mit aktiver Vibrationsd\u00e4mpfung, sanftem b\u00fcrstenlosem Magnetnadelantrieb und verbesserter Kreuzkontaminationskontrolle. Das einzigartige kinetische Design erm\u00f6glicht eine schnelle Wirkung und sch\u00e4digt die Haut nicht.<br \/>\nScorpion deluje s kartu\u0161ami Neo, ki so posebej zasnovane za skrb za najbolj\u0161o higieno in gladkost delovanja in tudi z vsemi ostalimi kartu\u0161nimi iglami.<br \/>\nHergestellt in Schweden.<\/p>","protected":false},"featured_media":30465,"template":"","meta":{"_seopress_robots_primary_cat":"none","_seopress_titles_title":"","_seopress_titles_desc":"","_seopress_robots_index":""},"product_brand":[],"product_cat":[205,202],"product_tag":[],"class_list":{"0":"post-30463","1":"product","2":"type-product","3":"status-publish","4":"has-post-thumbnail","6":"product_cat-ink-machines","7":"product_cat-strojcki-za-tetoviranje","8":"entry","9":"has-media","11":"first","12":"onbackorder","13":"sale","14":"taxable","15":"shipping-taxable","16":"purchasable","17":"product-type-variable"},"_links":{"self":[{"href":"https:\/\/www.carantaniatattoo.com\/de\/wp-json\/wp\/v2\/product\/30463","targetHints":{"allow":["GET"]}}],"collection":[{"href":"https:\/\/www.carantaniatattoo.com\/de\/wp-json\/wp\/v2\/product"}],"about":[{"href":"https:\/\/www.carantaniatattoo.com\/de\/wp-json\/wp\/v2\/types\/product"}],"version-history":[{"count":0,"href":"https:\/\/www.carantaniatattoo.com\/de\/wp-json\/wp\/v2\/product\/30463\/revisions"}],"wp:featuredmedia":[{"embeddable":true,"href":"https:\/\/www.carantaniatattoo.com\/de\/wp-json\/wp\/v2\/media\/30465"}],"wp:attachment":[{"href":"https:\/\/www.carantaniatattoo.com\/de\/wp-json\/wp\/v2\/media?parent=30463"}],"wp:term":[{"taxonomy":"product_brand","embeddable":true,"href":"https:\/\/www.carantaniatattoo.com\/de\/wp-json\/wp\/v2\/product_brand?post=30463"},{"taxonomy":"product_cat","embeddable":true,"href":"https:\/\/www.carantaniatattoo.com\/de\/wp-json\/wp\/v2\/product_cat?post=30463"},{"taxonomy":"product_tag","embeddable":true,"href":"https:\/\/www.carantaniatattoo.com\/de\/wp-json\/wp\/v2\/product_tag?post=30463"}],"curies":[{"name":"wp","href":"https:\/\/api.w.org\/{rel}","templated":true}]}}