{"id":30546,"date":"2018-08-29T09:18:04","date_gmt":"2018-08-29T09:18:04","guid":{"rendered":"https:\/\/www.ivh6.si\/Ponudbe\/tattoo\/izdelek\/critical-xr-d-kopija\/"},"modified":"2025-07-07T12:30:53","modified_gmt":"2025-07-07T12:30:53","slug":"critical-xr-d-kopija","status":"publish","type":"product","link":"https:\/\/www.carantaniatattoo.com\/de\/trgovina\/napajalniki-stopalke-in-kabli\/napajalniki-za-tattoo-strojcke\/kritische-xrd-kopie-2\/","title":{"rendered":"KRITISCHES XR-D"},"content":{"rendered":"<h3><strong>KRITISCHES XR-D<\/strong><\/h3>\n<p>Technische Daten CRITICAL XR-D:<\/p>\n<p>Der neue Critical XR-D mit gro\u00dfem TFT-Farbbildschirm, gut lesbarer Schriftart und der M\u00f6glichkeit, das Farbschema anzupassen. Der XR-D funktioniert \u00fcber eine Touch-Schnittstelle, sodass der Adapter aus hygienischen Gr\u00fcnden einfach abgedeckt werden kann. Auf dem Bildschirm werden verschiedene Einstellungen angezeigt: Volt, Ampere, Arbeitszyklus. Sie k\u00f6nnen Ihre zeitgesteuerte Sitzung auch mit einer Uhr aufzeichnen.<br \/>\nDer XR-D kann bis zu 6 verschiedene Einstellungen speichern, sodass ein einfacher Wechsel zwischen T\u00e4towiermaschinen oder zwischen Linie und Schattierung m\u00f6glich ist. Im Gegensatz zu fr\u00fcheren Critical-Netzteilen besteht das Geh\u00e4use des XR-D aus Aluminium. Der Critical XR-D kann mit oder ohne Fu\u00dfpedal bedient werden. Es besteht auch die M\u00f6glichkeit eines schnelleren Starts, der meist bei Rotations-T\u00e4towiermaschinen genutzt wird, da diese zum Starten zus\u00e4tzliche Leistung ben\u00f6tigen.<br \/>\nDer Critical XR-D verf\u00fcgt \u00fcber einen Anschluss f\u00fcr zwei T\u00e4towiermaschinen.<\/p>\n<p>Technische Daten:<\/p>\n<ul>\n<li>Spannung 0-18 V DC mit 0,1 V-Einstellung<\/li>\n<li>eingebauter Kurzschlussschutz<\/li>\n<li>Spannungseinstellungen f\u00fcr 2, 4 oder 6 Speicherpl\u00e4tze<\/li>\n<li>Eine Magnethalterung ist im Lieferumfang enthalten<\/li>\n<li>zwei Ausg\u00e4nge zum Anschluss zweier T\u00e4towiermaschinen<\/li>\n<li>2 Jahre Herstellergarantie<\/li>\n<li>Hergestellt in den USA<\/li>\n<\/ul>\n<p>Garantie 2 Jahre.<\/p>\n<p>&nbsp;<\/p>","protected":false},"excerpt":{"rendered":"<h3><strong>KRITISCHES XR-D<\/strong><\/h3>\n<p>Technische Daten:<\/p>\n<ul>\n<li>Spannung 0-18 V DC mit 0,1 V-Einstellung<\/li>\n<li>eingebauter Kurzschlussschutz<\/li>\n<li>Spannungseinstellungen f\u00fcr 2, 4 oder 6 Speicherpl\u00e4tze<\/li>\n<li>Eine Magnethalterung ist im Lieferumfang enthalten<\/li>\n<li>zwei Ausg\u00e4nge zum Anschluss zweier T\u00e4towiermaschinen<\/li>\n<li>2 Jahre Herstellergarantie<\/li>\n<li>Hergestellt in den USA<\/li>\n<\/ul>","protected":false},"featured_media":35211,"template":"","meta":{"_seopress_robots_primary_cat":"none","_seopress_titles_title":"","_seopress_titles_desc":"","_seopress_robots_index":""},"product_brand":[],"product_cat":[217,208],"product_tag":[],"class_list":{"0":"post-30546","1":"product","2":"type-product","3":"status-publish","4":"has-post-thumbnail","6":"product_cat-napajalniki-za-tattoo-strojcke","7":"product_cat-napajalniki-stopalke-in-kabli","8":"entry","9":"has-media","11":"first","12":"instock","13":"sale","14":"taxable","15":"shipping-taxable","16":"purchasable","17":"product-type-simple"},"_links":{"self":[{"href":"https:\/\/www.carantaniatattoo.com\/de\/wp-json\/wp\/v2\/product\/30546","targetHints":{"allow":["GET"]}}],"collection":[{"href":"https:\/\/www.carantaniatattoo.com\/de\/wp-json\/wp\/v2\/product"}],"about":[{"href":"https:\/\/www.carantaniatattoo.com\/de\/wp-json\/wp\/v2\/types\/product"}],"version-history":[{"count":0,"href":"https:\/\/www.carantaniatattoo.com\/de\/wp-json\/wp\/v2\/product\/30546\/revisions"}],"wp:featuredmedia":[{"embeddable":true,"href":"https:\/\/www.carantaniatattoo.com\/de\/wp-json\/wp\/v2\/media\/35211"}],"wp:attachment":[{"href":"https:\/\/www.carantaniatattoo.com\/de\/wp-json\/wp\/v2\/media?parent=30546"}],"wp:term":[{"taxonomy":"product_brand","embeddable":true,"href":"https:\/\/www.carantaniatattoo.com\/de\/wp-json\/wp\/v2\/product_brand?post=30546"},{"taxonomy":"product_cat","embeddable":true,"href":"https:\/\/www.carantaniatattoo.com\/de\/wp-json\/wp\/v2\/product_cat?post=30546"},{"taxonomy":"product_tag","embeddable":true,"href":"https:\/\/www.carantaniatattoo.com\/de\/wp-json\/wp\/v2\/product_tag?post=30546"}],"curies":[{"name":"wp","href":"https:\/\/api.w.org\/{rel}","templated":true}]}}