{"id":30573,"date":"2018-10-02T07:27:42","date_gmt":"2018-10-02T07:27:42","guid":{"rendered":"https:\/\/www.ivh6.si\/Ponudbe\/tattoo\/izdelek\/world-famous-special-shading-solution-120ml\/"},"modified":"2022-02-25T09:53:34","modified_gmt":"2022-02-25T09:53:34","slug":"world-famous-special-shading-solution-120ml","status":"publish","type":"product","link":"https:\/\/www.carantaniatattoo.com\/de\/trgovina\/tattoo-barve\/world-famous\/world-famous-ink-4oz\/weltberuhmte-spezielle-schattierungslosung-120-ml-2\/","title":{"rendered":"WELTBER\u00dcHMTE Spezial-Shading-L\u00f6sung 120 ml"},"content":{"rendered":"<h4>WELTBER\u00dcHMTE SPEZIELLE SCHATTIERL\u00d6SUNG 120 ml<\/h4>\n<p>Farbe f\u00fcr das Training auf Kunstleder. Die Farbe ist nicht zum T\u00e4towieren auf menschlicher Haut geeignet!<\/p>\n<p>&nbsp;<\/p>","protected":false},"excerpt":{"rendered":"<p>Vsaka stekleni\u010dka ima pe\u010dat, ki zagotavlja kakovost in originalnost.<br \/>\nFarbe f\u00fcr das Training auf Kunstleder. Die Farbe ist nicht zum T\u00e4towieren auf menschlicher Haut geeignet!<\/p>","protected":false},"featured_media":30575,"template":"","meta":{"_seopress_robots_primary_cat":"none","_seopress_titles_title":"","_seopress_titles_desc":"","_seopress_robots_index":""},"product_brand":[],"product_cat":[198,212,214],"product_tag":[],"class_list":{"0":"post-30573","1":"product","2":"type-product","3":"status-publish","4":"has-post-thumbnail","6":"product_cat-tattoo-barve","7":"product_cat-world-famous","8":"product_cat-world-famous-ink-4oz","9":"entry","10":"has-media","12":"first","13":"outofstock","14":"sale","15":"taxable","16":"shipping-taxable","17":"purchasable","18":"product-type-simple"},"_links":{"self":[{"href":"https:\/\/www.carantaniatattoo.com\/de\/wp-json\/wp\/v2\/product\/30573","targetHints":{"allow":["GET"]}}],"collection":[{"href":"https:\/\/www.carantaniatattoo.com\/de\/wp-json\/wp\/v2\/product"}],"about":[{"href":"https:\/\/www.carantaniatattoo.com\/de\/wp-json\/wp\/v2\/types\/product"}],"version-history":[{"count":0,"href":"https:\/\/www.carantaniatattoo.com\/de\/wp-json\/wp\/v2\/product\/30573\/revisions"}],"wp:featuredmedia":[{"embeddable":true,"href":"https:\/\/www.carantaniatattoo.com\/de\/wp-json\/wp\/v2\/media\/30575"}],"wp:attachment":[{"href":"https:\/\/www.carantaniatattoo.com\/de\/wp-json\/wp\/v2\/media?parent=30573"}],"wp:term":[{"taxonomy":"product_brand","embeddable":true,"href":"https:\/\/www.carantaniatattoo.com\/de\/wp-json\/wp\/v2\/product_brand?post=30573"},{"taxonomy":"product_cat","embeddable":true,"href":"https:\/\/www.carantaniatattoo.com\/de\/wp-json\/wp\/v2\/product_cat?post=30573"},{"taxonomy":"product_tag","embeddable":true,"href":"https:\/\/www.carantaniatattoo.com\/de\/wp-json\/wp\/v2\/product_tag?post=30573"}],"curies":[{"name":"wp","href":"https:\/\/api.w.org\/{rel}","templated":true}]}}