{"id":31129,"date":"2019-07-31T13:55:10","date_gmt":"2019-07-31T13:55:10","guid":{"rendered":"https:\/\/www.ivh6.si\/Ponudbe\/tattoo\/izdelek\/carantania-igle-round-magnum\/"},"modified":"2026-03-18T09:21:58","modified_gmt":"2026-03-18T09:21:58","slug":"carantania-igle-round-magnum","status":"publish","type":"product","link":"https:\/\/www.carantaniatattoo.com\/de\/trgovina\/igle-za-tetoviranje\/carantania-igle\/carantania-nadel-rund-magnum\/","title":{"rendered":"CARANTANIA Runde Magnum"},"content":{"rendered":"<h4>CARANTANIA Runde Magnum<\/h4>\n<p>Hochwertige Tattoonadeln.<\/p>\n<p>Die Nadeln sind sterilisiert und einzeln f\u00fcr den einmaligen Gebrauch verpackt.<br \/>\nT\u00e4towiernadeln sind f\u00fcr die Verwendung auf allen Spulen- und Rotations-T\u00e4towiermaschinen vorgesehen.<br \/>\nF\u00fcr den professionellen Einsatz bestimmt.<\/p>\n<p>Verpackung \u00e0 50 St\u00fcck.<\/p>\n<p>Carantania Tattoo ist der erste slowenische Online-Shop, in dem Sie alles zum T\u00e4towieren finden. T\u00e4towierausr\u00fcstung der Spitzenmarke Cheyenne, T\u00e4towierfarben, T\u00e4towiernadeln, T\u00e4towiermaschinen, T\u00e4towiergriffe, s\u00e4mtliches T\u00e4towierzubeh\u00f6r, Netzteile und Kabel, Pedale, Reinigungssysteme, GHOST-T\u00e4towiermodule, Panthera Ink-T\u00e4towierfarben, weltber\u00fchmte T\u00e4towierfarben, Eternal-T\u00e4towierungsfarben und Intenze Ink Tattoofarben.<br \/>\nGerne beantworten wir alle Ihre Fragen per E-Mail, Facebook-Seite oder telefonisch unter 041 81 81 80.<\/p>\n<p>&nbsp;<\/p>","protected":false},"excerpt":{"rendered":"<h4>CARANTANIA Runde Magnum<\/h4>\n<p><span style=\"color: #000000;\"><a style=\"color: #000000;\" href=\"https:\/\/www.carantaniatattoo.com\/de\/produktkategorie\/igle-za-tetoviranje\/carantania-igle-za-tetoviranje\/\" rel=\"tag\">Carantania Tattoonadeln<\/a>, <\/span><\/p>\n<p>&nbsp;<\/p>","protected":false},"featured_media":32321,"template":"","meta":{"_seopress_robots_primary_cat":"none","_seopress_titles_title":"CARANTANIA Round Magnum - Carantania Tattoo","_seopress_titles_desc":"Igle so sterilizirane in posami\u010dno pakirane, za enkratno uporabo. Tattoo igle so namenjene za uporabo na vseh coil in rotary tattoo stroj\u010dkih.","_seopress_robots_index":""},"product_brand":[],"product_cat":[194,300,471,197],"product_tag":[],"class_list":{"0":"post-31129","1":"product","2":"type-product","3":"status-publish","4":"has-post-thumbnail","6":"product_cat-akcija","7":"product_cat-carantania-igle","8":"product_cat-carantania-tattoo-izdelki","9":"product_cat-igle-za-tetoviranje","10":"entry","11":"has-media","13":"first","14":"instock","15":"sale","16":"taxable","17":"shipping-taxable","18":"purchasable","19":"product-type-variable"},"_links":{"self":[{"href":"https:\/\/www.carantaniatattoo.com\/de\/wp-json\/wp\/v2\/product\/31129","targetHints":{"allow":["GET"]}}],"collection":[{"href":"https:\/\/www.carantaniatattoo.com\/de\/wp-json\/wp\/v2\/product"}],"about":[{"href":"https:\/\/www.carantaniatattoo.com\/de\/wp-json\/wp\/v2\/types\/product"}],"version-history":[{"count":0,"href":"https:\/\/www.carantaniatattoo.com\/de\/wp-json\/wp\/v2\/product\/31129\/revisions"}],"wp:featuredmedia":[{"embeddable":true,"href":"https:\/\/www.carantaniatattoo.com\/de\/wp-json\/wp\/v2\/media\/32321"}],"wp:attachment":[{"href":"https:\/\/www.carantaniatattoo.com\/de\/wp-json\/wp\/v2\/media?parent=31129"}],"wp:term":[{"taxonomy":"product_brand","embeddable":true,"href":"https:\/\/www.carantaniatattoo.com\/de\/wp-json\/wp\/v2\/product_brand?post=31129"},{"taxonomy":"product_cat","embeddable":true,"href":"https:\/\/www.carantaniatattoo.com\/de\/wp-json\/wp\/v2\/product_cat?post=31129"},{"taxonomy":"product_tag","embeddable":true,"href":"https:\/\/www.carantaniatattoo.com\/de\/wp-json\/wp\/v2\/product_tag?post=31129"}],"curies":[{"name":"wp","href":"https:\/\/api.w.org\/{rel}","templated":true}]}}