{"id":31610,"date":"2020-07-02T09:17:39","date_gmt":"2020-07-02T09:17:39","guid":{"rendered":"https:\/\/www.ivh6.si\/Ponudbe\/tattoo\/izdelek\/inkjecta-flite-x1\/"},"modified":"2025-07-07T11:07:16","modified_gmt":"2025-07-07T11:07:16","slug":"inkjecta-flite-x1","status":"publish","type":"product","link":"https:\/\/www.carantaniatattoo.com\/de\/trgovina\/strojcki-za-tetoviranje\/inkjecta-rotary-tattoo-machine\/flite-x1-injizieren-2\/","title":{"rendered":"INKJECTA FLITE X1"},"content":{"rendered":"<h4>INKJECTA FLITE X1<\/h4>\n<p>Eine neue Bewegung. Neue Kraft. Inkjecto Flite X1 wird von einem Akku voller innovativer Technologie angetrieben, der viele Anpassungsm\u00f6glichkeiten bietet \u2013 unbegrenzte Freiheit mit Li-Ionen-Akkubetrieb. Der Flite X1 macht Netzteile und Kabel \u00fcberfl\u00fcssig und erm\u00f6glicht maximale Bewegungsfreiheit. Die Laufzeit eines voll aufgeladenen Li-Ionen-Akkus betr\u00e4gt bis zu 8 Stunden. Im Lieferumfang sind zwei Akkus und ein Ladeger\u00e4t mit zwei Eing\u00e4ngen enthalten. Intuitive und ergonomische intelligente Steuerung.<\/p>\n<p>Die Spannung l\u00e4sst sich einfach durch Dr\u00fccken der entsprechenden Taste und gleichzeitiges Kippen der Maschine einstellen. Der Spannungsbereich kann zwischen 4,5 und 16,5 Volt eingestellt werden und wird durch R\u00e4der bestehend aus 12 kleinen LED-Leuchten angezeigt.<br \/>\nDie Einstellung der Stichtiefe erfolgt durch Dr\u00fccken der beiden Pfeile am Geh\u00e4use, sodass die Einstellung der Stichtiefe auch mit festen Griffen w\u00e4hrend der Arbeit sehr einfach ist. Flex-Grips sind nicht mehr zwingend erforderlich.<br \/>\nDurch einen schnellen Nockenwechsel kann der Hub den individuellen Anforderungen angepasst werden. Der Standard 3,25 mm ist im Lieferumfang enthalten, die anderen sind separat in 2,5, 3,0, 3,5 und 4,0 mm erh\u00e4ltlich.<br \/>\nDie H\u00e4rte kann mit unterschiedlichen Nadelstangen gew\u00e4hlt werden. Im Lieferumfang sind eine vormontierte Carbon-Nadelstange sowie eine mittlere und harte Torsion-Nadelstange enthalten.<br \/>\nDas Gewicht des Flite X1 betr\u00e4gt nur 144 g, er verf\u00fcgt \u00fcber Dual-Nano-Technologie, einen Antriebsmotor und einen Tiefenverstellmotor.<br \/>\nDer Inkjecta Flite X1 wurde in Australien entworfen, entwickelt und hergestellt. Dies gilt auch f\u00fcr die Leiterplatte, die in Australien nach milit\u00e4rischen Standards hergestellt wird.<\/p>\n<p>Kurze Fakten:<br \/>\nKabelloser Batteriebetrieb<br \/>\nIntuitive und ergonomisch durchdachte Bedienung<br \/>\nSpannungseinstellung per Knopfdruck und gleichzeitiges Kippen der Maschine<br \/>\nTechnologische Einstellung der Stichtiefe mit Hilfe von zwei Kn\u00f6pfen<br \/>\nVollst\u00e4ndig kompatibel mit Inkjecta Flite Nano Nocken und Nadelstangen<br \/>\nBetriebszeit 2040 mAh 18500 Li-Ionen-Akku: bis zu 8 Stunden<br \/>\nLadezeit 2040 mAh 18500 Li-Ion-Akku: 90 Min<br \/>\nBetriebszeit 900 mAh 18350 Li-Ionen-Akku: bis zu 4 Stunden<br \/>\nLadezeit 900 mAh 18350 Li-Ionen-Akku: 40 Min<br \/>\nSehr geringes Gewicht: 110 g ohne Akku, 144 g gro\u00dfer Akku, 139 g kleiner Akku<br \/>\nZwei Motoren mit Nanotechnologie<br \/>\nEntworfen, entwickelt und hergestellt in Australien<\/p>\n<p>Das Paket enth\u00e4lt:<br \/>\nLadeger\u00e4t mit 2 Anschl\u00fcssen<br \/>\n3,25 mm Nocke<br \/>\nCarbon Bar \u2013 vormontierte Nadelstange<br \/>\nNadelstange mit mittlerer Torsion<br \/>\nHarte Torsionsnadelstange<br \/>\n2040 mAh 18500 Li-Ionen-Akku<br \/>\n900 mAh 18350 Li-Ionen-Akku<br \/>\nInox MX5-Schmiermittel<br \/>\nSuperLube<br \/>\nMagnetisches Werkzeug<br \/>\nHandbuch<br \/>\ninkl. stabiler und gepolsterter Transportkoffer<\/p>\n<p>Auf Bestellung verf\u00fcgbar.<\/p>\n<p>&nbsp;<\/p>\n<p>&nbsp;<\/p>\n<p>&nbsp;<\/p>","protected":false},"excerpt":{"rendered":"<p>Kurze Fakten:<br \/>\nKabelloser Batteriebetrieb<br \/>\nIntuitive und ergonomisch durchdachte Bedienung<br \/>\nSpannungseinstellung per Knopfdruck und gleichzeitiges Kippen der Maschine<br \/>\nTechnologische Einstellung der Stichtiefe mit Hilfe von zwei Kn\u00f6pfen<br \/>\nVollst\u00e4ndig kompatibel mit Inkjecta Flite Nano Nocken und Nadelstangen<br \/>\nBetriebszeit 2040 mAh 18500 Li-Ionen-Akku: bis zu 8 Stunden<br \/>\nLadezeit 2040 mAh 18500 Li-Ion-Akku: 90 Min<br \/>\nBetriebszeit 900 mAh 18350 Li-Ionen-Akku: bis zu 4 Stunden<br \/>\nLadezeit 900 mAh 18350 Li-Ionen-Akku: 40 Min<br \/>\nSehr geringes Gewicht: 110 g ohne Akku, 144 g gro\u00dfer Akku, 139 g kleiner Akku<br \/>\nZwei Motoren mit Nanotechnologie<br \/>\nEntworfen, entwickelt und hergestellt in Australien<br \/>\nNa voljo v \u0161tirih razli\u010dnih barvah: Stealth, Glass, Smoke, Troopa<\/p>\n<p>Das Paket enth\u00e4lt:<br \/>\nLadeger\u00e4t mit 2 Anschl\u00fcssen<br \/>\n3,25 mm Nocke<br \/>\nCarbon Bar \u2013 vormontierte Nadelstange<br \/>\nNadelstange mit mittlerer Torsion<br \/>\nHarte Torsionsnadelstange<br \/>\n2040 mAh 18500 Li-Ionen-Akku<br \/>\n900 mAh 18350 Li-Ionen-Akku<br \/>\nInox MX5-Schmiermittel<br \/>\nSuperLube<br \/>\nMagnetisches Werkzeug<br \/>\nHandbuch<br \/>\ninkl. stabiler und gepolsterter Transportkoffer<\/p>","protected":false},"featured_media":31612,"template":"","meta":{"_seopress_robots_primary_cat":"none","_seopress_titles_title":"INJECTA FLITE X1 - Carantania Tattoo","_seopress_titles_desc":"\u010cas trajanja baterije je do 8h. V paketu sta dve bateriji in polnilnik. Napetost se enostavno prilagodi s pritiskom na ustrezni gumb. Zelo nizka te\u017ea. ","_seopress_robots_index":""},"product_brand":[],"product_cat":[261,202],"product_tag":[],"class_list":{"0":"post-31610","1":"product","2":"type-product","3":"status-publish","4":"has-post-thumbnail","6":"product_cat-inkjecta-rotary-tattoo-machine","7":"product_cat-strojcki-za-tetoviranje","8":"entry","9":"has-media","11":"first","12":"instock","13":"sale","14":"taxable","15":"shipping-taxable","16":"purchasable","17":"product-type-simple"},"_links":{"self":[{"href":"https:\/\/www.carantaniatattoo.com\/de\/wp-json\/wp\/v2\/product\/31610","targetHints":{"allow":["GET"]}}],"collection":[{"href":"https:\/\/www.carantaniatattoo.com\/de\/wp-json\/wp\/v2\/product"}],"about":[{"href":"https:\/\/www.carantaniatattoo.com\/de\/wp-json\/wp\/v2\/types\/product"}],"version-history":[{"count":0,"href":"https:\/\/www.carantaniatattoo.com\/de\/wp-json\/wp\/v2\/product\/31610\/revisions"}],"wp:featuredmedia":[{"embeddable":true,"href":"https:\/\/www.carantaniatattoo.com\/de\/wp-json\/wp\/v2\/media\/31612"}],"wp:attachment":[{"href":"https:\/\/www.carantaniatattoo.com\/de\/wp-json\/wp\/v2\/media?parent=31610"}],"wp:term":[{"taxonomy":"product_brand","embeddable":true,"href":"https:\/\/www.carantaniatattoo.com\/de\/wp-json\/wp\/v2\/product_brand?post=31610"},{"taxonomy":"product_cat","embeddable":true,"href":"https:\/\/www.carantaniatattoo.com\/de\/wp-json\/wp\/v2\/product_cat?post=31610"},{"taxonomy":"product_tag","embeddable":true,"href":"https:\/\/www.carantaniatattoo.com\/de\/wp-json\/wp\/v2\/product_tag?post=31610"}],"curies":[{"name":"wp","href":"https:\/\/api.w.org\/{rel}","templated":true}]}}