{"id":31625,"date":"2020-07-02T10:17:23","date_gmt":"2020-07-02T10:17:23","guid":{"rendered":"https:\/\/www.ivh6.si\/Ponudbe\/tattoo\/izdelek\/spektra-flux-powerbolt-baterija\/"},"modified":"2025-07-07T10:47:07","modified_gmt":"2025-07-07T10:47:07","slug":"spektra-flux-powerbolt-baterija","status":"publish","type":"product","link":"https:\/\/www.carantaniatattoo.com\/de\/trgovina\/napajalniki-stopalke-in-kabli\/napajalniki-za-tattoo-strojcke\/spectrum-flux-powerbolt-batterie\/","title":{"rendered":"FK Eisen FLUX POWERBOLT"},"content":{"rendered":"<p>Der Spektra Flux folgt dem beliebten rotierenden Xion und markiert das erste drahtlose Ger\u00e4t von FK Irons und DarkLab.<br \/>\nDie Stromversorgung des Spektra Flux erfolgt \u00fcber einen abnehmbaren Akku namens PowerBolt, der es K\u00fcnstlern erm\u00f6glicht, ihre Maschine drahtlos zu steuern, ohne dass Kabel oder Netzteile erforderlich sind. Da er austauschbar ist, k\u00f6nnen Sie bei leerem Akku schnell und einfach auf den Zusatzakku umsteigen und so problemlos weiterarbeiten.<\/p>\n<p>Der PowerBolt enth\u00e4lt einen Lithium-Ionen-Akku mit USB-C-Anschluss und dynamischem Power-Path-Management, das das gleichzeitige Laden des Akkus und die Bereitstellung von Strom erm\u00f6glicht. Es bietet Ladegeschwindigkeiten von bis zu 1,5 Ampere und eine Laufzeit von bis zu 10 Stunden, abh\u00e4ngig vom verwendeten Kartuschentyp und der Spannung. Dar\u00fcber hinaus sorgt die h\u00f6here Energiedichte des PowerBolt f\u00fcr Zuverl\u00e4ssigkeit und Stabilit\u00e4t.<br \/>\nNeben der LED-Anzeige f\u00fcr Batteriekapazit\u00e4t und -spannung verf\u00fcgt der PowerBolt auch \u00fcber drei Tasten: eine zum Ein-\/Ausschalten von Spektra Flux und eine weitere zum schnellen und einfachen Einstellen der Spannung. Dr\u00fccken Sie die Aufw\u00e4rts- und Abw\u00e4rtspfeile, um die Spannung des Spectrum Flux in Schritten von 0,5 V oder in Schritten von 5 bis 12 V zu \u00e4ndern, wobei die LED-Farbe der Spannungstabelle auf dem PowerBolt entspricht.<br \/>\nDer PowerBolt bietet au\u00dferdem die M\u00f6glichkeit, die automatische Aktivierung zu verhindern, was besonders bei Flugreisen n\u00fctzlich ist. Der Spektra Flux verf\u00fcgt au\u00dferdem \u00fcber Bluetooth, sodass Sie ihn mit dem Netzteil von DarkLab und der Hover-App koppeln k\u00f6nnen. Mit der DarkLab-App k\u00f6nnen Sie Ihr Flux drahtlos auf die neueste Firmware aktualisieren.<\/p>\n<p>Der Flux von Spektra Rotary verf\u00fcgt \u00fcber einen 4-mm-Eingang mit Direktantrieb, was bedeutet, dass er sich hervorragend f\u00fcr Linien, Schattierungen und F\u00e4rbungen eignet. Zudem ist er sehr leise im Betrieb und erzeugt nur minimale Vibrationen.<br \/>\nDie Spektra Flux-Version wird mit einem PowerBolt-Akku geliefert.<\/p>\n<p>Hauptmerkmale:<br \/>\n1x PowerBolt-Akku<br \/>\nAkku-Trimmer \u2013 keine Stromkabel erforderlich<br \/>\nAustauschbarer USB-C-Li-Ionen-Akku mit dynamischer Energieverwaltung<br \/>\nLED-Anzeige f\u00fcr Batteriekapazit\u00e4t und -spannung<br \/>\nSpannung: 5-12 V, einstellbar in 0,5-V-Schritten<br \/>\nLadegeschwindigkeiten bis zu 1,5 A<br \/>\nBis zu 10 Stunden Laufen<br \/>\nIm Lieferumfang ist Bluetooth enthalten, das Sie \u00fcber die App mit dem DarkLab Hover-Netzteil und der App verbinden k\u00f6nnen, um drahtlose Firmware-Updates durchzuf\u00fchren<br \/>\nDirektantrieb mit 4 mm Hub<br \/>\nGewicht: 181 g<br \/>\nHergestellt in den USA, 1 Jahr Garantie.<br \/>\nBestellbar!<\/p>\n<p>&nbsp;<\/p>","protected":false},"excerpt":{"rendered":"<p>Spektra Flux Powerbolt<\/p>\n<p>Hauptmerkmale:<br \/>\n1x PowerBolt-Akku<br \/>\nAkku-Trimmer \u2013 keine Stromkabel erforderlich<br \/>\nAustauschbarer USB-C-Li-Ionen-Akku mit dynamischer Energieverwaltung<br \/>\nLED-Anzeige f\u00fcr Batteriekapazit\u00e4t und -spannung<br \/>\nSpannung: 5-12 V, einstellbar in 0,5-V-Schritten<br \/>\nLadegeschwindigkeiten bis zu 1,5 A<br \/>\nBis zu 10 Stunden Laufen<br \/>\nIm Lieferumfang ist Bluetooth enthalten, das Sie \u00fcber die App mit dem DarkLab Hover-Netzteil und der App verbinden k\u00f6nnen, um drahtlose Firmware-Updates durchzuf\u00fchren<br \/>\nDirektantrieb mit 4 mm Hub<br \/>\nGewicht: 181 g<br \/>\nHergestellt in den USA, 1 Jahr Garantie.<br \/>\nBestellbar!<\/p>","protected":false},"featured_media":31627,"template":"","meta":{"_seopress_robots_primary_cat":"none","_seopress_titles_title":"SPEKTRA FLUX POWERBOLT - Carantania Tattoo","_seopress_titles_desc":"Napajanje Spektra Fluxa je snemljiva baterija, znana kot PowerBolt. \u010cas delovanja do 10 ur, odvisno od vrste uporabljene kartu\u0161e in napetosti","_seopress_robots_index":""},"product_brand":[],"product_cat":[194,292,217,202],"product_tag":[],"class_list":{"0":"post-31625","1":"product","2":"type-product","3":"status-publish","4":"has-post-thumbnail","6":"product_cat-akcija","7":"product_cat-fk-irons","8":"product_cat-napajalniki-za-tattoo-strojcke","9":"product_cat-strojcki-za-tetoviranje","10":"entry","11":"has-media","13":"first","14":"instock","15":"sale","16":"taxable","17":"shipping-taxable","18":"purchasable","19":"product-type-simple"},"_links":{"self":[{"href":"https:\/\/www.carantaniatattoo.com\/de\/wp-json\/wp\/v2\/product\/31625","targetHints":{"allow":["GET"]}}],"collection":[{"href":"https:\/\/www.carantaniatattoo.com\/de\/wp-json\/wp\/v2\/product"}],"about":[{"href":"https:\/\/www.carantaniatattoo.com\/de\/wp-json\/wp\/v2\/types\/product"}],"version-history":[{"count":0,"href":"https:\/\/www.carantaniatattoo.com\/de\/wp-json\/wp\/v2\/product\/31625\/revisions"}],"wp:featuredmedia":[{"embeddable":true,"href":"https:\/\/www.carantaniatattoo.com\/de\/wp-json\/wp\/v2\/media\/31627"}],"wp:attachment":[{"href":"https:\/\/www.carantaniatattoo.com\/de\/wp-json\/wp\/v2\/media?parent=31625"}],"wp:term":[{"taxonomy":"product_brand","embeddable":true,"href":"https:\/\/www.carantaniatattoo.com\/de\/wp-json\/wp\/v2\/product_brand?post=31625"},{"taxonomy":"product_cat","embeddable":true,"href":"https:\/\/www.carantaniatattoo.com\/de\/wp-json\/wp\/v2\/product_cat?post=31625"},{"taxonomy":"product_tag","embeddable":true,"href":"https:\/\/www.carantaniatattoo.com\/de\/wp-json\/wp\/v2\/product_tag?post=31625"}],"curies":[{"name":"wp","href":"https:\/\/api.w.org\/{rel}","templated":true}]}}