{"id":31708,"date":"2020-07-16T09:15:18","date_gmt":"2020-07-16T09:15:18","guid":{"rendered":"https:\/\/www.ivh6.si\/Ponudbe\/tattoo\/izdelek\/tattoomed-sun-protection-lsf50-100ml\/"},"modified":"2022-03-17T09:25:54","modified_gmt":"2022-03-17T09:25:54","slug":"tattoomed-sun-protection-lsf50-100ml","status":"publish","type":"product","link":"https:\/\/www.carantaniatattoo.com\/de\/trgovina\/nega-koze-po-tetoviranju\/mazila\/tattoomed-sonnenschutz-lsf50-100ml-2\/","title":{"rendered":"T\u00c4TOWIERTER SONNENSCHUTZ LSF 50"},"content":{"rendered":"<h4>TattooMed Sonnenschutz LSF 50<\/h4>\n<p>Creme mit wirksamem UVA-\/UVB-Schutz f\u00fcr t\u00e4towierte Haut.<b>\u00a0<\/b>TattooMed Sun Protection Sonnenschutzcreme LSF50 ist ein speziell entwickelter Sonnenschutz f\u00fcr t\u00e4towierte Haut bei sehr starkem Sonnenbaden. Hochwertige Inhaltsstoffe sowie ein hochwirksames breitbandiges UVA\/UVB-Filtersystem bieten optimalen Sofortschutz f\u00fcr das Tattoo. Sch\u00fctzt vor irreversiblen Sch\u00e4den wie Verblassen und vorzeitiger Hautalterung.<br \/>\nTattooMed Sun Protection LSF50 sollte vor jeder Sonnenexposition auf die Haut aufgetragen und bei l\u00e4ngerer Sonnenexposition wiederholt werden. Zus\u00e4tzlich zur Farbschutztechnologie verf\u00fcgt das Produkt auch \u00fcber einen Schutzfaktor von 50, der die Haut vor sch\u00e4dlicher Sonnenstrahlung sch\u00fctzt. Die Creme enth\u00e4lt Provitamin B5, spendet der Haut Feuchtigkeit, ist dermatologisch getestet und 100% vegan.<\/p>\n<p>Inhaltsstoffe: Aqua, Octocrylene, AlcoholDenat, Glycerin, C12-15AlkyBenzoate, ButylMethoxydibenzoylmethan, EthylhexySalicylate, TitaniumDioxide (nano), DicaprylyEther, TocopherylAcetate, VP\/HexadeceneCopolymer, Silica, Panthenol, TriacontanyIPVP, Bis-EthylhexyLoxyphenolMetoxyphenylTriazin, Parf\u00fcm, Acrylate\/C10 -30AlkylArcylateCrosspolymer, Cap Rylylglycol, Ethylhexyglycerin, Dimethicon, XanthanGum, Carbomer, DinatriumEDTA, Natriumhydroxid, Citral, Zitronens\u00e4ure, Benzylalkohol, Linalool, Citronellol, Tocopherol.<\/p>\n<p>Hergestellt in Deutschland.<\/p>\n<p>&nbsp;<\/p>","protected":false},"excerpt":{"rendered":"<p>TattooMed Sonnenschutz LSF 50<\/p>\n<p>Za\u0161\u010ditna krema pred soncem LSF50 je posebej razvita za\u0161\u010dita pred soncem za tetovirano ko\u017eo med zelo mo\u010dnim son\u010denjem. Kakovostne sestavine, pa tudi zelo u\u010dinkovit \u0161irokopasovni filtrirni sistem UVA \/ UVB nudijo optimalno takoj\u0161njo za\u0161\u010dito tetova\u017ee. \u0160\u010diti pred nepopravljivo \u0161kodo, kot sta zbledelost in prezgodnje staranje ko\u017ee.<\/p>\n<p>Besuchen Sie unsere FB-Seite <a href=\"https:\/\/www.facebook.com\/CarantaniaSlovenia\/\">Karantanien Slowenien<\/a><\/p>","protected":false},"featured_media":31710,"template":"","meta":{"_seopress_robots_primary_cat":"none","_seopress_titles_title":"TattooMed Sun Protection LSF 50 - Carantania Tatoo","_seopress_titles_desc":"Za\u0161\u010ditna krema pred soncem LSF50 je posebej razvita za\u0161\u010dita pred soncem za tetovirano ko\u017eo med zelo mo\u010dnim son\u010denjem. Kakovostne sestavine. 100% veganska krema.","_seopress_robots_index":""},"product_brand":[],"product_cat":[206,234,233,235],"product_tag":[],"class_list":{"0":"post-31708","1":"product","2":"type-product","3":"status-publish","4":"has-post-thumbnail","6":"product_cat-higiena","7":"product_cat-mazila","8":"product_cat-nega-koze-po-tetoviranju","9":"product_cat-za-nego-tattooja","10":"entry","11":"has-media","13":"first","14":"outofstock","15":"sale","16":"taxable","17":"shipping-taxable","18":"purchasable","19":"product-type-simple"},"_links":{"self":[{"href":"https:\/\/www.carantaniatattoo.com\/de\/wp-json\/wp\/v2\/product\/31708","targetHints":{"allow":["GET"]}}],"collection":[{"href":"https:\/\/www.carantaniatattoo.com\/de\/wp-json\/wp\/v2\/product"}],"about":[{"href":"https:\/\/www.carantaniatattoo.com\/de\/wp-json\/wp\/v2\/types\/product"}],"version-history":[{"count":0,"href":"https:\/\/www.carantaniatattoo.com\/de\/wp-json\/wp\/v2\/product\/31708\/revisions"}],"wp:featuredmedia":[{"embeddable":true,"href":"https:\/\/www.carantaniatattoo.com\/de\/wp-json\/wp\/v2\/media\/31710"}],"wp:attachment":[{"href":"https:\/\/www.carantaniatattoo.com\/de\/wp-json\/wp\/v2\/media?parent=31708"}],"wp:term":[{"taxonomy":"product_brand","embeddable":true,"href":"https:\/\/www.carantaniatattoo.com\/de\/wp-json\/wp\/v2\/product_brand?post=31708"},{"taxonomy":"product_cat","embeddable":true,"href":"https:\/\/www.carantaniatattoo.com\/de\/wp-json\/wp\/v2\/product_cat?post=31708"},{"taxonomy":"product_tag","embeddable":true,"href":"https:\/\/www.carantaniatattoo.com\/de\/wp-json\/wp\/v2\/product_tag?post=31708"}],"curies":[{"name":"wp","href":"https:\/\/api.w.org\/{rel}","templated":true}]}}