{"id":31854,"date":"2021-03-25T11:22:08","date_gmt":"2021-03-25T11:22:08","guid":{"rendered":"https:\/\/www.ivh6.si\/Ponudbe\/tattoo\/izdelek\/critical-mnml\/"},"modified":"2025-07-07T10:08:02","modified_gmt":"2025-07-07T10:08:02","slug":"critical-mnml","status":"publish","type":"product","link":"https:\/\/www.carantaniatattoo.com\/de\/trgovina\/napajalniki-stopalke-in-kabli\/napajalniki-za-tattoo-strojcke\/kritisches-mnml\/","title":{"rendered":"Kritisches MNML-Netzteil"},"content":{"rendered":"<h4>Kritisches MNML-Netzteil<\/h4>\n<p>Es ist f\u00fcr einfache und klassische Benutzer konzipiert. Es bietet stabile Leistung und Leistung. Mit der gro\u00dfen mittleren Taste k\u00f6nnen Sie oder ausw\u00e4hlen Einstellung des Spannungsbereichs von 1,5 bis 17V. Es ist leicht und klein und sein Geh\u00e4use besteht aus kompaktem und langlebigem Kunststoff, was es ideal f\u00fcr Reisen macht.<\/p>\n<p>Das CRITICAL MNML-Netzteil verf\u00fcgt \u00fcber einen einkanaligen Ausgang zum Anschluss der Maschine, einen Fu\u00dfschalteranschluss, eine rutschfeste Silikonbasis an der Unterseite und Magnete, mit denen das Netzteil an Metalloberfl\u00e4chen befestigt werden kann. Auf das Netzteil gibt es eine einj\u00e4hrige Garantie von einem der vertrauensw\u00fcrdigsten Hersteller.<\/p>\n<p>Merkmale:<br \/>\nSpannungsbereich: 1,5 \u2013 17 V<br \/>\nMinimales Design f\u00fcr pure Funktionalit\u00e4t.<br \/>\nSpannungseinstellungen per Knopfdruck (von links nach rechts drehen).<br \/>\nEingebaute Magnete zur Befestigung an Metalloberfl\u00e4chen.<br \/>\nEinfach anzusehen und zu verwenden.<br \/>\n1 Jahr Herstellergarantie.<br \/>\nHergestellt in den USA.<\/p>\n<p>&nbsp;<\/p>\n<p>&nbsp;<\/p>\n<p>&nbsp;<\/p>","protected":false},"excerpt":{"rendered":"<p>CRITICAL MNML napajlnik je zasnovan za enostavne in klasi\u010dne uporabnike. Zagotavlja stabilno delovanje in mo\u010d. Velik sredinski gumb omogo\u010da izbiranje oz. prilagoditev napetostnega obmo\u010dja od 1,5 do 17V. Je lahek in majhen, njegovo ohi\u0161je pa iz kompaktne in trpe\u017ene plastike, kar pomeni, da je idealen za potovanja.<\/p>\n<p>Merkmale:<br \/>\nSpannungsbereich: 1,5 \u2013 17 V<br \/>\nMinimales Design f\u00fcr pure Funktionalit\u00e4t.<br \/>\nSpannungseinstellungen per Knopfdruck (von links nach rechts drehen).<br \/>\nEingebaute Magnete zur Befestigung an Metalloberfl\u00e4chen.<br \/>\nEinfach anzusehen und zu verwenden.<br \/>\n2-letna garancija proizvajalca.<br \/>\nHergestellt in den USA.<\/p>","protected":false},"featured_media":35020,"template":"","meta":{"_seopress_robots_primary_cat":"none","_seopress_titles_title":"CRITICAL MNML - Carantania Tattoo","_seopress_titles_desc":"Z enokanalnim izhodom za priklop stroj\u010dka, s povezavo no\u017enega stikala, protizdrsno silikonsko podlago ter z magneti za pritrditev napajalnika. 1 letna garancija","_seopress_robots_index":""},"product_brand":[],"product_cat":[217,208],"product_tag":[],"class_list":{"0":"post-31854","1":"product","2":"type-product","3":"status-publish","4":"has-post-thumbnail","6":"product_cat-napajalniki-za-tattoo-strojcke","7":"product_cat-napajalniki-stopalke-in-kabli","8":"entry","9":"has-media","11":"first","12":"instock","13":"sale","14":"taxable","15":"shipping-taxable","16":"purchasable","17":"product-type-simple"},"_links":{"self":[{"href":"https:\/\/www.carantaniatattoo.com\/de\/wp-json\/wp\/v2\/product\/31854","targetHints":{"allow":["GET"]}}],"collection":[{"href":"https:\/\/www.carantaniatattoo.com\/de\/wp-json\/wp\/v2\/product"}],"about":[{"href":"https:\/\/www.carantaniatattoo.com\/de\/wp-json\/wp\/v2\/types\/product"}],"version-history":[{"count":0,"href":"https:\/\/www.carantaniatattoo.com\/de\/wp-json\/wp\/v2\/product\/31854\/revisions"}],"wp:featuredmedia":[{"embeddable":true,"href":"https:\/\/www.carantaniatattoo.com\/de\/wp-json\/wp\/v2\/media\/35020"}],"wp:attachment":[{"href":"https:\/\/www.carantaniatattoo.com\/de\/wp-json\/wp\/v2\/media?parent=31854"}],"wp:term":[{"taxonomy":"product_brand","embeddable":true,"href":"https:\/\/www.carantaniatattoo.com\/de\/wp-json\/wp\/v2\/product_brand?post=31854"},{"taxonomy":"product_cat","embeddable":true,"href":"https:\/\/www.carantaniatattoo.com\/de\/wp-json\/wp\/v2\/product_cat?post=31854"},{"taxonomy":"product_tag","embeddable":true,"href":"https:\/\/www.carantaniatattoo.com\/de\/wp-json\/wp\/v2\/product_tag?post=31854"}],"curies":[{"name":"wp","href":"https:\/\/api.w.org\/{rel}","templated":true}]}}