{"id":31873,"date":"2021-05-12T12:48:13","date_gmt":"2021-05-12T12:48:13","guid":{"rendered":"https:\/\/www.ivh6.si\/Ponudbe\/tattoo\/izdelek\/critical-polnilna-postaja-z-baterijama\/"},"modified":"2025-08-28T07:55:50","modified_gmt":"2025-08-28T07:55:50","slug":"critical-polnilna-postaja-z-baterijama","status":"publish","type":"product","link":"https:\/\/www.carantaniatattoo.com\/de\/trgovina\/napajalniki-stopalke-in-kabli\/napajalniki-za-tattoo-strojcke\/kritische-ladestation-mit-batterien\/","title":{"rendered":"KRITISCHE LADESTATION MIT BATTERIEN"},"content":{"rendered":"<p>Dieses Kit <strong>\u201eKRITISCHE LADESTATION MIT BATTERIEN\u201c<\/strong> es wird Sie nicht gleichg\u00fcltig lassen. Mit dem universellen Critical-Akku verwandeln Sie Ihren Rotationstrimmer im Handumdrehen in einen Akku-Trimmer.<\/p>\n<p><strong>Das Critical-Ladestationsset mit Batterien beinhaltet:<\/strong><br \/>\n2 x Cinch oder<br \/>\n2 x 3,5 mm (Cheyenne) oder<br \/>\n1 x Cinch und 1 x 3,5 mm (<a href=\"https:\/\/www.carantaniatattoo.com\/de\/produktkategorie\/strojcki-za-tetoviranje\/cheyenne-tattoo\/\">Cheyenne<\/a>)<br \/>\nDies bedeutet, dass dieser Akku mit RCA- und 3,5-mm-Anschl\u00fcssen (Cheyenne) erh\u00e4ltlich ist. Es ist mit den meisten Rotationsmaschinen kompatibel. Der Critical-Universalakku bietet eine ergonomische, ausgewogene und intuitive Benutzeroberfl\u00e4che, die echte Freiheit bietet.<\/p>\n<p><strong>Merkmale des Universalakkus:<\/strong><\/p>\n<ul>\n<li>kompatibel mit den meisten Rotationsrasierern<\/li>\n<li>erh\u00e4ltlich mit RCA- und 3,5-mm-Anschl\u00fcssen (Cheyenne)<\/li>\n<li>Kritischer Kern = konstante und stabile Ausgangsspannung<\/li>\n<li>Eine Dual-Ladestation ist optional<\/li>\n<li>leicht und ausgewogen<\/li>\n<li>intuitive Benutzeroberfl\u00e4che<\/li>\n<li>bis zu 10 Stunden T\u00e4towieren (je nach Spannung und Maschinennutzung)<\/li>\n<li>Spannungsbereich 4V-13V<\/li>\n<\/ul>\n<p><strong>Produktspezifikationen f\u00fcr Universalbatterien:<\/strong><br \/>\nL\u00e4nge: 2,47 Zoll<br \/>\nBreite: 1,26 Zoll<br \/>\nGewicht: 2,0 Unzen<br \/>\nFarbe: Schwarz<br \/>\nKompatibel mit RCA- und 3,5-mm-Batterien.<br \/>\nDiese Docking-Einheit erm\u00f6glicht einen einfachen Batteriewechsel. Die integrierte Magnetbasis erm\u00f6glicht unbegrenzte Befestigungsm\u00f6glichkeiten und erleichtert den Zugriff w\u00e4hrend Ihrer Tattoo-Sitzungen.<\/p>\n<p>Produktspezifikationen f\u00fcr Universalbatterien:<br \/>\nAbmessungen: 2&quot; x 4&quot; x 1,2&quot;<br \/>\nUSB-C-Kabel<br \/>\nUSB-C-Wandstecker<br \/>\nFarbe: Schwarz<\/p>\n<p>1 Jahr Herstellergarantie<\/p>\n<p>&nbsp;<\/p>","protected":false},"excerpt":{"rendered":"<p><strong>Merkmale des Universalakkus:<\/strong><\/p>\n<ul>\n<li>kompatibel mit den meisten Rotationsrasierern<\/li>\n<li>erh\u00e4ltlich mit RCA- und 3,5-mm-Anschl\u00fcssen (Cheyenne)<\/li>\n<li>Kritischer Kern = konstante und stabile Ausgangsspannung<\/li>\n<li>Eine Dual-Ladestation ist optional<\/li>\n<li>leicht und ausgewogen<\/li>\n<li>intuitive Benutzeroberfl\u00e4che<\/li>\n<li>bis zu 10 Stunden T\u00e4towieren (je nach Einsatz von Spannung und Maschine)<\/li>\n<\/ul>\n<p><strong>Merkmale der Universalbatterie und -station:<\/strong><\/p>\n<ul>\n<li>Kompatibel mit Critical-Universal-Cinch- und 3,5-mm-Batterien.<\/li>\n<li>Zwei Steckpl\u00e4tze zum Laden universeller Critical-Akkus.<\/li>\n<li>Unbegrenzte magnetische Befestigungsm\u00f6glichkeiten.<\/li>\n<li>Die Batterien passen einfach und pr\u00e4zise und bleiben in den meisten Ecken.<\/li>\n<li>Hitra zamenjava baterije; &#8220;zamenjava baterije z eno roko&#8221;.<\/li>\n<li>Ca. 2-3 Stunden Ladezeit (von leer auf voll).<\/li>\n<li>Spannungsbereich 4V-13V<\/li>\n<\/ul>\n<p>Lagerbestand: auf Bestellung.<\/p>","protected":false},"featured_media":35017,"template":"","meta":{"_seopress_robots_primary_cat":"none","_seopress_titles_title":"CRITICAL POLNILNA POSTAJA Z BATERIJAMA - Carantania Tattoo","_seopress_titles_desc":"Z univerzalno Critical baterijo lahko v hipu spremenite svoj rotacijski stroj\u010dek v brez\u017ei\u010dnega. 2 x RCA ali 2 x 3,5 mm (Cheyenne) ali 1 x RCA in 1 x 3,5 mm","_seopress_robots_index":""},"product_brand":[],"product_cat":[217,208],"product_tag":[],"class_list":{"0":"post-31873","1":"product","2":"type-product","3":"status-publish","4":"has-post-thumbnail","6":"product_cat-napajalniki-za-tattoo-strojcke","7":"product_cat-napajalniki-stopalke-in-kabli","8":"entry","9":"has-media","11":"first","12":"instock","13":"sale","14":"taxable","15":"shipping-taxable","16":"purchasable","17":"product-type-variable"},"_links":{"self":[{"href":"https:\/\/www.carantaniatattoo.com\/de\/wp-json\/wp\/v2\/product\/31873","targetHints":{"allow":["GET"]}}],"collection":[{"href":"https:\/\/www.carantaniatattoo.com\/de\/wp-json\/wp\/v2\/product"}],"about":[{"href":"https:\/\/www.carantaniatattoo.com\/de\/wp-json\/wp\/v2\/types\/product"}],"version-history":[{"count":0,"href":"https:\/\/www.carantaniatattoo.com\/de\/wp-json\/wp\/v2\/product\/31873\/revisions"}],"wp:featuredmedia":[{"embeddable":true,"href":"https:\/\/www.carantaniatattoo.com\/de\/wp-json\/wp\/v2\/media\/35017"}],"wp:attachment":[{"href":"https:\/\/www.carantaniatattoo.com\/de\/wp-json\/wp\/v2\/media?parent=31873"}],"wp:term":[{"taxonomy":"product_brand","embeddable":true,"href":"https:\/\/www.carantaniatattoo.com\/de\/wp-json\/wp\/v2\/product_brand?post=31873"},{"taxonomy":"product_cat","embeddable":true,"href":"https:\/\/www.carantaniatattoo.com\/de\/wp-json\/wp\/v2\/product_cat?post=31873"},{"taxonomy":"product_tag","embeddable":true,"href":"https:\/\/www.carantaniatattoo.com\/de\/wp-json\/wp\/v2\/product_tag?post=31873"}],"curies":[{"name":"wp","href":"https:\/\/api.w.org\/{rel}","templated":true}]}}