{"id":37915,"date":"2022-01-28T12:47:25","date_gmt":"2022-01-28T12:47:25","guid":{"rendered":"https:\/\/www.7shop.si\/tattoo\/?post_type=product&#038;p=37915"},"modified":"2025-08-28T07:54:38","modified_gmt":"2025-08-28T07:54:38","slug":"i-am-ink-0-bela","status":"publish","type":"product","link":"https:\/\/www.carantaniatattoo.com\/de\/trgovina\/tattoo-barve-eu\/i-am-ink-tattoo-barve-eu\/ich-bin-tinte-0-weis\/","title":{"rendered":"ICH BIN TINTE \u2013 0 WEISS"},"content":{"rendered":"<h4>ICH BIN TINTE \u2013 0 WEISS<\/h4>\n<p>\u201eWei\u00dfe Rutilpaste\u201c \u2013 wei\u00dfe Farbe. Hergestellt aus der hochwertigsten Modifikation von Titandioxid, Rutil. Es ist perfekt, um Akzente zu setzen. Rutil ist das wei\u00dfeste und optisch undurchsichtigste Pigment seiner Art.<\/p>\n<ul>\n<li>Inhalt 50 ml oder 100 ml<\/li>\n<li>Vegan \/ keine Tierversuche<\/li>\n<li>Keine Acrylate<\/li>\n<li>Rechtskonformit\u00e4t ResAP(2008)1<\/li>\n<li>Hergestellt in \u00d6sterreich<\/li>\n<li>Mit einem Fenster zum Betrachten des Inhalts<\/li>\n<\/ul>\n<p>Mindestwerte von Schwermetallen, PAKs und aromatischen Aminen innerhalb vorgegebener Grenzen ResAP (2008) 1. Vorbereitet auf die bevorstehende, noch strengere Regulierungsempfehlung der ECHA.<br \/>\n\u200d<br \/>\nInhaltsstoffe: AQUA, PROPYLENE GLYCOL, CI 77266, 1,2-HEXANDIOL, PVP, PEG\/PPG-8\/17 COPOLYMER, SIMETHICONE<br \/>\n\u200d<br \/>\nWarnung: T\u00e4towierfarben oder die darin enthaltenen Inhaltsstoffe k\u00f6nnen allergische Reaktionen hervorrufen und sollten von einem Arzt abgekl\u00e4rt werden. Enth\u00e4lt Spuren von Nickel und Chrom. Kann allergische Reaktionen hervorrufen. Nur f\u00fcr professionelle T\u00e4towierer gedacht.<\/p>","protected":false},"excerpt":{"rendered":"<p>\u201eWei\u00dfe Rutilpaste\u201c \u2013 wei\u00dfe Farbe. Hergestellt aus der hochwertigsten Modifikation von Titandioxid, Rutil. Es ist perfekt, um Akzente zu setzen. Rutil ist das wei\u00dfeste und optisch undurchsichtigste Pigment seiner Art.<\/p>\n<ul>\n<li>Vegan \/ keine Tierversuche<\/li>\n<li>Keine Acrylate<\/li>\n<li>Rechtskonformit\u00e4t ResAP(2008)1<\/li>\n<li>Hergestellt in \u00d6sterreich<\/li>\n<li>Mit einem Fenster zum Betrachten des Inhalts<\/li>\n<\/ul>","protected":false},"featured_media":37925,"template":"","meta":{"_seopress_robots_primary_cat":"none","_seopress_titles_title":"I AM INK - 0 BELA - Carantania Tattoo","_seopress_titles_desc":"Narejena iz najkakovostnej\u0161e modifikacije titanovega dioksida, rutila.  Rutil je najbolj bel in opti\u010dno najbolj neprozoren pigment te vrste.","_seopress_robots_index":""},"product_brand":[],"product_cat":[495,493],"product_tag":[],"class_list":{"0":"post-37915","1":"product","2":"type-product","3":"status-publish","4":"has-post-thumbnail","6":"product_cat-i-am-ink-tattoo-barve-eu","7":"product_cat-tattoo-barve-eu","8":"entry","9":"has-media","11":"first","12":"outofstock","13":"taxable","14":"shipping-taxable","15":"product-type-variable"},"_links":{"self":[{"href":"https:\/\/www.carantaniatattoo.com\/de\/wp-json\/wp\/v2\/product\/37915","targetHints":{"allow":["GET"]}}],"collection":[{"href":"https:\/\/www.carantaniatattoo.com\/de\/wp-json\/wp\/v2\/product"}],"about":[{"href":"https:\/\/www.carantaniatattoo.com\/de\/wp-json\/wp\/v2\/types\/product"}],"version-history":[{"count":0,"href":"https:\/\/www.carantaniatattoo.com\/de\/wp-json\/wp\/v2\/product\/37915\/revisions"}],"wp:featuredmedia":[{"embeddable":true,"href":"https:\/\/www.carantaniatattoo.com\/de\/wp-json\/wp\/v2\/media\/37925"}],"wp:attachment":[{"href":"https:\/\/www.carantaniatattoo.com\/de\/wp-json\/wp\/v2\/media?parent=37915"}],"wp:term":[{"taxonomy":"product_brand","embeddable":true,"href":"https:\/\/www.carantaniatattoo.com\/de\/wp-json\/wp\/v2\/product_brand?post=37915"},{"taxonomy":"product_cat","embeddable":true,"href":"https:\/\/www.carantaniatattoo.com\/de\/wp-json\/wp\/v2\/product_cat?post=37915"},{"taxonomy":"product_tag","embeddable":true,"href":"https:\/\/www.carantaniatattoo.com\/de\/wp-json\/wp\/v2\/product_tag?post=37915"}],"curies":[{"name":"wp","href":"https:\/\/api.w.org\/{rel}","templated":true}]}}