{"id":44824,"date":"2022-10-20T13:55:12","date_gmt":"2022-10-20T13:55:12","guid":{"rendered":"https:\/\/www.carantaniatattoo.com\/?post_type=product&#038;p=44824"},"modified":"2025-08-07T12:19:53","modified_gmt":"2025-08-07T12:19:53","slug":"critical-polnilna-postaja-z-baterijama-shorty-3","status":"publish","type":"product","link":"https:\/\/www.carantaniatattoo.com\/de\/trgovina\/napajalniki-stopalke-in-kabli\/napajalniki-za-tattoo-strojcke\/kritische-ladestation-mit-shorty-3-akkus\/","title":{"rendered":"KRITISCHER BATTERIE-Shorty"},"content":{"rendered":"<p><strong>KRITISCHER BATTERIE-Shorty<\/strong>\u00a0es wird Sie nicht gleichg\u00fcltig lassen. Mit dem universellen Critical-Akku verwandeln Sie Ihren Rotationstrimmer im Handumdrehen in einen Akku-Trimmer.<\/p>\n<ul>\n<li>kompatibel mit den meisten Rotationsrasierern<\/li>\n<li>OLED-Bildschirm und genaue Spannung<\/li>\n<li>ergonomisches Design<\/li>\n<li>nutzt die Bluetooth 5.0-Technologie<\/li>\n<li>erh\u00e4ltlich mit RCA- und 3,5-mm-Anschl\u00fcssen (Cheyenne)<\/li>\n<li>Kritischer Kern = konstante und stabile Ausgangsspannung<\/li>\n<li>Duale Ladestation optional (Aufladung per Kabel im Lieferumfang enthalten)<\/li>\n<li>leicht und ausgewogen<\/li>\n<li>intuitive Benutzeroberfl\u00e4che<\/li>\n<li>bis zu 5 Stunden T\u00e4towieren (je nach Spannung und Maschinennutzung)<\/li>\n<li>Spannungsbereich 4,5V-13V<\/li>\n<\/ul>\n<p>&nbsp;<\/p>\n<p><strong>Produktspezifikationen f\u00fcr Universalbatterien:<\/strong><br \/>\nL\u00e4nge: ca. 6,3 cm<br \/>\nBreite: ca. 3,2 cm<br \/>\nGewicht: ca. 35 g<br \/>\nFarbe: Schwarz<br \/>\nKompatibel mit RCA- und 3,5-mm-Batterien.<br \/>\nPasst <a href=\"https:\/\/www.carantaniatattoo.com\/de\/trgovina\/napajalniki-stopalke-in-kabli\/napajalniki-za-tattoo-strojcke\/kritische-ladestation-fur-den-universalakku\/\">Universelle Ladestation.\u00a0<\/a><\/p>\n<p>Spezifikationen der universellen Batterie:<br \/>\nAbmessungen: 6,3 x 3,2 cm<br \/>\nUSB-C-Kabel<br \/>\nUSB-C-Wandstecker<br \/>\nFarbe: Schwarz<\/p>\n<p>1 Jahr Herstellergarantie.<\/p>\n<p>*Bestellbar.<\/p>\n<p><a href=\"https:\/\/www.youtube.com\/watch?v=MYqmO9ZQW0U\">Die Einstellungen und den Akkubetrieb k\u00f6nnen Sie unter diesem Link einsehen.\u00a0<\/a><\/p>\n<p>&nbsp;<\/p>","protected":false},"excerpt":{"rendered":"<p><strong>KRITISCHER BATTERIE-Shorty<\/strong> es wird Sie nicht gleichg\u00fcltig lassen. Mit dem universellen Critical-Akku verwandeln Sie Ihren Rotationstrimmer im Handumdrehen in einen Akku-Trimmer. Der Akku ist mit den meisten Rotationsrasierern kompatibel. Erh\u00e4ltlich mit RCA- und 3,5-mm-Anschl\u00fcssen (Cheyenne). Kritischer Kern = konstante und stabile Ausgangsspannung. Eine Dual-Ladestation ist optional (Aufladung \u00fcber das mitgelieferte Kabel). Leicht und ausgewogen. Intuitive Benutzeroberfl\u00e4che. Bis zu 5 Stunden T\u00e4towieren (je nach Spannung und Maschinennutzung). Spannungsbereich 4,5V-13V.<\/p>","protected":false},"featured_media":44826,"template":"","meta":{"_seopress_robots_primary_cat":"none","_seopress_titles_title":"CRITICAL POLNILNA POSTAJA Z BATERIJAMA &quot;shorty&quot;","_seopress_titles_desc":"Zdru\u017eljiva je z ve\u010dino rotacijskih strojev.Posebej primerne za tiste, ki prisegajo na \u010dim la\u017eje stroj\u010dke.\u00a0Do 5 ur\u00a0 tetoviranja. Priklopna postaja ni obvezna.","_seopress_robots_index":""},"product_brand":[],"product_cat":[217,208],"product_tag":[],"class_list":{"0":"post-44824","1":"product","2":"type-product","3":"status-publish","4":"has-post-thumbnail","6":"product_cat-napajalniki-za-tattoo-strojcke","7":"product_cat-napajalniki-stopalke-in-kabli","8":"entry","9":"has-media","11":"first","12":"instock","13":"sale","14":"taxable","15":"shipping-taxable","16":"purchasable","17":"product-type-variable"},"_links":{"self":[{"href":"https:\/\/www.carantaniatattoo.com\/de\/wp-json\/wp\/v2\/product\/44824","targetHints":{"allow":["GET"]}}],"collection":[{"href":"https:\/\/www.carantaniatattoo.com\/de\/wp-json\/wp\/v2\/product"}],"about":[{"href":"https:\/\/www.carantaniatattoo.com\/de\/wp-json\/wp\/v2\/types\/product"}],"version-history":[{"count":0,"href":"https:\/\/www.carantaniatattoo.com\/de\/wp-json\/wp\/v2\/product\/44824\/revisions"}],"wp:featuredmedia":[{"embeddable":true,"href":"https:\/\/www.carantaniatattoo.com\/de\/wp-json\/wp\/v2\/media\/44826"}],"wp:attachment":[{"href":"https:\/\/www.carantaniatattoo.com\/de\/wp-json\/wp\/v2\/media?parent=44824"}],"wp:term":[{"taxonomy":"product_brand","embeddable":true,"href":"https:\/\/www.carantaniatattoo.com\/de\/wp-json\/wp\/v2\/product_brand?post=44824"},{"taxonomy":"product_cat","embeddable":true,"href":"https:\/\/www.carantaniatattoo.com\/de\/wp-json\/wp\/v2\/product_cat?post=44824"},{"taxonomy":"product_tag","embeddable":true,"href":"https:\/\/www.carantaniatattoo.com\/de\/wp-json\/wp\/v2\/product_tag?post=44824"}],"curies":[{"name":"wp","href":"https:\/\/api.w.org\/{rel}","templated":true}]}}