{"id":46542,"date":"2023-01-18T13:02:08","date_gmt":"2023-01-18T13:02:08","guid":{"rendered":"https:\/\/www.carantaniatattoo.com\/?post_type=product&#038;p=46542"},"modified":"2025-01-31T11:24:23","modified_gmt":"2025-01-31T11:24:23","slug":"tattoomed-tattoo-gel-200ml","status":"publish","type":"product","link":"https:\/\/www.carantaniatattoo.com\/de\/trgovina\/hygiene\/vazelini\/tattoomed-tattoo-gel-200ml\/","title":{"rendered":"T\u00c4TOWIERTES TATTOO-GEL 200 ml"},"content":{"rendered":"<h4>T\u00c4TOWIERTES TATTOO-GEL 200 ml<\/h4>\n<p>Ein Hautschutzgel mit Gleiteffekt beim T\u00e4towieren. Professionelles Tattoo-Gel f\u00fcr optimalen Hautschutz beim T\u00e4towieren. Tattoo Gel sorgt f\u00fcr eine optimale Gleitschicht auf der Haut.<\/p>\n<p>Wer schon einmal mit Vaseline gearbeitet hat, wird von dem neuen Tattoo-Gel begeistert sein. Das Tattoo-Gel h\u00e4lt die Haut beim T\u00e4towieren flexibel und erm\u00f6glicht das Entfernen \u00fcbersch\u00fcssiger Tattoomasse vom Tattoo, sodass Sie immer die beste Sicht auf Ihre Arbeit haben. Das neue Tattoo-Gel ist in der praktischen 200-ml-Tube erh\u00e4ltlich und kann auch als After-Tattoo-Pflege verwendet werden. Zudem duftet das Tattoo-Gel frisch nach Limette und Rosmarin.<br \/>\nKurze Zusammenfassung:<\/p>\n<p>Optimaler Hautschutz beim T\u00e4towieren.<br \/>\nEs sorgt f\u00fcr eine optimale Gleitschicht auf der Haut.<br \/>\nDie Wirkung von \u00fcbersch\u00fcssiger T\u00e4towiermasse.<br \/>\n100% Vegan.<br \/>\nToller Gleiteffekt.<br \/>\nBeruhigende Wirkung durch Limette und Rosmarin.<\/p>\n<p>Anwendungsempfehlung:<br \/>\nVor dem T\u00e4towieren d\u00fcnn auf die zu t\u00e4towierende Stelle auftragen. Der Vorgang kann bei Bedarf w\u00e4hrend des T\u00e4towierens mehrmals wiederholt werden.<\/p>","protected":false},"excerpt":{"rendered":"<h4>T\u00c4TOWIERTES TATTOO-GEL 200 ml<\/h4>\n<p>Ein Hautschutzgel mit Gleiteffekt beim T\u00e4towieren. Professionelles Tattoo-Gel f\u00fcr optimalen Hautschutz beim T\u00e4towieren. Tattoo Gel sorgt f\u00fcr eine optimale Gleitschicht auf der Haut.<\/p>\n<p>Vsakdo, ki je delal z vazelinom, bo navdu\u0161en nad novim gelom za tetoviranje. Gel za tetoviranje ohranja ko\u017eo pro\u017eno med tetoviranjem in pusti, da se odve\u010dna zmes za tetoviranje odstratni iz tetova\u017ee, tako imate vedno najbolj\u0161i pregled nad svojim delom.<\/p>","protected":false},"featured_media":46565,"template":"","meta":{"_seopress_robots_primary_cat":"none","_seopress_titles_title":"TATTOOMED TATTOO GEL 200ml","_seopress_titles_desc":"Profesionalni gel za tetoviranje,\u00a0 za optimalno za\u0161\u010dito ko\u017ee med tetoviranjem. Tattoo Gel zagotavlja optimalen drsni sloj na ko\u017ei. Razvito posebej za artiste.","_seopress_robots_index":""},"product_brand":[],"product_cat":[194,206,243],"product_tag":[],"class_list":{"0":"post-46542","1":"product","2":"type-product","3":"status-publish","4":"has-post-thumbnail","6":"product_cat-akcija","7":"product_cat-higiena","8":"product_cat-vazelini","9":"entry","10":"has-media","12":"first","13":"instock","14":"sale","15":"taxable","16":"shipping-taxable","17":"purchasable","18":"product-type-simple"},"_links":{"self":[{"href":"https:\/\/www.carantaniatattoo.com\/de\/wp-json\/wp\/v2\/product\/46542","targetHints":{"allow":["GET"]}}],"collection":[{"href":"https:\/\/www.carantaniatattoo.com\/de\/wp-json\/wp\/v2\/product"}],"about":[{"href":"https:\/\/www.carantaniatattoo.com\/de\/wp-json\/wp\/v2\/types\/product"}],"version-history":[{"count":0,"href":"https:\/\/www.carantaniatattoo.com\/de\/wp-json\/wp\/v2\/product\/46542\/revisions"}],"wp:featuredmedia":[{"embeddable":true,"href":"https:\/\/www.carantaniatattoo.com\/de\/wp-json\/wp\/v2\/media\/46565"}],"wp:attachment":[{"href":"https:\/\/www.carantaniatattoo.com\/de\/wp-json\/wp\/v2\/media?parent=46542"}],"wp:term":[{"taxonomy":"product_brand","embeddable":true,"href":"https:\/\/www.carantaniatattoo.com\/de\/wp-json\/wp\/v2\/product_brand?post=46542"},{"taxonomy":"product_cat","embeddable":true,"href":"https:\/\/www.carantaniatattoo.com\/de\/wp-json\/wp\/v2\/product_cat?post=46542"},{"taxonomy":"product_tag","embeddable":true,"href":"https:\/\/www.carantaniatattoo.com\/de\/wp-json\/wp\/v2\/product_tag?post=46542"}],"curies":[{"name":"wp","href":"https:\/\/api.w.org\/{rel}","templated":true}]}}