{"id":46581,"date":"2023-01-19T13:39:04","date_gmt":"2023-01-19T13:39:04","guid":{"rendered":"https:\/\/www.carantaniatattoo.com\/?post_type=product&#038;p=46581"},"modified":"2025-08-28T07:54:33","modified_gmt":"2025-08-28T07:54:33","slug":"hornet-protective-film","status":"publish","type":"product","link":"https:\/\/www.carantaniatattoo.com\/de\/trgovina\/nega-koze-po-tetoviranju\/folije-in-oblizi\/hornissenschutzfolie-2\/","title":{"rendered":"Hornet-Schutzfolie"},"content":{"rendered":"<p>Hornet-Schutzfolie 15cmx10m<\/p>\n<p>Das Produkt Hornet Film Protection ist eine hochwertige mikroperforierte Folie. W\u00e4hrend des Heilungsprozesses sch\u00fctzt es die Wunde vor Bakterien und Keimen, beugt Wundscheuern vor und verhindert, dass \u00e4u\u00dfere Faktoren den Heilungsprozess st\u00f6ren.<\/p>\n<p>Merkmale:<br \/>\n\u2013 15 cm breite und 10 m lange Rolle<br \/>\n\u2013 Wird mit einem Cutter zum einfachen Schneiden geliefert<br \/>\n\u2013 Luftig<br \/>\n\u2013 Anpassungsf\u00e4hig<br \/>\n\u2013 Wasserdicht<br \/>\n\u2013 Die Rolle ist steril verpackt<\/p>\n<p>Dank der Easy-Cut-Funktion k\u00f6nnen Sie ganz einfach und bequem auf die gew\u00fcnschte Gr\u00f6\u00dfe zuschneiden, ohne dass Sie eine Schere ben\u00f6tigen. Befestigen Sie dazu den mitgelieferten Cutter am Kartonrand.<\/p>\n<p>Anwendung:<br \/>\nWarten Sie vor dem Anbringen 10 Minuten, reinigen und trocknen Sie den Bereich, an dem Sie die Folie anbringen m\u00f6chten. Schneiden Sie mit dem Cutter an der Schachtel oder einer Schere ein St\u00fcck passender Gr\u00f6\u00dfe von der Rolle ab. Stellen Sie sicher, dass Sie ein paar Zentimeter mehr Folie hinzuf\u00fcgen, um sicherzustellen, dass alle Kanten des Tattoos erreicht werden. Entfernen Sie das wei\u00dfe Papier und legen Sie die Klebeseite der Folie vorsichtig auf die Haut. Stellen Sie nach dem Auftragen sicher, dass die Kanten fest sitzen, um die Folie an ihrem Platz zu sichern. Entfernen Sie die Schutzfolie auf der anderen Seite der Folie und die Anwendung ist abgeschlossen. Entfernen Sie die Folie nach 24 Stunden und beginnen Sie mit der klassischen Tattoo-Pflege.<\/p>\n<p>ENTFERNEN DER FOLIE:<br \/>\nAchten Sie beim Entfernen der Folie darauf, dass Sie mit dem Entfernen von einer Seite zur anderen beginnen. Entfernen Sie die Folie langsam, nicht zu grob und nicht zu schnell.<\/p>","protected":false},"excerpt":{"rendered":"<p>Hornet-Schutzfolie 15cmx10m<\/p>","protected":false},"featured_media":46588,"template":"","meta":{"_seopress_robots_primary_cat":"none","_seopress_titles_title":"Hornet Protective Film 15cmx10m  - Carantania Tattoo","_seopress_titles_desc":"Izdelek Hornet Film Protection je mikro perforirana folija visoke kakovosti. V procesu celjenja \u0161\u010diti rano pred bakterijami in klicami, prepre\u010duje drgnjenje in prepre\u010duje, da bi zunanji dejavniki ovirali proces celjenja.","_seopress_robots_index":""},"product_brand":[],"product_cat":[244,245,206,233],"product_tag":[],"class_list":{"0":"post-46581","1":"product","2":"type-product","3":"status-publish","4":"has-post-thumbnail","6":"product_cat-folije-in-oblizi","7":"product_cat-folije-za-zascito-tetovirane-koze","8":"product_cat-higiena","9":"product_cat-nega-koze-po-tetoviranju","10":"entry","11":"has-media","13":"first","14":"outofstock","15":"sale","16":"taxable","17":"shipping-taxable","18":"purchasable","19":"product-type-simple"},"_links":{"self":[{"href":"https:\/\/www.carantaniatattoo.com\/de\/wp-json\/wp\/v2\/product\/46581","targetHints":{"allow":["GET"]}}],"collection":[{"href":"https:\/\/www.carantaniatattoo.com\/de\/wp-json\/wp\/v2\/product"}],"about":[{"href":"https:\/\/www.carantaniatattoo.com\/de\/wp-json\/wp\/v2\/types\/product"}],"version-history":[{"count":0,"href":"https:\/\/www.carantaniatattoo.com\/de\/wp-json\/wp\/v2\/product\/46581\/revisions"}],"wp:featuredmedia":[{"embeddable":true,"href":"https:\/\/www.carantaniatattoo.com\/de\/wp-json\/wp\/v2\/media\/46588"}],"wp:attachment":[{"href":"https:\/\/www.carantaniatattoo.com\/de\/wp-json\/wp\/v2\/media?parent=46581"}],"wp:term":[{"taxonomy":"product_brand","embeddable":true,"href":"https:\/\/www.carantaniatattoo.com\/de\/wp-json\/wp\/v2\/product_brand?post=46581"},{"taxonomy":"product_cat","embeddable":true,"href":"https:\/\/www.carantaniatattoo.com\/de\/wp-json\/wp\/v2\/product_cat?post=46581"},{"taxonomy":"product_tag","embeddable":true,"href":"https:\/\/www.carantaniatattoo.com\/de\/wp-json\/wp\/v2\/product_tag?post=46581"}],"curies":[{"name":"wp","href":"https:\/\/api.w.org\/{rel}","templated":true}]}}