{"id":48669,"date":"2023-04-12T12:45:56","date_gmt":"2023-04-12T12:45:56","guid":{"rendered":"https:\/\/www.carantaniatattoo.com\/?post_type=product&#038;p=48669"},"modified":"2025-07-25T09:50:28","modified_gmt":"2025-07-25T09:50:28","slug":"i-am-ink-silver-1-3","status":"publish","type":"product","link":"https:\/\/www.carantaniatattoo.com\/de\/trgovina\/tattoo-barve-eu\/i-am-ink-tattoo-barve-eu\/ich-bin-tintensilber-1-3\/","title":{"rendered":"ICH BIN TINTE SILBER 1 \u2013 3"},"content":{"rendered":"<div data-elementor-type=\"product-post\" data-elementor-id=\"48669\" class=\"elementor elementor-48669\" data-elementor-post-type=\"product\">\n\t\t\t\t\t\t<section class=\"elementor-section elementor-top-section elementor-element elementor-element-70a583fc elementor-section-boxed elementor-section-height-default elementor-section-height-default\" data-id=\"70a583fc\" data-element_type=\"section\" data-settings=\"{&quot;jet_parallax_layout_list&quot;:[]}\">\n\t\t\t\t\t\t<div class=\"elementor-container elementor-column-gap-default\">\n\t\t\t\t\t<div class=\"elementor-column elementor-col-100 elementor-top-column elementor-element elementor-element-29f4ee38\" data-id=\"29f4ee38\" data-element_type=\"column\">\n\t\t\t<div class=\"elementor-widget-wrap elementor-element-populated\">\n\t\t\t\t\t\t<div class=\"elementor-element elementor-element-704fc2d3 elementor-widget elementor-widget-text-editor\" data-id=\"704fc2d3\" data-element_type=\"widget\" data-widget_type=\"text-editor.default\">\n\t\t\t\t<div class=\"elementor-widget-container\">\n\t\t\t\t\t\t\t\t\t<h4>ICH BIN TINTE<\/h4><p>Classic B&amp;G wird aus einer Reihe von Wasser- und Tintenmischungen hergestellt, die auf kr\u00e4ftiger schwarzer Tinte basieren. Das Hervorheben mit Wei\u00df gilt beispielsweise nicht f\u00fcr die klassische B&amp;G-Technik.<\/p><p>Mit dem modernen T\u00e4towieren haben wir einen neuen Blick auf die M\u00f6glichkeiten und sinnvollen Wirkungen des Handwerks gewonnen. Mit der Zeit sahen wir realistische Tattoos, die immer mehr Tiefe und Deckkraft aufwiesen. Sie k\u00f6nnen diese Effekte erzielen, indem Sie kleine Tropfen wei\u00dfer Farbe zu Ihrer bevorzugten schwarzen Tinte hinzuf\u00fcgen.<\/p><p>Problem: Bei der Greywash-Serie ist der hellste Ton derjenige, der am meisten Wasser enth\u00e4lt und einen Lackeffekt hat. Der hellste Farbton von Silverwash ist derjenige, der den gr\u00f6\u00dften Wei\u00dfanteil enth\u00e4lt. Wenn K\u00fcnstler ihre eigenen Silverwash-T\u00f6ne mit einem Greywash-Ton mischen, besteht eine sehr hohe Wahrscheinlichkeit, dass das verheilte Tattoo fleckig wird und das Ergebnis nicht wie beabsichtigt ist.<\/p><p>Die zweite Generation von I AM INK \u2013 Silverwash \u2013 besteht aus drei vorgemischten Silverwashes, die auf der ersten Generation von I AM INK Greywash basieren. F\u00fcr optimale Ergebnisse werden Schwarz- und Wei\u00dft\u00f6ne mechanisch perfekt gemischt.<\/p><p>Silverwash ist in drei Farbt\u00f6nen erh\u00e4ltlich:<\/p><p>Silber 1: Der hellste Ton basierend auf der ersten Generation \u201eSumi 1\u201c.<br \/>Silver 2: Mittelklasse basierend auf der ersten Generation \u201eSumi 2\u201c.<br \/>Silver 3: Der dunkelste Ton der Silverwash-Serie, basierend auf der ersten Generation \u201eSumi 3\u201c.<\/p><ul><li>Inhalt 50 ml<\/li><li>Vegan und acrylatfrei<\/li><li>Hergestellt in \u00d6sterreich<\/li><\/ul><p><\/p><\/div><\/div><\/div><\/div><\/div><\/section><\/div> <a href=\"https:\/\/www.carantaniatattoo.com\/de\/trgovina\/tattoo-barve-eu\/i-am-ink-tattoo-barve-eu\/ich-bin-tintensilber-1-3\/#more-48669\" class=\"more-link elementor-more-link\"><span aria-label=\"I AM INK SILVER 1 &#8211; 3 weiterlesen\">(mehr &hellip;)<\/span><\/a>","protected":false},"excerpt":{"rendered":"<h4>ICH BIN TINTE SILBER 1 \u2013 3<\/h4>\n<p>Die zweite Generation von I AM INK \u2013 Silverwash \u2013 besteht aus drei vorgemischten Silverwashes, die auf der ersten Generation von I AM INK Greywash basieren. F\u00fcr optimale Ergebnisse werden Schwarz- und Wei\u00dft\u00f6ne mechanisch perfekt gemischt.<\/p>\n<p>Silverwash ist in drei Farbt\u00f6nen erh\u00e4ltlich:<\/p>\n<p>Silber 1: Der hellste Ton basierend auf der ersten Generation \u201eSumi 1\u201c.<br \/>\nSilver 2: Mittelklasse basierend auf der ersten Generation \u201eSumi 2\u201c.<\/p>\n<p>Silver 3: Der dunkelste Ton der Silverwash-Serie, basierend auf der ersten Generation \u201eSumi 3\u201c.<\/p>\n<p>&nbsp;<\/p>","protected":false},"featured_media":48770,"template":"","meta":{"_seopress_robots_primary_cat":"none","_seopress_titles_title":"I AM INK SILVER 1 - 3","_seopress_titles_desc":"I AM INK SILVER 1 - 3 | Carantania Tattoo | Vse za tattoo studio na enem mestu. Pri naro\u010dilih nad 100EUR brez stro\u0161kov po\u0161iljanja.","_seopress_robots_index":""},"product_brand":[],"product_cat":[495,493],"product_tag":[],"class_list":{"0":"post-48669","1":"product","2":"type-product","3":"status-publish","4":"has-post-thumbnail","6":"product_cat-i-am-ink-tattoo-barve-eu","7":"product_cat-tattoo-barve-eu","8":"entry","9":"has-media","11":"first","12":"outofstock","13":"taxable","14":"shipping-taxable","15":"product-type-variable"},"_links":{"self":[{"href":"https:\/\/www.carantaniatattoo.com\/de\/wp-json\/wp\/v2\/product\/48669","targetHints":{"allow":["GET"]}}],"collection":[{"href":"https:\/\/www.carantaniatattoo.com\/de\/wp-json\/wp\/v2\/product"}],"about":[{"href":"https:\/\/www.carantaniatattoo.com\/de\/wp-json\/wp\/v2\/types\/product"}],"version-history":[{"count":0,"href":"https:\/\/www.carantaniatattoo.com\/de\/wp-json\/wp\/v2\/product\/48669\/revisions"}],"wp:featuredmedia":[{"embeddable":true,"href":"https:\/\/www.carantaniatattoo.com\/de\/wp-json\/wp\/v2\/media\/48770"}],"wp:attachment":[{"href":"https:\/\/www.carantaniatattoo.com\/de\/wp-json\/wp\/v2\/media?parent=48669"}],"wp:term":[{"taxonomy":"product_brand","embeddable":true,"href":"https:\/\/www.carantaniatattoo.com\/de\/wp-json\/wp\/v2\/product_brand?post=48669"},{"taxonomy":"product_cat","embeddable":true,"href":"https:\/\/www.carantaniatattoo.com\/de\/wp-json\/wp\/v2\/product_cat?post=48669"},{"taxonomy":"product_tag","embeddable":true,"href":"https:\/\/www.carantaniatattoo.com\/de\/wp-json\/wp\/v2\/product_tag?post=48669"}],"curies":[{"name":"wp","href":"https:\/\/api.w.org\/{rel}","templated":true}]}}