{"id":48709,"date":"2023-04-13T12:51:43","date_gmt":"2023-04-13T12:51:43","guid":{"rendered":"https:\/\/www.carantaniatattoo.com\/?post_type=product&#038;p=48709"},"modified":"2025-08-28T07:54:18","modified_gmt":"2025-08-28T07:54:18","slug":"i-am-ink-barvni-pigmenti","status":"publish","type":"product","link":"https:\/\/www.carantaniatattoo.com\/de\/trgovina\/tattoo-barve-eu\/i-am-ink-tattoo-barve-eu\/ich-bin-tintenfarbpigmente\/","title":{"rendered":"I AM INK \u2013 Farbpigmente 30 ml"},"content":{"rendered":"<h4>I AM INK \u2013 Farbpigmente<\/h4>\n<p>Die echten Pigmente von I AM INK sind die perfekte Wahl f\u00fcr jeden T\u00e4towierer, der auf der Suche nach brillanten Farben ist. Diese Pigmente bieten eine hohe Farbdichte und hervorragende Haltbarkeit.<\/p>\n<p>Als vegane und sterile Produktlinie bieten die True Pigments von I AM INK ein hohes Ma\u00df an Sicherheit und Vertrauen f\u00fcr K\u00fcnstler und Kunden. Diese Pigmente erf\u00fcllen die strengen Grenzwerte von REACH und bieten eine sichere und garantierte Wahl f\u00fcr alle, die eine hochwertige T\u00e4towierfarbe suchen.<\/p>\n<p>Echte I AM INK-Pigmente sind in einer breiten Farbpalette erh\u00e4ltlich, von kr\u00e4ftigen, lebendigen Farben bis hin zu dezenten und nat\u00fcrlichen T\u00f6nen. Das Sortiment wird st\u00e4ndig erweitert. Mit diesen Pigmenten k\u00f6nnen T\u00e4towierer ihrer Kreativit\u00e4t Ausdruck verleihen und die gew\u00fcnschten Ergebnisse erzielen.<\/p>\n<p>Merkmale:<\/p>\n<p>\u2022 REACH-KONFORM<br \/>\n\u2022 steril<br \/>\n\u2022 vegan<br \/>\n\u2022 Hergestellt in \u00d6sterreich<br \/>\n\u2022 30-ml-Flaschen<\/p>\n<p>&nbsp;<\/p>\n<p>Die Farbt\u00f6ne von I am Ink Pigments lassen sich perfekt mit I am Ink Pigments v kombinieren <a href=\"https:\/\/www.carantaniatattoo.com\/de\/trgovina\/tattoo-barve-eu\/i-am-ink-tattoo-barve-eu\/ich-bin-tintensilber-1-3\/\">Silbert\u00f6ne<\/a>.<\/p>\n<p>&nbsp;<\/p>\n<p><strong>One-Drop-Tintengl\u00e4tter<\/strong>: obligatorisch f\u00fcr die gesamte Farbpigmentlinie. Es sorgt daf\u00fcr, dass die Tinte beim Auftragen glatt bleibt.<\/p>\n<p>Verwendung:<br \/>\n\u2022 1 Tropfen pro mit Tinte gef\u00fclltem Deckel.<br \/>\n\u2022 30 ml<br \/>\n\u2022 REACH-KONFORM<br \/>\n\u2022 steril und vegan<br \/>\n\u2022 Hergestellt in \u00d6sterreich<\/p>","protected":false},"excerpt":{"rendered":"<p>Echte I AM INK-Pigmente sind in einer breiten Farbpalette erh\u00e4ltlich, von kr\u00e4ftigen, lebendigen Farben bis hin zu dezenten und nat\u00fcrlichen T\u00f6nen. Das Sortiment wird st\u00e4ndig erweitert. Mit diesen Pigmenten k\u00f6nnen T\u00e4towierer ihrer Kreativit\u00e4t Ausdruck verleihen und die gew\u00fcnschten Ergebnisse erzielen.<\/p>","protected":false},"featured_media":48767,"template":"","meta":{"_seopress_robots_primary_cat":"none","_seopress_titles_title":"","_seopress_titles_desc":"","_seopress_robots_index":""},"product_brand":[],"product_cat":[495,493],"product_tag":[],"class_list":{"0":"post-48709","1":"product","2":"type-product","3":"status-publish","4":"has-post-thumbnail","6":"product_cat-i-am-ink-tattoo-barve-eu","7":"product_cat-tattoo-barve-eu","8":"entry","9":"has-media","11":"first","12":"instock","13":"sale","14":"taxable","15":"shipping-taxable","16":"purchasable","17":"product-type-variable"},"_links":{"self":[{"href":"https:\/\/www.carantaniatattoo.com\/de\/wp-json\/wp\/v2\/product\/48709","targetHints":{"allow":["GET"]}}],"collection":[{"href":"https:\/\/www.carantaniatattoo.com\/de\/wp-json\/wp\/v2\/product"}],"about":[{"href":"https:\/\/www.carantaniatattoo.com\/de\/wp-json\/wp\/v2\/types\/product"}],"version-history":[{"count":0,"href":"https:\/\/www.carantaniatattoo.com\/de\/wp-json\/wp\/v2\/product\/48709\/revisions"}],"wp:featuredmedia":[{"embeddable":true,"href":"https:\/\/www.carantaniatattoo.com\/de\/wp-json\/wp\/v2\/media\/48767"}],"wp:attachment":[{"href":"https:\/\/www.carantaniatattoo.com\/de\/wp-json\/wp\/v2\/media?parent=48709"}],"wp:term":[{"taxonomy":"product_brand","embeddable":true,"href":"https:\/\/www.carantaniatattoo.com\/de\/wp-json\/wp\/v2\/product_brand?post=48709"},{"taxonomy":"product_cat","embeddable":true,"href":"https:\/\/www.carantaniatattoo.com\/de\/wp-json\/wp\/v2\/product_cat?post=48709"},{"taxonomy":"product_tag","embeddable":true,"href":"https:\/\/www.carantaniatattoo.com\/de\/wp-json\/wp\/v2\/product_tag?post=48709"}],"curies":[{"name":"wp","href":"https:\/\/api.w.org\/{rel}","templated":true}]}}