{"id":50171,"date":"2023-06-22T07:40:12","date_gmt":"2023-06-22T07:40:12","guid":{"rendered":"https:\/\/www.carantaniatattoo.com\/?post_type=product&#038;p=50171"},"modified":"2025-07-02T10:51:16","modified_gmt":"2025-07-02T10:51:16","slug":"intenze-gen-z-light-green-30ml","status":"publish","type":"product","link":"https:\/\/www.carantaniatattoo.com\/de\/trgovina\/tattoo-barve-eu\/intenze-gen-z\/intensitatsgen-mit-hellgrun-30-ml\/","title":{"rendered":"INTENZE GEN-Z Hellgr\u00fcn 30 ml"},"content":{"rendered":"<h4>INTENZE GEN-Z Hellgr\u00fcn 30 ml<\/h4>\n<p>Die GEN-Z-Linie ist die neue Linie der Intenze-Farben, konform mit EU REACH 2023. Produziert unter den gleichen strengen Qualit\u00e4tskontrollen wie zuvor, erf\u00fcllt jetzt aber die neuen, noch strengeren Vorschriften.<\/p>\n<p>Weil K\u00fcnstler das Beste verdienen \u2013 wenn Sie in die Lage Ihrer Kunden schl\u00fcpfen wollen, schl\u00fcpfen Sie zuerst in Ihre. Sicherheit, Qualit\u00e4t und Einfachheit. So entstehen bei Intenze seine Pigmente und seine Erfolgsformulierung.<\/p>\n<p>Hergestellt in den USA. Alle Intenza-Farben sind 100 % vegan und nicht an Tieren getestet.<\/p>","protected":false},"excerpt":{"rendered":"<h4>INTENZE GEN-Z Hellgr\u00fcn 30 ml<\/h4>","protected":false},"featured_media":50172,"template":"","meta":{"_seopress_robots_primary_cat":"none","_seopress_titles_title":"INTENZE GEN-Z Light Green 30ml","_seopress_titles_desc":"","_seopress_robots_index":""},"product_brand":[],"product_cat":[504,493],"product_tag":[],"class_list":{"0":"post-50171","1":"product","2":"type-product","3":"status-publish","4":"has-post-thumbnail","6":"product_cat-intenze-gen-z","7":"product_cat-tattoo-barve-eu","8":"entry","9":"has-media","11":"first","12":"instock","13":"sale","14":"taxable","15":"shipping-taxable","16":"purchasable","17":"product-type-simple"},"_links":{"self":[{"href":"https:\/\/www.carantaniatattoo.com\/de\/wp-json\/wp\/v2\/product\/50171","targetHints":{"allow":["GET"]}}],"collection":[{"href":"https:\/\/www.carantaniatattoo.com\/de\/wp-json\/wp\/v2\/product"}],"about":[{"href":"https:\/\/www.carantaniatattoo.com\/de\/wp-json\/wp\/v2\/types\/product"}],"version-history":[{"count":0,"href":"https:\/\/www.carantaniatattoo.com\/de\/wp-json\/wp\/v2\/product\/50171\/revisions"}],"wp:featuredmedia":[{"embeddable":true,"href":"https:\/\/www.carantaniatattoo.com\/de\/wp-json\/wp\/v2\/media\/50172"}],"wp:attachment":[{"href":"https:\/\/www.carantaniatattoo.com\/de\/wp-json\/wp\/v2\/media?parent=50171"}],"wp:term":[{"taxonomy":"product_brand","embeddable":true,"href":"https:\/\/www.carantaniatattoo.com\/de\/wp-json\/wp\/v2\/product_brand?post=50171"},{"taxonomy":"product_cat","embeddable":true,"href":"https:\/\/www.carantaniatattoo.com\/de\/wp-json\/wp\/v2\/product_cat?post=50171"},{"taxonomy":"product_tag","embeddable":true,"href":"https:\/\/www.carantaniatattoo.com\/de\/wp-json\/wp\/v2\/product_tag?post=50171"}],"curies":[{"name":"wp","href":"https:\/\/api.w.org\/{rel}","templated":true}]}}