{"id":50417,"date":"2023-07-10T12:01:47","date_gmt":"2023-07-10T12:01:47","guid":{"rendered":"https:\/\/www.carantaniatattoo.com\/?post_type=product&#038;p=50417"},"modified":"2025-09-29T08:51:24","modified_gmt":"2025-09-29T08:51:24","slug":"cheyenne-napajalnik-za-tattoo-strojcek-pu2","status":"publish","type":"product","link":"https:\/\/www.carantaniatattoo.com\/de\/trgovina\/napajalniki-stopalke-in-kabli\/napajalniki-za-tattoo-strojcke\/cheyenne-netzteil-fur-tatowiermaschine-pu2\/","title":{"rendered":"CHEYENNE STROMVERSORGUNG f\u00fcr T\u00e4towiermaschine PU2"},"content":{"rendered":"<p>Der Adapter hat alles, was man sich von einem Adapter w\u00fcnschen kann. Es kombiniert zwei T\u00e4towiermaschinen und einen Fu\u00dfschalter, um Ihnen die vollst\u00e4ndige Kontrolle zu geben. Ein neuer, innovativer Touchscreen erm\u00f6glicht den Wechsel zwischen Ger\u00e4ten mit einem einfachen Doppelklick. Ein eingebauter Positionssensor und starke Magnete erm\u00f6glichen Ihnen das Aufstellen, Montieren oder Befestigen des PU2 \u2013 der PU2 wei\u00df immer, wo er sich befindet und passt den Bildschirm entsprechend an. Es ist nicht nur ein guter Controller f\u00fcr Ihr Tattoo-Equipment \u2013 es ist einfach ein sehr guter und sehr einfacher PU2!<br \/>\nPU2 \u2013 Alle Funktionen, die Sie lieben, in einem hochmodernen Tattoo-Netzteil<\/p>\n<ul>\n<li>Die Touch-Steuerung macht Ihre Arbeit einfach und intuitiv.<\/li>\n<li>Dank Magneten und Positionssensor kann es horizontal aufgestellt oder aufgeh\u00e4ngt werden.<\/li>\n<li>Verbinden von zwei T\u00e4towiermaschinen \u00fcber einen 3,5-mm-Klinkenstecker.<\/li>\n<li>Anschluss des Fu\u00dfschalters.<\/li>\n<li>4,7 bis 12,5 V Ausgangsspannung, perfekt f\u00fcr alle Cheyenne-Maschinen.<\/li>\n<li>Netzteil mit Steckern vom Typ A, C, G und I<\/li>\n<\/ul>\n<p>&nbsp;<\/p>\n<p>Sie k\u00f6nnen die Auswahl auch erweitern <a href=\"https:\/\/www.carantaniatattoo.com\/de\/trgovina\/napajalniki-stopalke-in-kabli\/napajalniki-za-tattoo-strojcke\/cheyenne-napajalnik-za-tattoo-strojcek\/\">PU4<\/a> und \u00fcberlegen Sie, welches Netzteil Ihnen besser gef\u00e4llt bzw w\u00fcrde dir besser dienen. Auf jeden Fall sind beide ausgezeichnet.<\/p>\n<p>&nbsp;<\/p>","protected":false},"excerpt":{"rendered":"<p>Zdru\u017euje dve napravi za tetoviranje in no\u017eno stikalo, ki vam omogo\u010da popoln nadzor. Nov, inovativen zaslon na dotik omogo\u010da preklapljanje med napravama s preprostim dvojnim klikom. Vgrajen senzor polo\u017eaja in mo\u010dni magneti vam omogo\u010dajo, da napravo PU2 nastavite, pritrdite ali pritrdite &#8211; naprava PU2 vedno ve, kje je, in bo ustrezno prilagodila zaslon.<\/p>","protected":false},"featured_media":50424,"template":"","meta":{"_seopress_robots_primary_cat":"none","_seopress_titles_title":"CHEYENNE NAPAJALNIK za tattoo stroj\u010dek PU2","_seopress_titles_desc":"Napajalnik PU2 je zelo dober in preprost. Povezana sta lahko dva tattoo stroj\u010dka. Zaslon na dotik. Mo\u017een priklop stopalke. Eleganten in sodoben videz.","_seopress_robots_index":""},"product_brand":[],"product_cat":[477,217,208],"product_tag":[],"class_list":{"0":"post-50417","1":"product","2":"type-product","3":"status-publish","4":"has-post-thumbnail","6":"product_cat-izpostavljeni-izdelki","7":"product_cat-napajalniki-za-tattoo-strojcke","8":"product_cat-napajalniki-stopalke-in-kabli","9":"entry","10":"has-media","12":"first","13":"outofstock","14":"sale","15":"taxable","16":"shipping-taxable","17":"purchasable","18":"product-type-simple"},"_links":{"self":[{"href":"https:\/\/www.carantaniatattoo.com\/de\/wp-json\/wp\/v2\/product\/50417","targetHints":{"allow":["GET"]}}],"collection":[{"href":"https:\/\/www.carantaniatattoo.com\/de\/wp-json\/wp\/v2\/product"}],"about":[{"href":"https:\/\/www.carantaniatattoo.com\/de\/wp-json\/wp\/v2\/types\/product"}],"version-history":[{"count":0,"href":"https:\/\/www.carantaniatattoo.com\/de\/wp-json\/wp\/v2\/product\/50417\/revisions"}],"wp:featuredmedia":[{"embeddable":true,"href":"https:\/\/www.carantaniatattoo.com\/de\/wp-json\/wp\/v2\/media\/50424"}],"wp:attachment":[{"href":"https:\/\/www.carantaniatattoo.com\/de\/wp-json\/wp\/v2\/media?parent=50417"}],"wp:term":[{"taxonomy":"product_brand","embeddable":true,"href":"https:\/\/www.carantaniatattoo.com\/de\/wp-json\/wp\/v2\/product_brand?post=50417"},{"taxonomy":"product_cat","embeddable":true,"href":"https:\/\/www.carantaniatattoo.com\/de\/wp-json\/wp\/v2\/product_cat?post=50417"},{"taxonomy":"product_tag","embeddable":true,"href":"https:\/\/www.carantaniatattoo.com\/de\/wp-json\/wp\/v2\/product_tag?post=50417"}],"curies":[{"name":"wp","href":"https:\/\/api.w.org\/{rel}","templated":true}]}}