{"id":52552,"date":"2023-11-09T09:19:08","date_gmt":"2023-11-09T09:19:08","guid":{"rendered":"https:\/\/www.carantaniatattoo.com\/trgovina\/nekategorizirano\/toec-mini-1-termalni-printer-copy\/"},"modified":"2025-07-15T10:51:42","modified_gmt":"2025-07-15T10:51:42","slug":"ats886-bluetooth-termalni-printer","status":"publish","type":"product","link":"https:\/\/www.carantaniatattoo.com\/de\/trgovina\/pripomocki-za-delo\/papir-za-preslikavo\/ats886-bluetooth-thermodrucker\/","title":{"rendered":"ATS886 Bluetooth-Thermodrucker"},"content":{"rendered":"<p>ATS886 Bluetooth-Funk-Tattoo-Schablonendrucker<\/p>\n<p>Der Drucker funktioniert \u00fcber USB-Kabel oder Bluetooth. Es ist mit Android- und IOS-Systemen kompatibel. Sie k\u00f6nnen es \u00fcber Mobiltelefon, Tablet oder Computer nutzen.<\/p>\n<p>Spezifikation:<br \/>\nIOS &amp; Android &amp; Google Play &amp; Bluetooth-Verbindung APP-Nutzung, Computer-Verbindungsnutzung.<br \/>\nAbmessungen: 262 (L) \u00d7 57 (B) \u00d7 29 (H) mm<br \/>\nGewicht: 498 g<br \/>\nDruckaufl\u00f6sung: 8 Punkte\/mm (203 dpi), 1728 Punkte\/Zeile<br \/>\nDruckgeschwindigkeit: bis zu 15 mm\/s<br \/>\nDruckbreite: 216 mm<br \/>\nMedientyp: 210 mm * 297 mm A4-Thermopapier oder 216 mm Thermorollenpapier<br \/>\nAkku: 11,1 V Li-Ion, 1200 mAh (eingebaut). Die Akkulaufzeit betr\u00e4gt etwa 200 Dokumente mit 12,5 %-Muster, etwa 80 normale Bilder (mittlere Dichte).<br \/>\nEingangsspannung: Typ C, 5,0 V-2,0 A<br \/>\nTPH-Lebensdauer: 50 km<br \/>\nSchnittstelle: Datenkommunikation Typ-C-USB, Bluetooth 5.0<br \/>\nATS886-App herunterladen: <a href=\"https:\/\/cntattooprinter.com\/en\/main.html\">https:\/\/cntattooprinter.com\/en\/main.html<\/a><\/p>\n<p>Hersteller: PRC<\/p>\n<p>&nbsp;<\/p>","protected":false},"excerpt":{"rendered":"<p>ATS886 Bluetooth-Funk-Tattoo-Schablonendrucker<\/p>\n<p>Der Drucker funktioniert \u00fcber USB-Kabel oder Bluetooth. Es ist mit Android- und IOS-Systemen kompatibel. Sie k\u00f6nnen es \u00fcber Mobiltelefon, Tablet oder Computer nutzen.<\/p>","protected":false},"featured_media":52555,"template":"","meta":{"_seopress_robots_primary_cat":"none","_seopress_titles_title":"ATS886 Bluetooth termalni printer - Carantania tattoo","_seopress_titles_desc":"ATS886 Bluetooth brez\u017ei\u010dni tiskalnik za tattoo \u0161ablone deluje preko USB kabla ali bluetooth. Kompatibilen je z Android in IOS sistemom. Uporabljate ga lahko preko mobilnega telefona, tablice ali ra\u010dunalnika.\u00a0","_seopress_robots_index":""},"product_brand":[],"product_cat":[246,209],"product_tag":[],"class_list":{"0":"post-52552","1":"product","2":"type-product","3":"status-publish","4":"has-post-thumbnail","6":"product_cat-papir-za-preslikavo","7":"product_cat-pripomocki-za-delo","8":"entry","9":"has-media","11":"first","12":"instock","13":"sale","14":"taxable","15":"shipping-taxable","16":"purchasable","17":"product-type-simple"},"_links":{"self":[{"href":"https:\/\/www.carantaniatattoo.com\/de\/wp-json\/wp\/v2\/product\/52552","targetHints":{"allow":["GET"]}}],"collection":[{"href":"https:\/\/www.carantaniatattoo.com\/de\/wp-json\/wp\/v2\/product"}],"about":[{"href":"https:\/\/www.carantaniatattoo.com\/de\/wp-json\/wp\/v2\/types\/product"}],"version-history":[{"count":0,"href":"https:\/\/www.carantaniatattoo.com\/de\/wp-json\/wp\/v2\/product\/52552\/revisions"}],"wp:featuredmedia":[{"embeddable":true,"href":"https:\/\/www.carantaniatattoo.com\/de\/wp-json\/wp\/v2\/media\/52555"}],"wp:attachment":[{"href":"https:\/\/www.carantaniatattoo.com\/de\/wp-json\/wp\/v2\/media?parent=52552"}],"wp:term":[{"taxonomy":"product_brand","embeddable":true,"href":"https:\/\/www.carantaniatattoo.com\/de\/wp-json\/wp\/v2\/product_brand?post=52552"},{"taxonomy":"product_cat","embeddable":true,"href":"https:\/\/www.carantaniatattoo.com\/de\/wp-json\/wp\/v2\/product_cat?post=52552"},{"taxonomy":"product_tag","embeddable":true,"href":"https:\/\/www.carantaniatattoo.com\/de\/wp-json\/wp\/v2\/product_tag?post=52552"}],"curies":[{"name":"wp","href":"https:\/\/api.w.org\/{rel}","templated":true}]}}