{"id":55234,"date":"2024-04-25T12:48:07","date_gmt":"2024-04-25T12:48:07","guid":{"rendered":"https:\/\/www.carantaniatattoo.com\/trgovina\/nekategorizirano\/zascitna-podloga-za-mizo-kopija-2-copy\/"},"modified":"2025-07-02T10:14:43","modified_gmt":"2025-07-02T10:14:43","slug":"zascitna-podloga-v-roli","status":"publish","type":"product","link":"https:\/\/www.carantaniatattoo.com\/de\/trgovina\/pripomocki-za-delo\/zascitne-vrecke-in-gripi\/schutzmatte-in-einer-rolle\/","title":{"rendered":"HORNETENSCHUTZMATTE in der Rolle"},"content":{"rendered":"<h4>Hornissenschutzmatte in einer Rolle von 40 m<\/h4>\n<p>Schwarze Abdeckrolle (L\u00e4nge 40 m x Breite 32 cm) im Karton mit eigener Klinge zum Zuschneiden auf die ideale Gr\u00f6\u00dfe. Die Rolle besteht aus Zellulose und Polyethylen, ist wasserdicht und \u00e4u\u00dferst widerstandsf\u00e4hig.<\/p>\n<p>Leicht zu transportieren und aufzubewahren, ideal f\u00fcr Kongresse, Feldarbeiten und Tattoo-Studios.<\/p>","protected":false},"excerpt":{"rendered":"<h4>Hornissenschutzmatte in Rolle 40m x 32cm<\/h4>","protected":false},"featured_media":55237,"template":"","meta":{"_seopress_robots_primary_cat":"none","_seopress_titles_title":"Hornet za\u0161\u010ditna podloga v roli 40m","_seopress_titles_desc":"Carantania tattoo\r\nSpletna prodaja tattoo opreme. Nad 100\u20ac brezpla\u010dna po\u0161tnina. Pripomo\u010dki za tetoviranje. Profesionalna tattoo oprema. Vse za za\u010detnike in profesionalce. ","_seopress_robots_index":""},"product_brand":[],"product_cat":[222,485,209,221],"product_tag":[],"class_list":{"0":"post-55234","1":"product","2":"type-product","3":"status-publish","4":"has-post-thumbnail","6":"product_cat-britvice-maske-palcke-predpasniki","7":"product_cat-novosti","8":"product_cat-pripomocki-za-delo","9":"product_cat-zascitne-vrecke-in-gripi","10":"entry","11":"has-media","13":"first","14":"instock","15":"sale","16":"taxable","17":"shipping-taxable","18":"purchasable","19":"product-type-simple"},"_links":{"self":[{"href":"https:\/\/www.carantaniatattoo.com\/de\/wp-json\/wp\/v2\/product\/55234","targetHints":{"allow":["GET"]}}],"collection":[{"href":"https:\/\/www.carantaniatattoo.com\/de\/wp-json\/wp\/v2\/product"}],"about":[{"href":"https:\/\/www.carantaniatattoo.com\/de\/wp-json\/wp\/v2\/types\/product"}],"version-history":[{"count":0,"href":"https:\/\/www.carantaniatattoo.com\/de\/wp-json\/wp\/v2\/product\/55234\/revisions"}],"wp:featuredmedia":[{"embeddable":true,"href":"https:\/\/www.carantaniatattoo.com\/de\/wp-json\/wp\/v2\/media\/55237"}],"wp:attachment":[{"href":"https:\/\/www.carantaniatattoo.com\/de\/wp-json\/wp\/v2\/media?parent=55234"}],"wp:term":[{"taxonomy":"product_brand","embeddable":true,"href":"https:\/\/www.carantaniatattoo.com\/de\/wp-json\/wp\/v2\/product_brand?post=55234"},{"taxonomy":"product_cat","embeddable":true,"href":"https:\/\/www.carantaniatattoo.com\/de\/wp-json\/wp\/v2\/product_cat?post=55234"},{"taxonomy":"product_tag","embeddable":true,"href":"https:\/\/www.carantaniatattoo.com\/de\/wp-json\/wp\/v2\/product_tag?post=55234"}],"curies":[{"name":"wp","href":"https:\/\/api.w.org\/{rel}","templated":true}]}}