{"id":57041,"date":"2024-09-17T09:53:57","date_gmt":"2024-09-17T09:53:57","guid":{"rendered":"https:\/\/www.carantaniatattoo.com\/?post_type=product&#038;p=57041"},"modified":"2025-07-02T10:05:58","modified_gmt":"2025-07-02T10:05:58","slug":"ez-portex-ps2-brezzicen-strojcek-pen","status":"publish","type":"product","link":"https:\/\/www.carantaniatattoo.com\/de\/trgovina\/strojcki-za-tetoviranje\/ez-tattoo\/ez-portex-ps2-wireless-pen-stift-2\/","title":{"rendered":"EZ PORTEX PS2 DRAHTLOSE MASCHINE \u2013 SCHAUM"},"content":{"rendered":"<h4>EZ PORTEX PS2 DRAHTLOSE MASCHINE \u2013 SCHAUM<\/h4>\n<p>Die Portex P2S ist eine kabellose Rotationsmaschine von EZ.<br \/>\nEs ist \u00e4u\u00dferst vielseitig und erm\u00f6glicht das Arbeiten ohne Kabel.<\/p>\n<p>Das Paket beinhaltet:<br \/>\n\u2013 T\u00e4towiermaschine<br \/>\n\u2013 USB-Ladekabel<\/p>\n<p>Ladezeit: 2 Stunden<br \/>\nAkkulaufzeit: ca. 5 Stunden<br \/>\nFarbe: rot<\/p>\n<p>&nbsp;<\/p>\n<p><strong><em> \u201eWarnung: Dieses Ger\u00e4t unterst\u00fctzt kein Schnellladen. Verwenden Sie zum Aufladen das mitgelieferte Kabel.<\/em><\/strong><\/p>\n<p>&nbsp;<\/p>\n<p>&nbsp;<\/p>","protected":false},"excerpt":{"rendered":"<h4>EZ P3 PRO kabelloser Haarschneider in Stiftform<\/h4>\n<ul>\n<li>Motor: Schweizer EZ-Motor (Direktantriebssystem)<\/li>\n<li>Material: Aluminium f\u00fcr die Luftfahrtindustrie<\/li>\n<li>Hubl\u00e4nge: 3,5 mm<\/li>\n<li>Betriebsspannung: 5-9 V DC<\/li>\n<li>U\/min: 10800<\/li>\n<li>Schaltfrequenz: 60-160 Hz<\/li>\n<li>Nadel\u00fcberstand: 0 \u2013 4,5 mm<\/li>\n<li>Abmessungen (\u00d8 x L): 32 x 142 mm<\/li>\n<li>Gewicht: 197 g<\/li>\n<li>Batteriekapazit\u00e4t: 1800 mAh<\/li>\n<li>Ladezeit: 2 Stunden<\/li>\n<li>Betriebszeit des Netzteils: ca. 5 Stunden<\/li>\n<\/ul>","protected":false},"featured_media":57045,"template":"","meta":{"_seopress_robots_primary_cat":"none","_seopress_titles_title":"EZ PORTEX PS2 BREZ\u017dI\u010cEN STROJ\u010cEK - PEN","_seopress_titles_desc":"Zaslon LED prikazuje delovno napetost, zmogljivost in bele\u017ei \u010das dela. Odkrijte prihodnost tetoviranja s P2S, tetoviranje brez vrvic.\r\n\r\n","_seopress_robots_index":""},"product_brand":[],"product_cat":[283,485,202],"product_tag":[],"class_list":{"0":"post-57041","1":"product","2":"type-product","3":"status-publish","4":"has-post-thumbnail","6":"product_cat-ez-tattoo","7":"product_cat-novosti","8":"product_cat-strojcki-za-tetoviranje","9":"entry","10":"has-media","12":"first","13":"instock","14":"sale","15":"taxable","16":"shipping-taxable","17":"purchasable","18":"product-type-simple"},"_links":{"self":[{"href":"https:\/\/www.carantaniatattoo.com\/de\/wp-json\/wp\/v2\/product\/57041","targetHints":{"allow":["GET"]}}],"collection":[{"href":"https:\/\/www.carantaniatattoo.com\/de\/wp-json\/wp\/v2\/product"}],"about":[{"href":"https:\/\/www.carantaniatattoo.com\/de\/wp-json\/wp\/v2\/types\/product"}],"version-history":[{"count":0,"href":"https:\/\/www.carantaniatattoo.com\/de\/wp-json\/wp\/v2\/product\/57041\/revisions"}],"wp:featuredmedia":[{"embeddable":true,"href":"https:\/\/www.carantaniatattoo.com\/de\/wp-json\/wp\/v2\/media\/57045"}],"wp:attachment":[{"href":"https:\/\/www.carantaniatattoo.com\/de\/wp-json\/wp\/v2\/media?parent=57041"}],"wp:term":[{"taxonomy":"product_brand","embeddable":true,"href":"https:\/\/www.carantaniatattoo.com\/de\/wp-json\/wp\/v2\/product_brand?post=57041"},{"taxonomy":"product_cat","embeddable":true,"href":"https:\/\/www.carantaniatattoo.com\/de\/wp-json\/wp\/v2\/product_cat?post=57041"},{"taxonomy":"product_tag","embeddable":true,"href":"https:\/\/www.carantaniatattoo.com\/de\/wp-json\/wp\/v2\/product_tag?post=57041"}],"curies":[{"name":"wp","href":"https:\/\/api.w.org\/{rel}","templated":true}]}}