{"id":57459,"date":"2024-09-19T12:23:35","date_gmt":"2024-09-19T12:23:35","guid":{"rendered":"https:\/\/www.carantaniatattoo.com\/trgovina\/nekategorizirano\/xtreme-ink-30-copy\/"},"modified":"2025-07-02T07:15:41","modified_gmt":"2025-07-02T07:15:41","slug":"xtreme-ink-31","status":"publish","type":"product","link":"https:\/\/www.carantaniatattoo.com\/de\/trgovina\/tattoo-barve-eu\/xtreme-inc-2\/extreme-tinte-31\/","title":{"rendered":"XTreme Tinte SOCKEYE 30 ml"},"content":{"rendered":"<h4>Rotlachs<\/h4>\n<p>-Vegan<br \/>\n-Nie an Tieren getestet<br \/>\n-W\u00e4ssrige Pigmentdispersion<br \/>\n-Kein Acryl<br \/>\n- L\u00e4sst sich problemlos auftragen, beh\u00e4lt den gleichen Farbton<br \/>\n-Die Formel ist REACH-konform<\/p>\n<p>30-ml-Flasche.<\/p>","protected":false},"excerpt":{"rendered":"<h5>XTreme-Tinte<\/h5>\n<p>\u010crnila Xtreme delujejo brezhibno; njihova viskoznost omogo\u010da, da \u010drnilo gladko in u\u010dinkovito prodre v ko\u017eo.<br \/>\nZato se tetova\u017ee, narejene s \u010drnili Xtreme, zacelijo veliko hitreje kot druge.<\/p>","protected":false},"featured_media":61233,"template":"","meta":{"_seopress_robots_primary_cat":"none","_seopress_titles_title":"XTreme Ink SOCKEYE 30 ml","_seopress_titles_desc":"\u010crnila Xtreme delujejo brezhibno; njihova viskoznost omogo\u010da, da \u010drnilo gladko in u\u010dinkovito prodre v ko\u017eo, tetova\u017ee se zato zacelijo veliko hitreje. ","_seopress_robots_index":""},"product_brand":[],"product_cat":[477,485,493,516],"product_tag":[],"class_list":{"0":"post-57459","1":"product","2":"type-product","3":"status-publish","4":"has-post-thumbnail","6":"product_cat-izpostavljeni-izdelki","7":"product_cat-novosti","8":"product_cat-tattoo-barve-eu","9":"product_cat-xtreme-ink","10":"entry","11":"has-media","13":"first","14":"instock","15":"sale","16":"taxable","17":"shipping-taxable","18":"purchasable","19":"product-type-simple"},"_links":{"self":[{"href":"https:\/\/www.carantaniatattoo.com\/de\/wp-json\/wp\/v2\/product\/57459","targetHints":{"allow":["GET"]}}],"collection":[{"href":"https:\/\/www.carantaniatattoo.com\/de\/wp-json\/wp\/v2\/product"}],"about":[{"href":"https:\/\/www.carantaniatattoo.com\/de\/wp-json\/wp\/v2\/types\/product"}],"version-history":[{"count":0,"href":"https:\/\/www.carantaniatattoo.com\/de\/wp-json\/wp\/v2\/product\/57459\/revisions"}],"wp:featuredmedia":[{"embeddable":true,"href":"https:\/\/www.carantaniatattoo.com\/de\/wp-json\/wp\/v2\/media\/61233"}],"wp:attachment":[{"href":"https:\/\/www.carantaniatattoo.com\/de\/wp-json\/wp\/v2\/media?parent=57459"}],"wp:term":[{"taxonomy":"product_brand","embeddable":true,"href":"https:\/\/www.carantaniatattoo.com\/de\/wp-json\/wp\/v2\/product_brand?post=57459"},{"taxonomy":"product_cat","embeddable":true,"href":"https:\/\/www.carantaniatattoo.com\/de\/wp-json\/wp\/v2\/product_cat?post=57459"},{"taxonomy":"product_tag","embeddable":true,"href":"https:\/\/www.carantaniatattoo.com\/de\/wp-json\/wp\/v2\/product_tag?post=57459"}],"curies":[{"name":"wp","href":"https:\/\/api.w.org\/{rel}","templated":true}]}}