{"id":57490,"date":"2024-09-20T07:51:45","date_gmt":"2024-09-20T07:51:45","guid":{"rendered":"https:\/\/www.carantaniatattoo.com\/?post_type=product&#038;p=57490"},"modified":"2025-04-09T08:26:14","modified_gmt":"2025-04-09T08:26:14","slug":"dynamic-platinum-azure-blue-30ml","status":"publish","type":"product","link":"https:\/\/www.carantaniatattoo.com\/de\/trgovina\/tattoo-barve-eu\/dynamic-platinum\/dynamisches-platin-azurblau-30-ml-2\/","title":{"rendered":"DYNAMISCHES PLATIN-AZURBLAU 30 ml"},"content":{"rendered":"<h4>Azurblau<\/h4>\n<p>Authentisch und hygienisch:<br \/>\nAus diesem Grund werden alle Dynamic Platinum-T\u00e4towierfarben in kristallklaren PET-Flaschen mit einem holografischen Etikett mit dem Dynamic Color-Logo geliefert, um F\u00e4lschungen vorzubeugen. Sogar die Hei\u00dfsiegel, die das sterilisierte Produkt sch\u00fctzen, sind mit dem Dynamic Color-Siegel ausgestattet.<\/p>\n<p>Schnelle und erfolgreiche Behandlung:<br \/>\nVerabschieden Sie sich von hartn\u00e4ckigen Behandlungsprozessen oder unzufriedenen Kunden. Dynamic Platinum-T\u00e4towierfarben lassen sich sanft auftragen und heilen schnell mit sp\u00fcrbar lebendigen Ergebnissen, die den Test der Zeit bestehen k\u00f6nnen.<\/p>\n<p>Kr\u00e4ftige, leuchtende und langlebige Farben:<br \/>\nJeder K\u00fcnstler verdient hochwertige T\u00e4towierfarbe. Hochpigmentierte Tinten k\u00f6nnen gemischt werden, um individuelle Mischungen zu erstellen. Mit Dynamic Platinum Tattoofarbe auf Ihrer Nadel sind Ihrer Fantasie keine Grenzen gesetzt.<\/p>","protected":false},"excerpt":{"rendered":"<h4>Dynamisches Platin<\/h4>\n<p>V skladu z uredbo REACH za uporabo v Evropi in drugod. Vsa barvila za tetoviranje Dynamic Platinum Color izpolnjujejo ali presegajo vse predpise, ki jih dolo\u010da uredba REACH.<\/p>\n<p>Veganska in nikoli testirana na \u017eivalih: Izdelki Dynamic Color ne vsebujejo \u017eivalskih proizvodov in niso nikoli testirani na kosmatih prijateljih. Dynamic Platinum barve za tetoviranje so varne za ko\u017eo, ne\u0161kodljive za okolje in nenazadnje bolj\u0161e za va\u0161e splo\u0161no zdravje.<\/p>\n<p>Predhodno razpr\u0161ena \u010drnila profesionalne kakovosti: Barve za tetoviranje Dynamic Platinum zagotavljajo barvo za tetoviranje vrhunske kakovosti z najbolj impresivno vsebnostjo pigmenta. \u010crnila, ki jih odlikuje gladek pretok, so kos izzivu vsakega dela &#8211; od natan\u010dnega dela s podrobnostmi do obrisov ali sen\u010denja.<\/p>","protected":false},"featured_media":57626,"template":"","meta":{"_seopress_robots_primary_cat":"none","_seopress_titles_title":"DYNAMIC PLATINUM AZURE BLUE 30ml","_seopress_titles_desc":"V skladu z uredbo REACH za uporabo v EU, izpolnjujejo vse predpise.Dynamic Platinum barve za tetoviranje so varne za ko\u017eo,se gladko vnesejo in \u017eivahno zacelijo.","_seopress_robots_index":""},"product_brand":[],"product_cat":[517,477,485,493],"product_tag":[],"class_list":{"0":"post-57490","1":"product","2":"type-product","3":"status-publish","4":"has-post-thumbnail","6":"product_cat-dynamic-platinum","7":"product_cat-izpostavljeni-izdelki","8":"product_cat-novosti","9":"product_cat-tattoo-barve-eu","10":"entry","11":"has-media","13":"first","14":"outofstock","15":"sale","16":"taxable","17":"shipping-taxable","18":"purchasable","19":"product-type-simple"},"_links":{"self":[{"href":"https:\/\/www.carantaniatattoo.com\/de\/wp-json\/wp\/v2\/product\/57490","targetHints":{"allow":["GET"]}}],"collection":[{"href":"https:\/\/www.carantaniatattoo.com\/de\/wp-json\/wp\/v2\/product"}],"about":[{"href":"https:\/\/www.carantaniatattoo.com\/de\/wp-json\/wp\/v2\/types\/product"}],"version-history":[{"count":0,"href":"https:\/\/www.carantaniatattoo.com\/de\/wp-json\/wp\/v2\/product\/57490\/revisions"}],"wp:featuredmedia":[{"embeddable":true,"href":"https:\/\/www.carantaniatattoo.com\/de\/wp-json\/wp\/v2\/media\/57626"}],"wp:attachment":[{"href":"https:\/\/www.carantaniatattoo.com\/de\/wp-json\/wp\/v2\/media?parent=57490"}],"wp:term":[{"taxonomy":"product_brand","embeddable":true,"href":"https:\/\/www.carantaniatattoo.com\/de\/wp-json\/wp\/v2\/product_brand?post=57490"},{"taxonomy":"product_cat","embeddable":true,"href":"https:\/\/www.carantaniatattoo.com\/de\/wp-json\/wp\/v2\/product_cat?post=57490"},{"taxonomy":"product_tag","embeddable":true,"href":"https:\/\/www.carantaniatattoo.com\/de\/wp-json\/wp\/v2\/product_tag?post=57490"}],"curies":[{"name":"wp","href":"https:\/\/api.w.org\/{rel}","templated":true}]}}