{"id":61077,"date":"2025-06-18T12:29:45","date_gmt":"2025-06-18T12:29:45","guid":{"rendered":"https:\/\/www.carantaniatattoo.com\/?post_type=product&#038;p=61077"},"modified":"2025-06-18T12:47:43","modified_gmt":"2025-06-18T12:47:43","slug":"new-mini-arm-rest","status":"publish","type":"product","link":"https:\/\/www.carantaniatattoo.com\/de\/trgovina\/oprema-za-studio\/new-mini-arm-rest\/","title":{"rendered":"New Mini Arm Rest"},"content":{"rendered":"<p>Mini zlo\u017eljiv naslon za roke!<br \/>\nZelo uporabno za delo na kongresih. Ko je zlo\u017een, ga je mogo\u010de enostavno prena\u0161ati in je zelo majhen.<br \/>\nNi priporo\u010dljiv za stalno in intenzivno uporabo v studiu.<br \/>\nPodpora: 36x22cm<br \/>\nVi\u0161ina: 73-102cm<br \/>\nTe\u017ea: 1260g<\/p>","protected":false},"excerpt":{"rendered":"<p>Mini zlo\u017eljiv naslon za roke! Zelo uporabno za delo na kongresih. Ko je zlo\u017een, ga je mogo\u010de enostavno prena\u0161ati in je zelo majhen. Ni priporo\u010dljiv za stalno in intenzivno uporabo v studiu. Podpora: 36x22cm Vi\u0161ina: 73-102cm Te\u017ea: 1260g<\/p>","protected":false},"featured_media":61080,"template":"","meta":{"_seopress_robots_primary_cat":"none","_seopress_titles_title":"","_seopress_titles_desc":"","_seopress_robots_index":""},"product_brand":[],"product_cat":[269],"product_tag":[],"class_list":{"0":"post-61077","1":"product","2":"type-product","3":"status-publish","4":"has-post-thumbnail","6":"product_cat-oprema-za-studio","7":"entry","8":"has-media","10":"first","11":"onbackorder","12":"sale","13":"taxable","14":"shipping-taxable","15":"purchasable","16":"product-type-simple"},"_links":{"self":[{"href":"https:\/\/www.carantaniatattoo.com\/de\/wp-json\/wp\/v2\/product\/61077","targetHints":{"allow":["GET"]}}],"collection":[{"href":"https:\/\/www.carantaniatattoo.com\/de\/wp-json\/wp\/v2\/product"}],"about":[{"href":"https:\/\/www.carantaniatattoo.com\/de\/wp-json\/wp\/v2\/types\/product"}],"version-history":[{"count":0,"href":"https:\/\/www.carantaniatattoo.com\/de\/wp-json\/wp\/v2\/product\/61077\/revisions"}],"wp:featuredmedia":[{"embeddable":true,"href":"https:\/\/www.carantaniatattoo.com\/de\/wp-json\/wp\/v2\/media\/61080"}],"wp:attachment":[{"href":"https:\/\/www.carantaniatattoo.com\/de\/wp-json\/wp\/v2\/media?parent=61077"}],"wp:term":[{"taxonomy":"product_brand","embeddable":true,"href":"https:\/\/www.carantaniatattoo.com\/de\/wp-json\/wp\/v2\/product_brand?post=61077"},{"taxonomy":"product_cat","embeddable":true,"href":"https:\/\/www.carantaniatattoo.com\/de\/wp-json\/wp\/v2\/product_cat?post=61077"},{"taxonomy":"product_tag","embeddable":true,"href":"https:\/\/www.carantaniatattoo.com\/de\/wp-json\/wp\/v2\/product_tag?post=61077"}],"curies":[{"name":"wp","href":"https:\/\/api.w.org\/{rel}","templated":true}]}}