{"id":61629,"date":"2025-07-24T10:17:46","date_gmt":"2025-07-24T10:17:46","guid":{"rendered":"https:\/\/www.carantaniatattoo.com\/trgovina\/nekategorizirano\/emalla-eliot-pro-copy\/"},"modified":"2025-10-21T06:43:40","modified_gmt":"2025-10-21T06:43:40","slug":"emalla-eliot-pro-copy","status":"publish","type":"product","link":"https:\/\/www.carantaniatattoo.com\/de\/trgovina\/igle-za-tetoviranje\/emalla-eliot-pro\/emalla-eliot-pro-copy\/","title":{"rendered":"EMALLA ELIOT PRO Round Liner"},"content":{"rendered":"<h4>Kartu\u0161ne igle EMALLA\u00ae ELIOT PRO<\/h4>\n<p>\u221a MATERIAL ZA IGLE: visokokakovostno japonsko nerjavno jeklo je bolj ostro, gladko in ne po\u0161koduje ko\u017ee, dvakrat bolj vzdr\u017eljive kot obi\u010dajne igle.<\/p>\n<p>\u221a MEMBRANSKI SISTEM: Zaprta 3-slojna varnostna membrana prepre\u010duje vra\u010danje \u010drnila in telesnih teko\u010din, kar bolje \u0161\u010diti va\u0161o napravo za tetoviranje.<\/p>\n<p>\u221a SISTEM STABILNOSTI: V okroglih linijskih in sen\u010dnih kartu\u0161nih iglah so dodani stabilizatorji, ki zmanj\u0161ujejo tresenje. Kvadratno oblikovana plasti\u010dna palica stabilno pritrdi igle kartu\u0161 in poskrbi za ve\u010djo stabilnost igle med tetoviranjem.<\/p>\n<p>\u221a Oblikovanje lupine: Nedrse\u010da zasnova zagotavlja, da se telo lupine med dolgotrajnim delom dr\u017ei veliko trdneje in ne zdrsne zlahka. Patentirana prezra\u010devalna odprtina je zasnovana za bolj\u0161i pretok \u010drnila, ki je prva te vrste.<\/p>\n<p>\u221a BARVNA OBLIKA: Barvni pokrov\u010dki za enostavno prepoznavanje konfiguracije igle za kartu\u0161o za tetoviranje vam pomagajo hitreje najti pravo iglo za kartu\u0161o za tetoviranje in \u0161e hitreje delati.<\/p>","protected":false},"excerpt":{"rendered":"<p>Igle EMALLA ELIOT PRO CARTRIDGE imajo v notranjosti mehko odebeljeno membrano. Popolna zmogljivost napetosti med tetoviranjem je bolj\u0161a za linije in sen\u010denje, tudi za zahtevna dela s tanko \u010drto, ki bodo vse profesionalne umetnike \u0161e bolj presenetila. Najbolj\u0161a izbira za profesionalne tetoverje.<\/p>\n<p>100-ODSTOTNO STERILIZIRANO: Emalla Eliot Pro kartu\u0161ne igle so izdelane in sestavljene v najbolj higieni\u010dnih pogojih, 100-odstotno sterilizirane s plinom E.O.<\/p>\n<p>&nbsp;<\/p>","protected":false},"featured_media":58913,"template":"","meta":{"_seopress_robots_primary_cat":"none","_seopress_titles_title":"EMALLA ELIOT PRO Round Liner","_seopress_titles_desc":"Popolna zmogljivost napetosti med tetoviranjem je bolj\u0161a za linije in sen\u010denje. Najbolj\u0161a izbira za profesionalne tetoverje. Patentirana prezra\u010devalna odprtina.","_seopress_robots_index":""},"product_brand":[],"product_cat":[526,197],"product_tag":[],"class_list":{"0":"post-61629","1":"product","2":"type-product","3":"status-publish","4":"has-post-thumbnail","6":"product_cat-emalla-eliot-pro","7":"product_cat-igle-za-tetoviranje","8":"entry","9":"has-media","11":"first","12":"instock","13":"sale","14":"taxable","15":"shipping-taxable","16":"purchasable","17":"product-type-variable"},"_links":{"self":[{"href":"https:\/\/www.carantaniatattoo.com\/de\/wp-json\/wp\/v2\/product\/61629","targetHints":{"allow":["GET"]}}],"collection":[{"href":"https:\/\/www.carantaniatattoo.com\/de\/wp-json\/wp\/v2\/product"}],"about":[{"href":"https:\/\/www.carantaniatattoo.com\/de\/wp-json\/wp\/v2\/types\/product"}],"version-history":[{"count":0,"href":"https:\/\/www.carantaniatattoo.com\/de\/wp-json\/wp\/v2\/product\/61629\/revisions"}],"wp:featuredmedia":[{"embeddable":true,"href":"https:\/\/www.carantaniatattoo.com\/de\/wp-json\/wp\/v2\/media\/58913"}],"wp:attachment":[{"href":"https:\/\/www.carantaniatattoo.com\/de\/wp-json\/wp\/v2\/media?parent=61629"}],"wp:term":[{"taxonomy":"product_brand","embeddable":true,"href":"https:\/\/www.carantaniatattoo.com\/de\/wp-json\/wp\/v2\/product_brand?post=61629"},{"taxonomy":"product_cat","embeddable":true,"href":"https:\/\/www.carantaniatattoo.com\/de\/wp-json\/wp\/v2\/product_cat?post=61629"},{"taxonomy":"product_tag","embeddable":true,"href":"https:\/\/www.carantaniatattoo.com\/de\/wp-json\/wp\/v2\/product_tag?post=61629"}],"curies":[{"name":"wp","href":"https:\/\/api.w.org\/{rel}","templated":true}]}}