{"id":61930,"date":"2025-07-28T10:50:16","date_gmt":"2025-07-28T10:50:16","guid":{"rendered":"https:\/\/www.carantaniatattoo.com\/trgovina\/nekategorizirano\/kwadron-cartridge-system-needle-round-liner-copy\/"},"modified":"2026-04-16T09:39:44","modified_gmt":"2026-04-16T09:39:44","slug":"kwadron-cartridge-system-needle-round-liner-copy","status":"publish","type":"product","link":"https:\/\/www.carantaniatattoo.com\/de\/trgovina\/igle-za-tetoviranje\/kwadron-cartridge-system\/kwadron-cartridge-system-round-liner\/kwadron-kartuschensystem-nadel-runder-liner\/","title":{"rendered":"KWADRON CARTRIDGE SYSTEM Runder Liner"},"content":{"rendered":"<h4>Kwadron Rundliner<\/h4>\n<p>Kwadron-Cartridge-System-Nadel<br \/>\nRUNDER LINER 0,25 \u2013 0,30 \u2013 0,35<br \/>\nKompatibel mit allen T\u00e4towiermaschinen und Patronengriffen.<br \/>\nEinwegmodule.<br \/>\nSicherheitsmembran.<br \/>\nTransparente Spitze aus medizinischem Kunststoff.<br \/>\nSicher, praktisch und langlebig.<br \/>\nSterilisiert mit 100% EO-Gas und einzeln verpackt.<br \/>\n20 Patronen in einer Packung.<\/p>\n<p>Die T\u00e4towierpatronen von Kwadron Cartridge System sind von \u00e4u\u00dferst guter Qualit\u00e4t, die Sicherheitsmembran verhindert das Austreten von Tinte in den Motor der T\u00e4towiermaschine und verhindert, dass kontaminierte Keime, Viren und Bakterien durch die Membran gelangen, wodurch Hygiene und Sicherheit vor Infektionen beim T\u00e4towieren gew\u00e4hrleistet sind.<br \/>\nHochwertig, kompakt, sicher und kompatibel mit allen T\u00e4towiermaschinen, die das Kartuschensystem verwenden.<\/p>\n<p>&nbsp;<\/p>","protected":false},"excerpt":{"rendered":"<p>Kwadron-Cartridge-System-Nadel<br \/>\nRUNDER LINER 0,25 \u2013 0,30 \u2013 0,35<br \/>\nKompatibel mit allen T\u00e4towiermaschinen und Patronengriffen.<br \/>\nSicherheitsmembran.<br \/>\nSterilzirane z 100% EO plinom in posamezno pakirane.<br \/>\n20 Patronen in einer Packung.<\/p>","protected":false},"featured_media":61951,"template":"","meta":{"_seopress_robots_primary_cat":"none","_seopress_titles_title":"","_seopress_titles_desc":"","_seopress_robots_index":""},"product_brand":[],"product_cat":[197,286,287],"product_tag":[],"class_list":{"0":"post-61930","1":"product","2":"type-product","3":"status-publish","4":"has-post-thumbnail","6":"product_cat-igle-za-tetoviranje","7":"product_cat-kwadron-cartridge-system","8":"product_cat-kwadron-cartridge-system-round-liner","9":"entry","10":"has-media","12":"first","13":"instock","14":"sale","15":"taxable","16":"shipping-taxable","17":"purchasable","18":"product-type-variable"},"_links":{"self":[{"href":"https:\/\/www.carantaniatattoo.com\/de\/wp-json\/wp\/v2\/product\/61930","targetHints":{"allow":["GET"]}}],"collection":[{"href":"https:\/\/www.carantaniatattoo.com\/de\/wp-json\/wp\/v2\/product"}],"about":[{"href":"https:\/\/www.carantaniatattoo.com\/de\/wp-json\/wp\/v2\/types\/product"}],"version-history":[{"count":0,"href":"https:\/\/www.carantaniatattoo.com\/de\/wp-json\/wp\/v2\/product\/61930\/revisions"}],"wp:featuredmedia":[{"embeddable":true,"href":"https:\/\/www.carantaniatattoo.com\/de\/wp-json\/wp\/v2\/media\/61951"}],"wp:attachment":[{"href":"https:\/\/www.carantaniatattoo.com\/de\/wp-json\/wp\/v2\/media?parent=61930"}],"wp:term":[{"taxonomy":"product_brand","embeddable":true,"href":"https:\/\/www.carantaniatattoo.com\/de\/wp-json\/wp\/v2\/product_brand?post=61930"},{"taxonomy":"product_cat","embeddable":true,"href":"https:\/\/www.carantaniatattoo.com\/de\/wp-json\/wp\/v2\/product_cat?post=61930"},{"taxonomy":"product_tag","embeddable":true,"href":"https:\/\/www.carantaniatattoo.com\/de\/wp-json\/wp\/v2\/product_tag?post=61930"}],"curies":[{"name":"wp","href":"https:\/\/api.w.org\/{rel}","templated":true}]}}