{"id":62277,"date":"2025-08-04T12:39:32","date_gmt":"2025-08-04T12:39:32","guid":{"rendered":"https:\/\/www.carantaniatattoo.com\/trgovina\/nekategorizirano\/emalla-eliot-cartridge-round-liner-copy\/"},"modified":"2026-04-06T17:30:36","modified_gmt":"2026-04-06T17:30:36","slug":"emalla-eliot-cartridge-round-liner-copy","status":"publish","type":"product","link":"https:\/\/www.carantaniatattoo.com\/de\/trgovina\/igle-za-tetoviranje\/emalla-eliot-cartridge\/emaille-eliot-kartuschen-rundliner-2\/","title":{"rendered":"EMALLA ELIOT KARTUSCHE RUNDER LINER"},"content":{"rendered":"<p>Emalla Eliot-Patronennadeln mit weicher, verdickter Membran, ideal f\u00fcr alle Arten von Arbeiten, vom Zeichnen von Linien bis zum Malen.<\/p>\n<p>Steril und einzeln verpackt.<\/p>\n<p>Karton mit 20 St\u00fcck.<\/p>","protected":false},"excerpt":{"rendered":"<p>Emalla Elliot Cartridge<\/p>\n<p>Merkmale:<br \/>\n&#8211; Visokokakovostne igle iz nerjave\u010dega jekla, z ostrimi konicami in trdnim zvarom.<br \/>\n&#8211; Izjemno mo\u010dna in lahka plastika, ki jo uporabljajo tudi v medicini.<br \/>\n&#8211; Prilagodljiva troslojna membrana za dodatno varnost.<\/p>","protected":false},"featured_media":57077,"template":"","meta":{"_seopress_robots_primary_cat":"none","_seopress_titles_title":"EMALLA ELIOT CARTRIDGE ROUND LINER","_seopress_titles_desc":"Emalla Eliot kartu\u0161ne igle z mehko zgo\u0161\u010deno membrano, idealne za vse vrste dela, od ustvarjanja linij do barvanja. Sterilna in posami\u010dno pakirana. 20 kosov.","_seopress_robots_index":""},"product_brand":[],"product_cat":[513,197,485],"product_tag":[],"class_list":{"0":"post-62277","1":"product","2":"type-product","3":"status-publish","4":"has-post-thumbnail","6":"product_cat-emalla-eliot-cartridge","7":"product_cat-igle-za-tetoviranje","8":"product_cat-novosti","9":"entry","10":"has-media","12":"first","13":"instock","14":"sale","15":"taxable","16":"shipping-taxable","17":"purchasable","18":"product-type-variable"},"_links":{"self":[{"href":"https:\/\/www.carantaniatattoo.com\/de\/wp-json\/wp\/v2\/product\/62277","targetHints":{"allow":["GET"]}}],"collection":[{"href":"https:\/\/www.carantaniatattoo.com\/de\/wp-json\/wp\/v2\/product"}],"about":[{"href":"https:\/\/www.carantaniatattoo.com\/de\/wp-json\/wp\/v2\/types\/product"}],"version-history":[{"count":0,"href":"https:\/\/www.carantaniatattoo.com\/de\/wp-json\/wp\/v2\/product\/62277\/revisions"}],"wp:featuredmedia":[{"embeddable":true,"href":"https:\/\/www.carantaniatattoo.com\/de\/wp-json\/wp\/v2\/media\/57077"}],"wp:attachment":[{"href":"https:\/\/www.carantaniatattoo.com\/de\/wp-json\/wp\/v2\/media?parent=62277"}],"wp:term":[{"taxonomy":"product_brand","embeddable":true,"href":"https:\/\/www.carantaniatattoo.com\/de\/wp-json\/wp\/v2\/product_brand?post=62277"},{"taxonomy":"product_cat","embeddable":true,"href":"https:\/\/www.carantaniatattoo.com\/de\/wp-json\/wp\/v2\/product_cat?post=62277"},{"taxonomy":"product_tag","embeddable":true,"href":"https:\/\/www.carantaniatattoo.com\/de\/wp-json\/wp\/v2\/product_tag?post=62277"}],"curies":[{"name":"wp","href":"https:\/\/api.w.org\/{rel}","templated":true}]}}