{"id":62303,"date":"2025-08-05T07:46:27","date_gmt":"2025-08-05T07:46:27","guid":{"rendered":"https:\/\/www.carantaniatattoo.com\/trgovina\/nekategorizirano\/biotat-natural-numbing-tattoo-glide-envy-copy\/"},"modified":"2025-11-01T00:30:26","modified_gmt":"2025-11-01T00:30:26","slug":"biotat-natural-numbing-tattoo-glide-envy-copy","status":"publish","type":"product","link":"https:\/\/www.carantaniatattoo.com\/de\/trgovina\/hygiene\/vazelini\/biotat-naturliches-betaubendes-tattoo-glide-envy-2\/","title":{"rendered":"Biotat\u00ae Natural Numbing Tattoo Glide ENVY"},"content":{"rendered":"<p>Wie das klassische Biotat\u00ae Natural Numbing Tattoo Glide, jedoch mit einem Hauch von Gr\u00fcn.<\/p>\n<p>Die einzigartige Biotat\u00ae Natural Numbing vegane Salbe, die nur von Profis w\u00e4hrend des T\u00e4towiervorgangs zur Bet\u00e4ubung des Bereichs verwendet wird.<br \/>\nVerwenden Sie es wie jede Gleit- oder Prozessbutter mit dem zus\u00e4tzlichen Vorteil, dass es den Anwendungsbereich bet\u00e4ubt und gleichzeitig Schwellungen und R\u00f6tungen deutlich reduziert.<\/p>\n<p>Im Gegensatz zu Produkten auf Lidocain-Basis schwillt die Haut nicht an, was das T\u00e4towieren erschweren w\u00fcrde, und Ihr Kunde wird w\u00e4hrend des T\u00e4towiervorgangs entspannter sein.<\/p>\n<p>Der Schieber ist extrem leichtg\u00e4ngig und verstopft weder die Nadeln noch macht er das Getriebe kaputt. T\u00e4towierer sind K\u00fcnstler, die sauberes Gleiten lieben, da es eine pr\u00e4zisere Arbeit an Schwarz- und Graut\u00f6nen sowie helleren Farben erm\u00f6glicht.<\/p>\n<p>Biotat\u00ae ist weltweit f\u00fchrend bei Salben, die die Anwendungsstelle auf nat\u00fcrliche Weise bet\u00e4uben. Sie verwenden nur die besten Zutaten ohne k\u00fcnstliche Farb- und Duftstoffe sowie umweltfreundliche und benutzerfreundliche Materialien.<\/p>\n<p>&nbsp;<\/p>\n<p>GEBRAUCHSANWEISUNG:<\/p>\n<p>Wischen Sie nach Abschluss des Vorgangs den \u00dcberschuss ab. Nicht zur Pflege nach dem T\u00e4towieren verwenden.<\/p>\n<p>ENTH\u00c4LT:<br \/>\nMineral\u00f6l, mikrokristallines Wachs, Cera Microcristallina, Glycerin, Eugenia Caryophyllus (Nelken)-Knospen\u00f6l, Eugenol, Glykolipide, Lavandula Angustifolia-Kr\u00e4uter\u00f6l, Isoeugenol, Linalool, Geraniol, Limonen.<\/p>\n<p>WARNHINWEISE:<br \/>\nVon Kindern und Haustieren fernhalten. Augenpartie aussparen, bei Kontakt sofort mit Wasser aussp\u00fclen. Bei Verschlucken einen Arzt aufsuchen. Stellen Sie die Anwendung ein, wenn eine Hautreaktion auftritt. Nicht verwenden, wenn Sie empfindlich auf Eugenol reagieren.<\/p>\n<p>&nbsp;<\/p>\n<p>&nbsp;<\/p>","protected":false},"excerpt":{"rendered":"<p><strong>Was macht Biotat?<\/strong><br \/>\nUnter Nutzung der starken nat\u00fcrlichen bet\u00e4ubenden Eigenschaften von Nelken haben sie eine einzigartige Reihe branchenweit einzigartiger Produkte entwickelt, die den Bereich w\u00e4hrend und nach dem T\u00e4towiervorgang auf nat\u00fcrliche Weise bet\u00e4uben und reinigen. Gew\u00fcrznelken wurden sorgf\u00e4ltig ausgew\u00e4hlt, um \u00e4u\u00dferst wirksam zu sein, ohne Lidocain oder k\u00fcnstliche Duftstoffe. Nelken\u00f6l eignet sich hervorragend zur Reduzierung von R\u00f6tungen und Entz\u00fcndungen, au\u00dferdem wirkt es antibakteriell, antimykotisch und antiviral.<\/p>\n<p><strong>Hilft es wirklich?<\/strong><br \/>\nOh ja, Nelken sind sehr wirksam, haben nat\u00fcrliche entz\u00fcndungshemmende und schmerzlindernde Eigenschaften und haben ein breites Spektrum an antimikrobiellen\/reinigenden Wirkungen auf die Haut. Und das alles ohne Lidocain.<\/p>\n<p><strong>Was ist der Unterschied zwischen Butter und Slidern?<\/strong><br \/>\nDrsniki so mehkej\u0161i in se uporabljajo predvsem za postopek tetoviranja. Omogo\u010dajo lepo drsenje po ko\u017ei in olaj\u0161ajo brisanje \u010drnila.<br \/>\nMasla temeljijo na karitejevem maslu in se prav tako uporabljajo za postopek tetoviranja, hkrati pa so odli\u010dna tudi za nego po tetoviranju. Popolnoma druga\u010dna tekstura.<br \/>\nHibrid je na pol poti. Delno maslo in delno drsenje.<\/p>\n<p>&nbsp;<\/p>","protected":false},"featured_media":55362,"template":"","meta":{"_seopress_robots_primary_cat":"none","_seopress_titles_title":"Biotat\u00ae Natural Numbing Tattoo Glide ENVY","_seopress_titles_desc":"Biotat\u00ae Natural Numbing vegansko mazilo, omrtvi\u010di mesto nanosa. Mazilo, ki je uporabniku in okolju prijazno. Popolnoma naravno, brez umetnih dodatkov.","_seopress_robots_index":""},"product_brand":[],"product_cat":[206,477,485,243],"product_tag":[],"class_list":{"0":"post-62303","1":"product","2":"type-product","3":"status-publish","4":"has-post-thumbnail","6":"product_cat-higiena","7":"product_cat-izpostavljeni-izdelki","8":"product_cat-novosti","9":"product_cat-vazelini","10":"entry","11":"has-media","13":"first","14":"instock","15":"sale","16":"taxable","17":"shipping-taxable","18":"purchasable","19":"product-type-variable"},"_links":{"self":[{"href":"https:\/\/www.carantaniatattoo.com\/de\/wp-json\/wp\/v2\/product\/62303","targetHints":{"allow":["GET"]}}],"collection":[{"href":"https:\/\/www.carantaniatattoo.com\/de\/wp-json\/wp\/v2\/product"}],"about":[{"href":"https:\/\/www.carantaniatattoo.com\/de\/wp-json\/wp\/v2\/types\/product"}],"version-history":[{"count":0,"href":"https:\/\/www.carantaniatattoo.com\/de\/wp-json\/wp\/v2\/product\/62303\/revisions"}],"wp:featuredmedia":[{"embeddable":true,"href":"https:\/\/www.carantaniatattoo.com\/de\/wp-json\/wp\/v2\/media\/55362"}],"wp:attachment":[{"href":"https:\/\/www.carantaniatattoo.com\/de\/wp-json\/wp\/v2\/media?parent=62303"}],"wp:term":[{"taxonomy":"product_brand","embeddable":true,"href":"https:\/\/www.carantaniatattoo.com\/de\/wp-json\/wp\/v2\/product_brand?post=62303"},{"taxonomy":"product_cat","embeddable":true,"href":"https:\/\/www.carantaniatattoo.com\/de\/wp-json\/wp\/v2\/product_cat?post=62303"},{"taxonomy":"product_tag","embeddable":true,"href":"https:\/\/www.carantaniatattoo.com\/de\/wp-json\/wp\/v2\/product_tag?post=62303"}],"curies":[{"name":"wp","href":"https:\/\/api.w.org\/{rel}","templated":true}]}}