{"id":62444,"date":"2025-08-11T10:44:35","date_gmt":"2025-08-11T10:44:35","guid":{"rendered":"https:\/\/www.carantaniatattoo.com\/trgovina\/nekategorizirano\/easytattoo-tattoo-cream-copy\/"},"modified":"2025-11-21T09:26:57","modified_gmt":"2025-11-21T09:26:57","slug":"easytattoo-tattoo-cream-copy","status":"publish","type":"product","link":"https:\/\/www.carantaniatattoo.com\/de\/trgovina\/nega-koze-po-tetoviranju\/mazila\/easytattoo-tattoo-creme-2\/","title":{"rendered":"OTZI von EASYTATTOO\u00ae Tattoocreme"},"content":{"rendered":"<p><strong>OTZI von Easytattoo\u00ae TATTOO CREME<\/strong><\/p>\n<p>Die Creme von OTZI by Easytattoo\u00ae ist hypoallergen und feuchtigkeitsspendend und f\u00fcr alle Hauttypen geeignet.<br \/>\nDie spezielle Formel wurde speziell f\u00fcr neue T\u00e4towierungen entwickelt und reduziert Juckreiz und Reizungen. Panthenol ist ein Bestandteil von Vitamin B, das f\u00fcr unseren Organismus unbedingt notwendig ist. Beruhigt gereizte und brennende Haut.<br \/>\nAnwendung: Um eine optimale Wirkung zu erzielen, ist es nicht notwendig, viel Creme aufzutragen. Mindestens dreimal t\u00e4glich wird f\u00fcr mindestens 10 Tage eine d\u00fcnne Schicht Creme auf das Tattoo aufgetragen.<\/p>\n<p>Zutaten: Aqua (Wasser), Paraffinum liquidum (Mineral\u00f6l), Butyrospermum parkii (Sheabutter), oxidiertes Mais\u00f6l, Glycerin, Cera alba (Bienenwachs), Panthenol, Polyglyceryl-3, Methylglucosedisterat, Cetylpalmitat, Glycerylstearat, Peh- 100 Stearat, Cera microcristallina (mikrokristallines Wachs), Polyacrylamid, Paraffin, C13-14-Isoparaffin, Natriumbenzoat, Xanthangummi, Bisabolol, Kaliumcitrat, Zitronens\u00e4ure, Laureth-7, Prunus Armeniaca (Aprikosen)-Kern\u00f6l, Tetranatriumedta, Calendula officinalis Bl\u00fctenextrakt.<br \/>\nProduziert von: MBA, Frankreich<\/p>\n<p>&nbsp;<\/p>\n<p style=\"text-align: center;\"><em><strong>AKCIJA &#8211; ob nakupu 10. ali ve\u010d krem, Otzi by Easytattoo 50ml, n<\/strong><\/em><em><strong>udimo 25% popusta.<\/strong><\/em><\/p>","protected":false},"excerpt":{"rendered":"<p>OTZI by Easytattoo\u00ae TATTOO CREAM je krema razvita posebej nego sve\u017ee tetova\u017ee. Krema je veganska, hipoalergenska in vla\u017eilna ter primerna za vse vrste ko\u017ee.<br \/>\nOb pravilni uporabi zmanj\u0161uje srbe\u010dico in dra\u017eenje.<br \/>\nTanko plast kreme nanesemo na tattoo najmanj 3 krat na dan vsaj 10 dni.<br \/>\nHergestellt in Frankreich<\/p>\n<p>&nbsp;<\/p>","protected":false},"featured_media":52933,"template":"","meta":{"_seopress_robots_primary_cat":"none","_seopress_titles_title":"OTZI by Easytattoo\u00ae TATTOO CREAM 20ml\/50ml\/100ml","_seopress_titles_desc":"","_seopress_robots_index":""},"product_brand":[],"product_cat":[194,206,234,233,235],"product_tag":[],"class_list":{"0":"post-62444","1":"product","2":"type-product","3":"status-publish","4":"has-post-thumbnail","6":"product_cat-akcija","7":"product_cat-higiena","8":"product_cat-mazila","9":"product_cat-nega-koze-po-tetoviranju","10":"product_cat-za-nego-tattooja","11":"entry","12":"has-media","14":"first","15":"instock","16":"sale","17":"taxable","18":"shipping-taxable","19":"purchasable","20":"product-type-variable"},"_links":{"self":[{"href":"https:\/\/www.carantaniatattoo.com\/de\/wp-json\/wp\/v2\/product\/62444","targetHints":{"allow":["GET"]}}],"collection":[{"href":"https:\/\/www.carantaniatattoo.com\/de\/wp-json\/wp\/v2\/product"}],"about":[{"href":"https:\/\/www.carantaniatattoo.com\/de\/wp-json\/wp\/v2\/types\/product"}],"version-history":[{"count":0,"href":"https:\/\/www.carantaniatattoo.com\/de\/wp-json\/wp\/v2\/product\/62444\/revisions"}],"wp:featuredmedia":[{"embeddable":true,"href":"https:\/\/www.carantaniatattoo.com\/de\/wp-json\/wp\/v2\/media\/52933"}],"wp:attachment":[{"href":"https:\/\/www.carantaniatattoo.com\/de\/wp-json\/wp\/v2\/media?parent=62444"}],"wp:term":[{"taxonomy":"product_brand","embeddable":true,"href":"https:\/\/www.carantaniatattoo.com\/de\/wp-json\/wp\/v2\/product_brand?post=62444"},{"taxonomy":"product_cat","embeddable":true,"href":"https:\/\/www.carantaniatattoo.com\/de\/wp-json\/wp\/v2\/product_cat?post=62444"},{"taxonomy":"product_tag","embeddable":true,"href":"https:\/\/www.carantaniatattoo.com\/de\/wp-json\/wp\/v2\/product_tag?post=62444"}],"curies":[{"name":"wp","href":"https:\/\/api.w.org\/{rel}","templated":true}]}}