{"id":62548,"date":"2025-08-22T08:28:36","date_gmt":"2025-08-22T08:28:36","guid":{"rendered":"https:\/\/www.carantaniatattoo.com\/?post_type=product&#038;p=62548"},"modified":"2025-12-29T10:18:15","modified_gmt":"2025-12-29T10:18:15","slug":"bodysupply-rubber-cartridge-round-magnum","status":"publish","type":"product","link":"https:\/\/www.carantaniatattoo.com\/de\/trgovina\/igle-za-tetoviranje\/bodysupply-rubber-cartridge\/bodysupply-rubber-cartridge-round-magnum\/","title":{"rendered":"K\u00d6RPERVERSORGUNGS-GUMMIKARTUSCHE RUND MAGNUM"},"content":{"rendered":"<p>Diese Nadelmodule sind mit einer \u00e4u\u00dferst pr\u00e4zisen und hochwertigen Spitze ausgestattet, die die Nadel sehr stabil macht. F\u00fcr maximale Hygiene sind sie mit einer Sicherheitsmembran ausgestattet.<br \/>\nSie zeichnen sich durch ein elegantes Design und einen weichen Gummigriff aus, der f\u00fcr unvergleichlichen Komfort sorgt.<\/p>\n<p>Zum Einmalgebrauch und steril, einzeln verpackt.<\/p>\n<p>Die Box enth\u00e4lt 20 St\u00fcck.<\/p>","protected":false},"excerpt":{"rendered":"<p>Te kartu\u0161e igle so opremljene s konico izjemne natan\u010dnosti in kakovosti, zaradi \u010desar je igla zelo stabilna. Opremljene so z varnostno membrano za maksimalno higieno. Odlikujeta jih elegantna oblika in mehak gumijast ro\u010daj, ki zagotavlja neprimerljivo raven udobja. Za enkratno uporabo in sterilno, posami\u010dno pakiranje. \u0160katla vsebuje 20 kosov.<\/p>","protected":false},"featured_media":62551,"template":"","meta":{"_seopress_robots_primary_cat":"","_seopress_titles_title":"","_seopress_titles_desc":"","_seopress_robots_index":""},"product_brand":[],"product_cat":[514,197],"product_tag":[],"class_list":{"0":"post-62548","1":"product","2":"type-product","3":"status-publish","4":"has-post-thumbnail","6":"product_cat-bodysupply-rubber-cartridge","7":"product_cat-igle-za-tetoviranje","8":"entry","9":"has-media","11":"first","12":"instock","13":"sale","14":"taxable","15":"shipping-taxable","16":"purchasable","17":"product-type-variable"},"_links":{"self":[{"href":"https:\/\/www.carantaniatattoo.com\/de\/wp-json\/wp\/v2\/product\/62548","targetHints":{"allow":["GET"]}}],"collection":[{"href":"https:\/\/www.carantaniatattoo.com\/de\/wp-json\/wp\/v2\/product"}],"about":[{"href":"https:\/\/www.carantaniatattoo.com\/de\/wp-json\/wp\/v2\/types\/product"}],"version-history":[{"count":0,"href":"https:\/\/www.carantaniatattoo.com\/de\/wp-json\/wp\/v2\/product\/62548\/revisions"}],"wp:featuredmedia":[{"embeddable":true,"href":"https:\/\/www.carantaniatattoo.com\/de\/wp-json\/wp\/v2\/media\/62551"}],"wp:attachment":[{"href":"https:\/\/www.carantaniatattoo.com\/de\/wp-json\/wp\/v2\/media?parent=62548"}],"wp:term":[{"taxonomy":"product_brand","embeddable":true,"href":"https:\/\/www.carantaniatattoo.com\/de\/wp-json\/wp\/v2\/product_brand?post=62548"},{"taxonomy":"product_cat","embeddable":true,"href":"https:\/\/www.carantaniatattoo.com\/de\/wp-json\/wp\/v2\/product_cat?post=62548"},{"taxonomy":"product_tag","embeddable":true,"href":"https:\/\/www.carantaniatattoo.com\/de\/wp-json\/wp\/v2\/product_tag?post=62548"}],"curies":[{"name":"wp","href":"https:\/\/api.w.org\/{rel}","templated":true}]}}