{"id":62625,"date":"2025-08-25T09:02:12","date_gmt":"2025-08-25T09:02:12","guid":{"rendered":"https:\/\/www.carantaniatattoo.com\/trgovina\/nekategorizirano\/capillary-liner-20kom-copy\/"},"modified":"2026-01-06T07:56:07","modified_gmt":"2026-01-06T07:56:07","slug":"capillary-liner-20kom-copy","status":"publish","type":"product","link":"https:\/\/www.carantaniatattoo.com\/de\/trgovina\/igle-za-tetoviranje\/cheyenne-capillary-20kom\/kapillarliner-20-stk\/","title":{"rendered":"CHEYENNE CAPILLARY LINER 20 kom"},"content":{"rendered":"<h4>Kapillarliner 20 Stk<\/h4>\n<p>In der Nadelspitze befindet sich eine Kapillare mit einem Reservoir. Beim Bef\u00fcllen nehmen Kapillarkartuschen mehr Tinte auf als herk\u00f6mmliche Kartuschen. Das Ergebnis ist ein bis zu zehnmal l\u00e4ngerer Tintenfluss, bevor Sie die T\u00e4towiernadel in die Tintenkappe eintauchen. Eine verbesserte Nadelf\u00fchrung erm\u00f6glicht ein \u00e4u\u00dferst pr\u00e4zises Arbeiten in jede Richtung. Kapillarkartuschen sorgen f\u00fcr eine gleichm\u00e4\u00dfige Tintenverteilung auf allen einzelnen Nadeln, auch bei gro\u00dfen Magnum-Konfigurationen. Dadurch werden die Fl\u00e4chen gleichm\u00e4\u00dfig, zuverl\u00e4ssig und vor allem schneller gef\u00fcllt, was eine geringere Trauma f\u00fcr die t\u00e4towierte Haut bedeutet.<br \/>\nDie Nadeln sind steril verpackt und f\u00fcr den einmaligen Gebrauch bestimmt.<\/p>\n<p>PR\u00c4ZISIONSNADELN F\u00dcR L\u00c4NGEREN TINTENFLUSS<\/p>\n<ul>\n<li>Tank f\u00fcr bis zu 10-mal l\u00e4ngeren Tintenfluss<\/li>\n<li>verbesserte Nadelf\u00fchrung f\u00fcr ultrapr\u00e4zises Arbeiten<\/li>\n<li>Gleichm\u00e4\u00dfige Tintenverteilung aller einzelnen Tattoonadeln f\u00fcr bessere Ergebnisse und weniger Sch\u00e4den an der Haut<\/li>\n<li>mikroskopische 100%-Qualit\u00e4tskontrolle<\/li>\n<li>Farbige Spitzen zur einfachen Identifizierung der Nadelkonfiguration<\/li>\n<li>Die patentierte Sicherheitsmembran verhindert das Eindringen von Blut und die damit verbundene Kreuzkontamination<\/li>\n<li>Hergestellt nach der medizinischen Norm (ISO 13485) in Deutschland<\/li>\n<li>Die Dichtheit der Sicherheitsmembran in den Kartuschen entspricht den Anforderungen der europ\u00e4ischen Norm EN 17169<\/li>\n<\/ul>\n<p>In einer Packung mit 20 St\u00fcck.<br \/>\nHergestellt in Deutschland<\/p>","protected":false},"excerpt":{"rendered":"<p>In der Nadelspitze befindet sich eine Kapillare mit einem Reservoir. Beim Bef\u00fcllen nehmen Kapillarkartuschen mehr Tinte auf als herk\u00f6mmliche Kartuschen. Das Ergebnis ist ein bis zu zehnmal l\u00e4ngerer Tintenfluss, bevor Sie die T\u00e4towiernadel in die Tintenkappe eintauchen. Eine verbesserte Nadelf\u00fchrung erm\u00f6glicht ein \u00e4u\u00dferst pr\u00e4zises Arbeiten in jede Richtung. Kapillarkartuschen sorgen f\u00fcr eine gleichm\u00e4\u00dfige Tintenverteilung auf allen einzelnen Nadeln, auch bei gro\u00dfen Magnum-Konfigurationen. Dadurch werden die Fl\u00e4chen gleichm\u00e4\u00dfig, zuverl\u00e4ssig und vor allem schneller gef\u00fcllt, was eine geringere Trauma f\u00fcr die t\u00e4towierte Haut bedeutet.<br \/>\nDie Nadeln sind steril verpackt und f\u00fcr den einmaligen Gebrauch bestimmt.<\/p>","protected":false},"featured_media":35024,"template":"","meta":{"_seopress_robots_primary_cat":"none","_seopress_titles_title":"Capillary Liner 20 kom - Carantania Tattoo","_seopress_titles_desc":"Znotraj konice igle je kapilara z rezervoarjem. Med polnjenjem kapilarne kartu\u0161e absorbirajo ve\u010d \u010drnila kot obi\u010dajne kartu\u0161e.","_seopress_robots_index":""},"product_brand":[],"product_cat":[469,197],"product_tag":[],"class_list":{"0":"post-62625","1":"product","2":"type-product","3":"status-publish","4":"has-post-thumbnail","6":"product_cat-cheyenne-capillary-20kom","7":"product_cat-igle-za-tetoviranje","8":"entry","9":"has-media","11":"first","12":"instock","13":"sale","14":"taxable","15":"shipping-taxable","16":"purchasable","17":"product-type-variable"},"_links":{"self":[{"href":"https:\/\/www.carantaniatattoo.com\/de\/wp-json\/wp\/v2\/product\/62625","targetHints":{"allow":["GET"]}}],"collection":[{"href":"https:\/\/www.carantaniatattoo.com\/de\/wp-json\/wp\/v2\/product"}],"about":[{"href":"https:\/\/www.carantaniatattoo.com\/de\/wp-json\/wp\/v2\/types\/product"}],"version-history":[{"count":0,"href":"https:\/\/www.carantaniatattoo.com\/de\/wp-json\/wp\/v2\/product\/62625\/revisions"}],"wp:featuredmedia":[{"embeddable":true,"href":"https:\/\/www.carantaniatattoo.com\/de\/wp-json\/wp\/v2\/media\/35024"}],"wp:attachment":[{"href":"https:\/\/www.carantaniatattoo.com\/de\/wp-json\/wp\/v2\/media?parent=62625"}],"wp:term":[{"taxonomy":"product_brand","embeddable":true,"href":"https:\/\/www.carantaniatattoo.com\/de\/wp-json\/wp\/v2\/product_brand?post=62625"},{"taxonomy":"product_cat","embeddable":true,"href":"https:\/\/www.carantaniatattoo.com\/de\/wp-json\/wp\/v2\/product_cat?post=62625"},{"taxonomy":"product_tag","embeddable":true,"href":"https:\/\/www.carantaniatattoo.com\/de\/wp-json\/wp\/v2\/product_tag?post=62625"}],"curies":[{"name":"wp","href":"https:\/\/api.w.org\/{rel}","templated":true}]}}