{"id":62720,"date":"2025-08-26T07:14:57","date_gmt":"2025-08-26T07:14:57","guid":{"rendered":"https:\/\/www.carantaniatattoo.com\/trgovina\/nekategorizirano\/cheyenne-magnum-soft-edge-20kom-copy\/"},"modified":"2026-02-17T08:52:17","modified_gmt":"2026-02-17T08:52:17","slug":"cheyenne-magnum-soft-edge-20kom-copy","status":"publish","type":"product","link":"https:\/\/www.carantaniatattoo.com\/de\/trgovina\/igle-za-tetoviranje\/cheyenne-safety-cartridges-20kom\/cheyenne-magnum-soft-edge-20-stk\/","title":{"rendered":"CHEYENNE SAFETY  Soft Edge Magnum 20kom"},"content":{"rendered":"<h4>Cheyenne Magnum Soft Edge 20 Stk<\/h4>\n<p>Cheyenne \u2013 SICHERHEITSKARTUSCHEN speziell f\u00fcr Sie entwickelt. Durch die Verwendung von Cheyenne-Kartuschen sind die einzigen Grenzen die, die Sie selbst setzen! Es gibt 56 Konfigurationen von Cheyenne-T\u00e4towiermodulen, die jeden T\u00e4towierstil unterst\u00fctzen. Im Vergleich zu klassischen T\u00e4towiernadeln sind sie nicht nur einfacher zu verwenden, sondern bewegen sich beim T\u00e4towieren auch weniger, sodass Sie sich nur noch an Ihrer Perfektion erfreuen m\u00fcssen!<br \/>\nMit dem smarten Kartuschensystem der Cheyenne Sicherheitskartuschen sparen Sie Zeit, Platz, sorgen f\u00fcr ein h\u00f6heres Ma\u00df an Hygiene und wissen, dass jedes einzelne Modul in Deutschland montiert und gepr\u00fcft wird.<br \/>\nIn einer Packung mit 20 St\u00fcck.<br \/>\nHergestellt in Deutschland<\/p>","protected":false},"excerpt":{"rendered":"<h4>Cheyenne Magnum Soft Edge 20 Stk<\/h4>\n<p>Cheyenne &#8211; SAFETY CARTRIDGES<br \/>\nMit dem smarten Kartuschensystem der Cheyenne Sicherheitskartuschen sparen Sie Zeit, Platz, sorgen f\u00fcr ein h\u00f6heres Ma\u00df an Hygiene und wissen, dass jedes einzelne Modul in Deutschland montiert und gepr\u00fcft wird.<br \/>\nIn einer Packung mit 20 St\u00fcck.<\/p>","protected":false},"featured_media":35165,"template":"","meta":{"_seopress_robots_primary_cat":"none","_seopress_titles_title":"CHEYENNE Magnum Soft Edge 20kom","_seopress_titles_desc":"S kartu\u0161nim sistemom safety cartridges prihranite \u010das,prostor,poskrbite za vi\u0161ji nivo higijene in se zavedate,da je vsak posamezni modul sestavljen in pregledan","_seopress_robots_index":""},"product_brand":[],"product_cat":[293,197],"product_tag":[],"class_list":{"0":"post-62720","1":"product","2":"type-product","3":"status-publish","4":"has-post-thumbnail","6":"product_cat-cheyenne-safety-cartridges-20kom","7":"product_cat-igle-za-tetoviranje","8":"entry","9":"has-media","11":"first","12":"instock","13":"sale","14":"taxable","15":"shipping-taxable","16":"purchasable","17":"product-type-variable"},"_links":{"self":[{"href":"https:\/\/www.carantaniatattoo.com\/de\/wp-json\/wp\/v2\/product\/62720","targetHints":{"allow":["GET"]}}],"collection":[{"href":"https:\/\/www.carantaniatattoo.com\/de\/wp-json\/wp\/v2\/product"}],"about":[{"href":"https:\/\/www.carantaniatattoo.com\/de\/wp-json\/wp\/v2\/types\/product"}],"version-history":[{"count":0,"href":"https:\/\/www.carantaniatattoo.com\/de\/wp-json\/wp\/v2\/product\/62720\/revisions"}],"wp:featuredmedia":[{"embeddable":true,"href":"https:\/\/www.carantaniatattoo.com\/de\/wp-json\/wp\/v2\/media\/35165"}],"wp:attachment":[{"href":"https:\/\/www.carantaniatattoo.com\/de\/wp-json\/wp\/v2\/media?parent=62720"}],"wp:term":[{"taxonomy":"product_brand","embeddable":true,"href":"https:\/\/www.carantaniatattoo.com\/de\/wp-json\/wp\/v2\/product_brand?post=62720"},{"taxonomy":"product_cat","embeddable":true,"href":"https:\/\/www.carantaniatattoo.com\/de\/wp-json\/wp\/v2\/product_cat?post=62720"},{"taxonomy":"product_tag","embeddable":true,"href":"https:\/\/www.carantaniatattoo.com\/de\/wp-json\/wp\/v2\/product_tag?post=62720"}],"curies":[{"name":"wp","href":"https:\/\/api.w.org\/{rel}","templated":true}]}}