{"id":63448,"date":"2025-10-02T10:28:39","date_gmt":"2025-10-02T10:28:39","guid":{"rendered":"https:\/\/www.carantaniatattoo.com\/?post_type=product&#038;p=63448"},"modified":"2025-10-02T10:28:40","modified_gmt":"2025-10-02T10:28:40","slug":"xtreme-ink-dark-graywash-120ml-eu-reach","status":"publish","type":"product","link":"https:\/\/www.carantaniatattoo.com\/de\/trgovina\/tattoo-barve-eu\/xtreme-inc-2\/xtreme-ink-dark-graywash-120ml-eu-reach\/","title":{"rendered":"XTREME INK &#8211; DARK GRAYWASH &#8211; 120ML EU REACH"},"content":{"rendered":"<p>Zahvaljujo\u010d bogatim izku\u0161njam na podro\u010dju oblikovanja in proizvodnje pigmentov za tetoviranje, Xtreme proizvaja barve vrhunske kakovosti, ki so varnej\u0161e za uporabnike in okolje. Barve Xtreme Ink so bile razvite v skladu z najnovej\u0161imi predpisi REACH Evropske unije.<\/p>","protected":false},"excerpt":{"rendered":"<p>Zahvaljujo\u010d bogatim izku\u0161njam na podro\u010dju oblikovanja in proizvodnje pigmentov za tetoviranje, Xtreme proizvaja barve vrhunske kakovosti, ki so varnej\u0161e za uporabnike in okolje. Barve Xtreme Ink so bile razvite v skladu z najnovej\u0161imi predpisi REACH Evropske unije.<\/p>","protected":false},"featured_media":63450,"template":"","meta":{"_seopress_robots_primary_cat":"","_seopress_titles_title":"","_seopress_titles_desc":"","_seopress_robots_index":""},"product_brand":[],"product_cat":[493,516],"product_tag":[],"class_list":{"0":"post-63448","1":"product","2":"type-product","3":"status-publish","4":"has-post-thumbnail","6":"product_cat-tattoo-barve-eu","7":"product_cat-xtreme-ink","8":"entry","9":"has-media","11":"first","12":"instock","13":"sale","14":"taxable","15":"shipping-taxable","16":"purchasable","17":"product-type-simple"},"_links":{"self":[{"href":"https:\/\/www.carantaniatattoo.com\/de\/wp-json\/wp\/v2\/product\/63448","targetHints":{"allow":["GET"]}}],"collection":[{"href":"https:\/\/www.carantaniatattoo.com\/de\/wp-json\/wp\/v2\/product"}],"about":[{"href":"https:\/\/www.carantaniatattoo.com\/de\/wp-json\/wp\/v2\/types\/product"}],"version-history":[{"count":0,"href":"https:\/\/www.carantaniatattoo.com\/de\/wp-json\/wp\/v2\/product\/63448\/revisions"}],"wp:featuredmedia":[{"embeddable":true,"href":"https:\/\/www.carantaniatattoo.com\/de\/wp-json\/wp\/v2\/media\/63450"}],"wp:attachment":[{"href":"https:\/\/www.carantaniatattoo.com\/de\/wp-json\/wp\/v2\/media?parent=63448"}],"wp:term":[{"taxonomy":"product_brand","embeddable":true,"href":"https:\/\/www.carantaniatattoo.com\/de\/wp-json\/wp\/v2\/product_brand?post=63448"},{"taxonomy":"product_cat","embeddable":true,"href":"https:\/\/www.carantaniatattoo.com\/de\/wp-json\/wp\/v2\/product_cat?post=63448"},{"taxonomy":"product_tag","embeddable":true,"href":"https:\/\/www.carantaniatattoo.com\/de\/wp-json\/wp\/v2\/product_tag?post=63448"}],"curies":[{"name":"wp","href":"https:\/\/api.w.org\/{rel}","templated":true}]}}