{"id":44208,"date":"2022-09-27T11:30:43","date_gmt":"2022-09-27T11:30:43","guid":{"rendered":"https:\/\/www.carantaniatattoo.com\/?page_id=44208"},"modified":"2022-11-10T08:25:16","modified_gmt":"2022-11-10T08:25:16","slug":"novice","status":"publish","type":"page","link":"https:\/\/www.carantaniatattoo.com\/en\/news\/","title":{"rendered":"NEWS"},"content":{"rendered":"<div data-elementor-type=\"wp-page\" data-elementor-id=\"44208\" class=\"elementor elementor-44208\" data-elementor-post-type=\"page\">\n\t\t\t\t\t\t<section class=\"elementor-section elementor-top-section elementor-element elementor-element-1a09fdb elementor-section-boxed elementor-section-height-default elementor-section-height-default\" data-id=\"1a09fdb\" data-element_type=\"section\" data-settings=\"{&quot;jet_parallax_layout_list&quot;:[]}\">\n\t\t\t\t\t\t<div class=\"elementor-container elementor-column-gap-default\">\n\t\t\t\t\t<div class=\"elementor-column elementor-col-100 elementor-top-column elementor-element elementor-element-a070b5c\" data-id=\"a070b5c\" data-element_type=\"column\">\n\t\t\t<div class=\"elementor-widget-wrap elementor-element-populated\">\n\t\t\t\t\t\t<div class=\"elementor-element elementor-element-e3b46b7 elementor-widget elementor-widget-text-editor\" data-id=\"e3b46b7\" data-element_type=\"widget\" data-widget_type=\"text-editor.default\">\n\t\t\t\t<div class=\"elementor-widget-container\">\n\t\t\t\t\t\t\t\t\t<h1><strong>REACH REGULATION<\/strong><\/h1>\n<p>From <strong>January 4, 2022<\/strong>&nbsp;the regulation is in force<strong> REACH \u2013 use of tattoo inks\/mixtures.<\/strong> The new law, among other things, restricts the use of certain pigments and preservatives in tattoo ink. One of the prohibited substances is isopropanol. Inks containing this component must no longer be used from 4 January 2022 onwards.&nbsp;<\/p>\n<p>Pigments &quot;Blue 15:3&quot; and &quot;Green 7&quot; have a transitional period, namely up to <strong>January 2023<\/strong>.&nbsp;<\/p>\n<p><\/p>\n<p><strong>FOR YOUR KNOWLEDGE<\/strong><\/p>\n<p>The mentioned pigments (blue 15:3 and green 7) are also used in new tattoo compounds (new manufacturers&#039; collections) and will also be banned from January 2023.&nbsp;<strong><span style=\"font-family: 'Open Sans', sans-serif; font-size: 15px; font-style: normal; font-variant-ligatures: normal; font-variant-caps: normal; letter-spacing: 0.6px; color: var( --e-global-color-text ); background-color: rgba(242, 242, 242, 0); text-transform: var( --e-global-typography-703b45f-text-transform ); word-spacing: var( --e-global-typography-703b45f-word-spacing );\">New inks are still being developed and will replace existing ones&nbsp;<\/span><\/strong><span style=\"font-family: 'Open Sans', sans-serif; font-size: 15px; font-style: normal; font-variant-ligatures: normal; font-variant-caps: normal; letter-spacing: 0.6px; color: var( --e-global-color-text ); background-color: rgba(242, 242, 242, 0); text-transform: var( --e-global-typography-703b45f-text-transform ); word-spacing: var( --e-global-typography-703b45f-word-spacing );\">(also those located in new series, from January 2022).&nbsp;<\/span><\/p>\t\t\t\t\t\t\t\t<\/div>\n\t\t\t\t<\/div>\n\t\t\t\t\t<\/div>\n\t\t<\/div>\n\t\t\t\t\t<\/div>\n\t\t<\/section>\n\t\t\t\t<\/div>","protected":false},"excerpt":{"rendered":"<p>REACH UREDBA Od 4. januarja 2022&nbsp;je v veljavi uredba REACH &#8211; uporaba tattoo barv\/zmesi. Novi zakon, med drugim, omejuje uporabo nekaterih pigmentov in konzervansov v \u010drnilu za tetoviranje. Ena od prepovedanih snovi je izopropanol. \u010crnila, ki vsebujejo to komponento, ne smete ve\u010d uporabljati od 4. januarja 2022 dalje.&nbsp; Pigmenta &#8220;Modra 15:3&#8221; in &#8220;Zelena 7&#8221; imata [&hellip;]<\/p>","protected":false},"author":12,"featured_media":0,"parent":0,"menu_order":0,"comment_status":"closed","ping_status":"closed","template":"","meta":{"_seopress_robots_primary_cat":"","_seopress_titles_title":"NOVICE | Carantania Tattoo","_seopress_titles_desc":"","_seopress_robots_index":"","footnotes":""},"class_list":["post-44208","page","type-page","status-publish","hentry","entry"],"_links":{"self":[{"href":"https:\/\/www.carantaniatattoo.com\/en\/wp-json\/wp\/v2\/pages\/44208","targetHints":{"allow":["GET"]}}],"collection":[{"href":"https:\/\/www.carantaniatattoo.com\/en\/wp-json\/wp\/v2\/pages"}],"about":[{"href":"https:\/\/www.carantaniatattoo.com\/en\/wp-json\/wp\/v2\/types\/page"}],"author":[{"embeddable":true,"href":"https:\/\/www.carantaniatattoo.com\/en\/wp-json\/wp\/v2\/users\/12"}],"replies":[{"embeddable":true,"href":"https:\/\/www.carantaniatattoo.com\/en\/wp-json\/wp\/v2\/comments?post=44208"}],"version-history":[{"count":0,"href":"https:\/\/www.carantaniatattoo.com\/en\/wp-json\/wp\/v2\/pages\/44208\/revisions"}],"wp:attachment":[{"href":"https:\/\/www.carantaniatattoo.com\/en\/wp-json\/wp\/v2\/media?parent=44208"}],"curies":[{"name":"wp","href":"https:\/\/api.w.org\/{rel}","templated":true}]}}