{"id":25787,"date":"2017-01-17T14:34:36","date_gmt":"2017-01-17T14:34:36","guid":{"rendered":"https:\/\/www.ivh6.si\/Ponudbe\/tattoo\/izdelek\/ghost-magnum-035mm\/"},"modified":"2025-08-13T10:30:38","modified_gmt":"2025-08-13T10:30:38","slug":"ghost-magnum-035mm","status":"publish","type":"product","link":"https:\/\/www.carantaniatattoo.com\/en\/trgovina\/igle-za-tetoviranje\/ghost-cartridge-needles\/ghost-magnum-035mm\/","title":{"rendered":"GHOST Magnum 0.35mm"},"content":{"rendered":"<h4>GHOST Magnum 0.35mm<\/h4>\n<p>GHOST MAGNUM:<br \/>\nThe needles are collected in two rows. They are mostly used for mixing pigments and tattooing larger areas.<br \/>\nTwo different thicknesses are available; 30mm or 35mm.<\/p>\n<p>NEW cartridge tattoo needles with flexible safety seal and high-quality cartridge tattoo needle tips.<br \/>\nIn order to give you the best bang for your buck, we present the new GHOST Tattoo Needles.<br \/>\nThe cartridge system makes changing needles during tattooing quick and easy, leaving more time and concentration for artistic creation.<br \/>\nThere is a built-in safety seal that ensures that pigments\/colors cannot enter the motor of the machine, it also prevents contaminated germs, viruses and bacteria from passing through the seal, thus ensuring hygiene and safety against infections during tattooing.<br \/>\nSafe, durable and compatible with all tattoo machines that use cartridges.<\/p>\n<p>\u2013 no ink leaking from the cartridge,<br \/>\n- compatible with all cartridge tattoo machines and cartridge grips,<br \/>\n\u2013 durable and flexible safety seal,<br \/>\n\u2013 excellent quality of tattoo needle tips,<br \/>\n\u2013 materials used in healthcare,<br \/>\n\u2013 an excellent ratio between quality and price.<br \/>\nPackaging: 20 cartridges in a box<\/p>\n<p>&nbsp;<\/p>","protected":false},"excerpt":{"rendered":"<p>GHOST Magnum 0.35mm<br \/>\nNOVE igle za tetoviranje v kartu\u0161ah z vzdr\u017eljivim in fleksibilnim varnostnim tesnilom in visoko-kakovostnimi konicami tattoo igel v kartu\u0161ah.<br \/>\nSafe, durable and compatible with all tattoo machines that use cartridges.<br \/>\nPakiranje: 20 kartu\u0161 v \u0161katli.<\/p>\n<p>&nbsp;<\/p>","protected":false},"featured_media":35531,"template":"","meta":{"_seopress_robots_primary_cat":"none","_seopress_titles_title":"","_seopress_titles_desc":"","_seopress_robots_index":""},"product_brand":[],"product_cat":[262,197],"product_tag":[],"class_list":{"0":"post-25787","1":"product","2":"type-product","3":"status-publish","4":"has-post-thumbnail","6":"product_cat-ghost-cartridge-needles","7":"product_cat-igle-za-tetoviranje","8":"entry","9":"has-media","11":"first","12":"instock","13":"sale","14":"taxable","15":"shipping-taxable","16":"purchasable","17":"product-type-variable"},"_links":{"self":[{"href":"https:\/\/www.carantaniatattoo.com\/en\/wp-json\/wp\/v2\/product\/25787","targetHints":{"allow":["GET"]}}],"collection":[{"href":"https:\/\/www.carantaniatattoo.com\/en\/wp-json\/wp\/v2\/product"}],"about":[{"href":"https:\/\/www.carantaniatattoo.com\/en\/wp-json\/wp\/v2\/types\/product"}],"version-history":[{"count":0,"href":"https:\/\/www.carantaniatattoo.com\/en\/wp-json\/wp\/v2\/product\/25787\/revisions"}],"wp:featuredmedia":[{"embeddable":true,"href":"https:\/\/www.carantaniatattoo.com\/en\/wp-json\/wp\/v2\/media\/35531"}],"wp:attachment":[{"href":"https:\/\/www.carantaniatattoo.com\/en\/wp-json\/wp\/v2\/media?parent=25787"}],"wp:term":[{"taxonomy":"product_brand","embeddable":true,"href":"https:\/\/www.carantaniatattoo.com\/en\/wp-json\/wp\/v2\/product_brand?post=25787"},{"taxonomy":"product_cat","embeddable":true,"href":"https:\/\/www.carantaniatattoo.com\/en\/wp-json\/wp\/v2\/product_cat?post=25787"},{"taxonomy":"product_tag","embeddable":true,"href":"https:\/\/www.carantaniatattoo.com\/en\/wp-json\/wp\/v2\/product_tag?post=25787"}],"curies":[{"name":"wp","href":"https:\/\/api.w.org\/{rel}","templated":true}]}}