{"id":26001,"date":"2017-02-24T13:02:32","date_gmt":"2017-02-24T13:02:32","guid":{"rendered":"https:\/\/www.ivh6.si\/Ponudbe\/tattoo\/izdelek\/cheyenne-fixed-grip\/"},"modified":"2025-07-08T10:01:36","modified_gmt":"2025-07-08T10:01:36","slug":"cheyenne-fixed-grip","status":"publish","type":"product","link":"https:\/\/www.carantaniatattoo.com\/en\/trgovina\/strojcki-za-tetoviranje\/cheyenne\/cheyenne-fixed-grip\/","title":{"rendered":"CHEYENNE FIXED GRIP"},"content":{"rendered":"<p><strong>Cheyenne FIXED GRIP<\/strong> allows the use of Cheyenne needles in cartridges on all coil and rotary tattoo machines.<\/p>\n<p>Technical data:<\/p>\n<p>\u2013 Stainless steel<br \/>\n\u2013 Diameter: 19mm<br \/>\n\u2013 Not adjustable<br \/>\n\u2013 Includes three test modules<br \/>\n\u2013 Compatible with all coil and rotary machines<\/p>\n<p>The warranty is valid for 24 months, when using original Cheyenne brand equipment and Cheyenne tattoo cartridges.<br \/>\nMade in Germany!<\/p>\n<p>&nbsp;<\/p>","protected":false},"excerpt":{"rendered":"<p>Cheyenne FIXED GRIP omogo\u010da uporabo Cheyenne igel v kartu\u0161ah na vseh coil in rotary tattoo stroj\u010dkih.<br \/>\nThe warranty is valid for 24 months, when using original Cheyenne brand equipment and Cheyenne tattoo cartridges.<br \/>\nMade in Germany!<\/p>","protected":false},"featured_media":26003,"template":"","meta":{"_seopress_robots_primary_cat":"none","_seopress_titles_title":"","_seopress_titles_desc":"","_seopress_robots_index":""},"product_brand":[],"product_cat":[264,202],"product_tag":[],"class_list":{"0":"post-26001","1":"product","2":"type-product","3":"status-publish","4":"has-post-thumbnail","6":"product_cat-cheyenne","7":"product_cat-strojcki-za-tetoviranje","8":"entry","9":"has-media","11":"first","12":"instock","13":"sale","14":"taxable","15":"shipping-taxable","16":"purchasable","17":"product-type-simple"},"_links":{"self":[{"href":"https:\/\/www.carantaniatattoo.com\/en\/wp-json\/wp\/v2\/product\/26001","targetHints":{"allow":["GET"]}}],"collection":[{"href":"https:\/\/www.carantaniatattoo.com\/en\/wp-json\/wp\/v2\/product"}],"about":[{"href":"https:\/\/www.carantaniatattoo.com\/en\/wp-json\/wp\/v2\/types\/product"}],"version-history":[{"count":0,"href":"https:\/\/www.carantaniatattoo.com\/en\/wp-json\/wp\/v2\/product\/26001\/revisions"}],"wp:featuredmedia":[{"embeddable":true,"href":"https:\/\/www.carantaniatattoo.com\/en\/wp-json\/wp\/v2\/media\/26003"}],"wp:attachment":[{"href":"https:\/\/www.carantaniatattoo.com\/en\/wp-json\/wp\/v2\/media?parent=26001"}],"wp:term":[{"taxonomy":"product_brand","embeddable":true,"href":"https:\/\/www.carantaniatattoo.com\/en\/wp-json\/wp\/v2\/product_brand?post=26001"},{"taxonomy":"product_cat","embeddable":true,"href":"https:\/\/www.carantaniatattoo.com\/en\/wp-json\/wp\/v2\/product_cat?post=26001"},{"taxonomy":"product_tag","embeddable":true,"href":"https:\/\/www.carantaniatattoo.com\/en\/wp-json\/wp\/v2\/product_tag?post=26001"}],"curies":[{"name":"wp","href":"https:\/\/api.w.org\/{rel}","templated":true}]}}