{"id":28410,"date":"2017-07-31T09:34:51","date_gmt":"2017-07-31T09:34:51","guid":{"rendered":"https:\/\/www.ivh6.si\/Ponudbe\/tattoo\/izdelek\/sterilne-palcke-za-ink-mixer-30kom\/"},"modified":"2025-11-24T12:39:47","modified_gmt":"2025-11-24T12:39:47","slug":"sterilne-palcke-za-ink-mixer-30kom","status":"publish","type":"product","link":"https:\/\/www.carantaniatattoo.com\/en\/trgovina\/pripomocki-za-delo\/britvice-maske-palcke-predpasniki\/sterile-sticks-for-ink-mixer-30-pcs\/","title":{"rendered":"PAL\u010cKE ZA INK MIXER"},"content":{"rendered":"<p><strong>Pal\u010de za ink mixer<\/strong><\/p>\n<p>Quantity: 30 pcs<\/p>","protected":false},"excerpt":{"rendered":"<p>Sterilne pal\u010dke za ink mixer, pakirane posamezno v priro\u010dni embala\u017ei.<\/p>\n<p>Quantity: 30 pcs<\/p>","protected":false},"featured_media":28412,"template":"","meta":{"_seopress_robots_primary_cat":"none","_seopress_titles_title":"","_seopress_titles_desc":"","_seopress_robots_index":""},"product_brand":[],"product_cat":[222,209],"product_tag":[],"class_list":{"0":"post-28410","1":"product","2":"type-product","3":"status-publish","4":"has-post-thumbnail","6":"product_cat-britvice-maske-palcke-predpasniki","7":"product_cat-pripomocki-za-delo","8":"entry","9":"has-media","11":"first","12":"instock","13":"sale","14":"taxable","15":"shipping-taxable","16":"purchasable","17":"product-type-simple"},"_links":{"self":[{"href":"https:\/\/www.carantaniatattoo.com\/en\/wp-json\/wp\/v2\/product\/28410","targetHints":{"allow":["GET"]}}],"collection":[{"href":"https:\/\/www.carantaniatattoo.com\/en\/wp-json\/wp\/v2\/product"}],"about":[{"href":"https:\/\/www.carantaniatattoo.com\/en\/wp-json\/wp\/v2\/types\/product"}],"version-history":[{"count":0,"href":"https:\/\/www.carantaniatattoo.com\/en\/wp-json\/wp\/v2\/product\/28410\/revisions"}],"wp:featuredmedia":[{"embeddable":true,"href":"https:\/\/www.carantaniatattoo.com\/en\/wp-json\/wp\/v2\/media\/28412"}],"wp:attachment":[{"href":"https:\/\/www.carantaniatattoo.com\/en\/wp-json\/wp\/v2\/media?parent=28410"}],"wp:term":[{"taxonomy":"product_brand","embeddable":true,"href":"https:\/\/www.carantaniatattoo.com\/en\/wp-json\/wp\/v2\/product_brand?post=28410"},{"taxonomy":"product_cat","embeddable":true,"href":"https:\/\/www.carantaniatattoo.com\/en\/wp-json\/wp\/v2\/product_cat?post=28410"},{"taxonomy":"product_tag","embeddable":true,"href":"https:\/\/www.carantaniatattoo.com\/en\/wp-json\/wp\/v2\/product_tag?post=28410"}],"curies":[{"name":"wp","href":"https:\/\/api.w.org\/{rel}","templated":true}]}}