{"id":28425,"date":"2017-07-31T13:12:17","date_gmt":"2017-07-31T13:12:17","guid":{"rendered":"https:\/\/www.ivh6.si\/Ponudbe\/tattoo\/izdelek\/critical-atom-x-power-supply\/"},"modified":"2025-07-08T08:16:28","modified_gmt":"2025-07-08T08:16:28","slug":"critical-atom-x-power-supply","status":"publish","type":"product","link":"https:\/\/www.carantaniatattoo.com\/en\/trgovina\/napajalniki-stopalke-in-kabli\/napajalniki-za-tattoo-strojcke\/critical-atom-x-power-supply-2\/","title":{"rendered":"CRITICAL ATOM X"},"content":{"rendered":"<h3><strong>CRITICAL Atom X<\/strong><\/h3>\n<p>Technical data CRITICAL Atom X:<\/p>\n<p>The new ATOM X combines all kinds of useful functions in one. The LED lights change color depending on the voltage, while the voltage is displayed (compared to the previous ATOM model) on a bright display. Its base is magnetic, so you can place it against various magnetic objects. It is suitable for all coil and rotary tattoo machines, a quick start is enabled, which can be operated with the button on the adapter or via the pedal. Full control with digital microprocessor<\/p>\n<p>6 amp peak output current, 3 amp RMS continuous current<br \/>\nFootswitch switch button (no need for footswitch when starting continuous mode)<br \/>\nPrecisely regulated voltage 0-17vdc<br \/>\nBuilt-in short circuit protection<br \/>\n1 input resolution<br \/>\n2 voltage settings<br \/>\nUniversal input 110-240vac 50 \/ 60hz<br \/>\nAccepts standard dimensions of cables and pedals<br \/>\n2 year warranty<\/p>\n<h5>Made in ZD<em>Ah!<\/em><\/h5>","protected":false},"excerpt":{"rendered":"<h3><strong>CRITICAL Atom X<\/strong><\/h3>\n<p>Novi ATOM X zdru\u017euje vse vrste uporabnih funkcij v enem. LED lu\u010di spremenijo barvo glede na napetost, medtem ko je napetost prikazana (v primerjavi s prej\u0161njim modelom ATOM) na svetlem zaslonu. Njegovo dno je magnetno zato ga lahko prislonite na razne magnetne predmete. Primeren je za vse coil in rotacijske tattoo stroj\u010dke, omogo\u010den je hitri zagon, ki ga lahko upravljate s tipko na adapterju ali preko stopalke. Popolni nadzor z digitalnim mikroprocesorjem<br \/>\n2 years warranty<br \/>\nIzdelani v ZDA!<\/p>","protected":false},"featured_media":35420,"template":"","meta":{"_seopress_robots_primary_cat":"none","_seopress_titles_title":"","_seopress_titles_desc":"","_seopress_robots_index":""},"product_brand":[],"product_cat":[217,208],"product_tag":[],"class_list":{"0":"post-28425","1":"product","2":"type-product","3":"status-publish","4":"has-post-thumbnail","6":"product_cat-napajalniki-za-tattoo-strojcke","7":"product_cat-napajalniki-stopalke-in-kabli","8":"entry","9":"has-media","11":"first","12":"instock","13":"sale","14":"taxable","15":"shipping-taxable","16":"purchasable","17":"product-type-simple"},"_links":{"self":[{"href":"https:\/\/www.carantaniatattoo.com\/en\/wp-json\/wp\/v2\/product\/28425","targetHints":{"allow":["GET"]}}],"collection":[{"href":"https:\/\/www.carantaniatattoo.com\/en\/wp-json\/wp\/v2\/product"}],"about":[{"href":"https:\/\/www.carantaniatattoo.com\/en\/wp-json\/wp\/v2\/types\/product"}],"version-history":[{"count":0,"href":"https:\/\/www.carantaniatattoo.com\/en\/wp-json\/wp\/v2\/product\/28425\/revisions"}],"wp:featuredmedia":[{"embeddable":true,"href":"https:\/\/www.carantaniatattoo.com\/en\/wp-json\/wp\/v2\/media\/35420"}],"wp:attachment":[{"href":"https:\/\/www.carantaniatattoo.com\/en\/wp-json\/wp\/v2\/media?parent=28425"}],"wp:term":[{"taxonomy":"product_brand","embeddable":true,"href":"https:\/\/www.carantaniatattoo.com\/en\/wp-json\/wp\/v2\/product_brand?post=28425"},{"taxonomy":"product_cat","embeddable":true,"href":"https:\/\/www.carantaniatattoo.com\/en\/wp-json\/wp\/v2\/product_cat?post=28425"},{"taxonomy":"product_tag","embeddable":true,"href":"https:\/\/www.carantaniatattoo.com\/en\/wp-json\/wp\/v2\/product_tag?post=28425"}],"curies":[{"name":"wp","href":"https:\/\/api.w.org\/{rel}","templated":true}]}}